{"id":26873,"date":"2026-04-22T17:31:58","date_gmt":"2026-04-22T15:31:58","guid":{"rendered":"https:\/\/www.hotroastedlove.de\/hrl\/?post_type=product&#038;p=26873"},"modified":"2026-04-22T18:06:07","modified_gmt":"2026-04-22T16:06:07","slug":"varia-aura-wasserkocher-800ml","status":"publish","type":"product","link":"https:\/\/www.hotroastedlove.de\/hrl\/produkt\/varia-aura-wasserkocher-800ml\/","title":{"rendered":"VARIA AURA WASSERKOCHER 800ml"},"content":{"rendered":"<p>[spb_column width=&#8220;3\/4&#8243; el_position=&#8220;first last&#8220;] [spb_text_block pb_margin_bottom=&#8220;no&#8220; pb_border_bottom=&#8220;no&#8220; width=&#8220;1\/1&#8243; el_position=&#8220;first last&#8220;]\n<p><strong><span style=\"font-size: 14pt;\">VARIA AURA WATER KETTLE 800ML<br \/>\n<\/span><\/strong><\/p>\n<p data-start=\"0\" data-end=\"382\">Der Varia AURA Wasserkocher mit einem Fassungsverm\u00f6gen von 0,8 Litern vereint durchdachte Funktionalit\u00e4t mit komfortabler Bedienung. Die pr\u00e4zise Temperaturregelung erm\u00f6glicht eine optimale Zubereitung von Kaffee und Tee, w\u00e4hrend praktische Heizfunktionen daf\u00fcr sorgen, dass Wasser entweder schnell zum Kochen gebracht oder zuverl\u00e4ssig auf der gew\u00fcnschten Temperatur gehalten wird.<\/p>\n<p data-start=\"384\" data-end=\"650\">Der ergonomische Schwanenhals-Ausguss erlaubt ein besonders kontrolliertes und gleichm\u00e4\u00dfiges Ausgie\u00dfen \u2013 ideal f\u00fcr alle, die Wert auf eine pr\u00e4zise Zubereitung legen. Gleichzeitig sorgt das leistungsstarke Heizelement f\u00fcr ein schnelles und angenehm leises Erhitzen.<\/p>\n<p data-start=\"652\" data-end=\"946\">Mit dem Smart Wake-Up-Modus l\u00e4sst sich der Kochvorgang im Voraus planen &#8211; ok, die Funktion braucht man wahrscheinlich selten &#8211; aber hey, es gibt sie. Das integrierte OLED-Display zeigt alle wichtigen Informationen \u00fcbersichtlich in Echtzeit an und erm\u00f6glicht eine einfache Anpassung der Einstellungen.<\/p>\n<p data-start=\"948\" data-end=\"1293\" data-is-last-node=\"\" data-is-only-node=\"\">Auch in puncto Sicherheit \u00fcberzeugt der Wasserkocher: Ein Trockenlaufschutz sowie die automatische Abschaltung beim Abheben bieten zus\u00e4tzliche Sicherheit im Alltag. Die intuitive Steuerung erfolgt \u00fcber einen multifunktionalen Drehregler, und die Temperaturanzeige kann je nach Vorliebe flexibel zwischen Celsius und Fahrenheit umgestellt werden.<\/p>\n[\/spb_text_block] [\/spb_column]<\/p>\n","protected":false},"excerpt":{"rendered":"<p>[spb_column width=&#8220;1\/2&#8243; el_position=&#8220;first&#8220;] [spb_text_block pb_margin_bottom=&#8220;no&#8220; pb_border_bottom=&#8220;no&#8220; width=&#8220;1\/1&#8243; el_position=&#8220;first last&#8220;]<\/p>\n<p><strong><span style=\"font-size: 14pt;\">Fellow Stagg Pour Over Black Kettle<br \/>\n<\/span><\/strong><\/p>\n<p>Formsch\u00f6n, mattschwarz und mit zwei richtig coolen Features kommt der Stagg Hei\u00dfwassserbereiter von Fellow daher.<\/p>\n<p>Mit einem Thermometer im Deckel zeigt er dir an, wann das Wasser die richtige Temperatur f\u00fcr die Kaffeezubereitung erreicht hat.<br \/>\nZudem hat der Kessel ein zus\u00e4tzliches Gewicht im Griff versteckt und bietet so eine bessere Balance &#8211; super geeignet zum langsamen und gleichm\u00e4\u00dfigen gie\u00dfen.<\/p>\n<p>Der Fellow Stagg Kettle ist noch nicht so lange am Markt, hat aber in der Spezialt\u00e4tenkaffee-Szene schon eine breite Fangemeinde.<\/p>\n<p><a title=\"Instructions and Safety Guide\" href=\"http:\/\/fellowproducts.com\/wp-content\/uploads\/2016\/08\/NOTFORPRINTStagg1.3_Warnings_OLV6.pdf\" target=\"_blank\" rel=\"noopener noreferrer\">Instructions and Safety Guide<\/a><a title=\"Youtube Video Baratza Encore vs. Baratza Virtuoso\" href=\"http:\/\/youtu.be\/UnuVTLzjzmg\" target=\"_blank\" rel=\"noopener noreferrer\"><br \/>\n<\/a><\/p>\n<p>[\/spb_text_block] [\/spb_column] [spb_column width=&#8220;1\/2&#8243; el_position=&#8220;last&#8220;] [blank_spacer height=&#8220;30px&#8220; width=&#8220;1\/1&#8243; el_position=&#8220;first last&#8220;] [spb_video link=&#8220;https:\/\/youtu.be\/bjuIvcfNK-c?t=1m46s&#8220; full_width=&#8220;no&#8220; width=&#8220;1\/1&#8243; el_position=&#8220;first last&#8220;] [spb_text_block pb_margin_bottom=&#8220;no&#8220; pb_border_bottom=&#8220;no&#8220; width=&#8220;1\/1&#8243; el_position=&#8220;first last&#8220;]<\/p>\n<p>Video credits to <em>Eight Ounce Coffee<\/em><\/p>\n<p>[\/spb_text_block] [\/spb_column]<\/p>\n","protected":false},"featured_media":26877,"template":"","meta":[],"product_cat":[194],"product_tag":[513,244,988,514],"_links":{"self":[{"href":"https:\/\/www.hotroastedlove.de\/hrl\/wp-json\/wp\/v2\/product\/26873"}],"collection":[{"href":"https:\/\/www.hotroastedlove.de\/hrl\/wp-json\/wp\/v2\/product"}],"about":[{"href":"https:\/\/www.hotroastedlove.de\/hrl\/wp-json\/wp\/v2\/types\/product"}],"wp:featuredmedia":[{"embeddable":true,"href":"https:\/\/www.hotroastedlove.de\/hrl\/wp-json\/wp\/v2\/media\/26877"}],"wp:attachment":[{"href":"https:\/\/www.hotroastedlove.de\/hrl\/wp-json\/wp\/v2\/media?parent=26873"}],"wp:term":[{"taxonomy":"product_cat","embeddable":true,"href":"https:\/\/www.hotroastedlove.de\/hrl\/wp-json\/wp\/v2\/product_cat?post=26873"},{"taxonomy":"product_tag","embeddable":true,"href":"https:\/\/www.hotroastedlove.de\/hrl\/wp-json\/wp\/v2\/product_tag?post=26873"}],"curies":[{"name":"wp","href":"https:\/\/api.w.org\/{rel}","templated":true}]}}