{"id":26852,"date":"2026-04-17T15:23:11","date_gmt":"2026-04-17T13:23:11","guid":{"rendered":"https:\/\/www.hotroastedlove.de\/hrl\/?post_type=product&#038;p=26852"},"modified":"2026-04-17T15:48:13","modified_gmt":"2026-04-17T13:48:13","slug":"baratza-encore-2","status":"publish","type":"product","link":"https:\/\/www.hotroastedlove.de\/hrl\/produkt\/baratza-encore-2\/","title":{"rendered":"BARATZA ENCORE"},"content":{"rendered":"[spb_text_block pb_margin_bottom=&#8220;no&#8220; pb_border_bottom=&#8220;no&#8220; width=&#8220;1\/2&#8243; el_position=&#8220;first&#8220;]\n<p><strong><span style=\"font-size: 14pt;\">BARATZA ENCORE<br \/>\nAromaschonende Kaffeem\u00fchle mit Kegelmahlwerk<br \/>\n<\/span><\/strong><\/p>\n<p>Die Encore\u2122 ist die ideale M\u00fchle f\u00fcr den Einstieg in die Welt der Espresso- und Filterkaffeezubereitung.<\/p>\n<p>Die Encore\u2122 f\u00fchrt regelm\u00e4\u00dfig die Ranglisten der \u201ebesten Kaffeem\u00fchlen\u201c in ihrer Preiskategorie an, dank ihrer ausgewogenen Kombination aus Qualit\u00e4t, Preis-Leistungs-Verh\u00e4ltnis und Benutzerfreundlichkeit.<\/p>\n<p>Mit 40 individuellen Mahlstufen l\u00e4sst sich die Encore\u2122 durch einfaches Drehen des Trichters von einer groben Einstellung f\u00fcr Cold Brew bis hin zu einer feinen Einstellung f\u00fcr Espresso einstellen.<\/p>\n<p>Bei sachgem\u00e4\u00dfer Pflege und Nutzung sind die Komponenten der Encore\u2122 f\u00fcr eine lange Lebensdauer ausgelegt.<\/p>\n<p><strong>Eignung f\u00fcr:<br \/>\n<\/strong>Espresso &#8211;\u00a0 gut<br \/>\nBr\u00fchkaffee &#8211; gut bis sehr gut<\/p>\n[\/spb_text_block] [spb_single_image image=&#8220;12623&#8243; image_size=&#8220;full&#8220; frame=&#8220;glowframe&#8220; intro_animation=&#8220;none&#8220; full_width=&#8220;no&#8220; lightbox=&#8220;yes&#8220; link_target=&#8220;_self&#8220; width=&#8220;1\/2&#8243; el_position=&#8220;last&#8220;]\n","protected":false},"excerpt":{"rendered":"<p>[spb_text_block pb_margin_bottom=&#8220;no&#8220; pb_border_bottom=&#8220;no&#8220; width=&#8220;1\/2&#8243; el_position=&#8220;first&#8220;]<\/p>\n<p><strong><span style=\"font-size: 14pt;\">BARATZA ENCORE\u2122<br \/>\nAromaschonende Kaffeem\u00fchle mit Kegelmahlwerk<br \/>\n<\/span><\/strong><\/p>\n<p>Die Encore\u2122 ist die ideale M\u00fchle f\u00fcr den Einstieg in die Welt der anspruchsvollen Kaffeezubereitung.<\/p>\n<p>Die in 40 Schritte eingeteilte Mahlgradeinstellung erm\u00f6glicht konstante, wiederholbare Mahlergebnisse f\u00fcr alle Br\u00fchmethoden. F\u00fcr das Mahlen direkt in den Siebtr\u00e4ger ist die M\u00fchle mit einer an der Vorderseite platzierten Pulse-Taste ausgestattet.<\/p>\n<p>Der leistungsstarke Gleichstrom-Motor in Verbindung mit der Kombination aus elektronischer Drehzahlregelung und Getriebeuntersetzung erm\u00f6glicht einen ger\u00e4uscharmen und trotzdem kraftvollen Mahlvorgang. Die geringe Drehzahl von 450 U\/min sorgt f\u00fcr eine aromaschonende Vermahlung.<\/p>\n<p><strong>Eignung f\u00fcr:<br \/>\n<\/strong>Espresso &#8211; gut bis sehr gut<br \/>\nBr\u00fchkaffee &#8211; gut bis sehr gut<\/p>\n<p><a title=\"Baratza Grinding Tipps\" href=\"https:\/\/www.baratza.com\/grinding-tips\/\">Baratza Grinding Tipps<\/a><a title=\"Bedienungsanleitung Baratza Virtuoso\" href=\"http:\/\/www.baratza.com\/wp-content\/uploads\/2016\/03\/manual-sette270w-de.pdf\" target=\"_blank\" rel=\"noopener\"><br \/>\n<\/a><a title=\"Bedienungsanleitung Baratza Encore\" href=\"http:\/\/www.baratza.com\/wp-content\/uploads\/2015\/07\/Encore-Manual-DE-v2.1-SS.pdf\">Bedienungsanleitung (Deutsch)<\/a><a title=\"Youtube Video Baratza Encore vs. Baratza Virtuoso\" href=\"http:\/\/youtu.be\/UnuVTLzjzmg\" target=\"_blank\" rel=\"noopener\"><br \/>\n<\/a><a href=\"http:\/\/youtu.be\/UnuVTLzjzmg\" target=\"_blank\" rel=\"noopener\">Baratza Encoure vs. Baratza Virtuoso<\/a> <img decoding=\"async\" loading=\"lazy\" class=\" size-full wp-image-12660 alignnone\" src=\"https:\/\/www.hotroastedlove.de\/hrl\/wp-content\/uploads\/youtube_icon.png\" alt=\"youtube_icon\" width=\"49\" height=\"20\" \/><a title=\"Youtube Video Baratza Encore vs. Baratza Virtuoso\" href=\"http:\/\/youtu.be\/UnuVTLzjzmg\" target=\"_blank\" rel=\"noopener\"><br \/>\n<\/a><\/p>\n<p>[\/spb_text_block] [spb_single_image image=&#8220;12623&#8243; image_size=&#8220;full&#8220; frame=&#8220;glowframe&#8220; intro_animation=&#8220;none&#8220; full_width=&#8220;no&#8220; lightbox=&#8220;yes&#8220; link_target=&#8220;_self&#8220; width=&#8220;1\/2&#8243; el_position=&#8220;last&#8220;]<\/p>\n","protected":false},"featured_media":26853,"template":"","meta":[],"product_cat":[194],"product_tag":[253,254,231,236,240,255,244],"_links":{"self":[{"href":"https:\/\/www.hotroastedlove.de\/hrl\/wp-json\/wp\/v2\/product\/26852"}],"collection":[{"href":"https:\/\/www.hotroastedlove.de\/hrl\/wp-json\/wp\/v2\/product"}],"about":[{"href":"https:\/\/www.hotroastedlove.de\/hrl\/wp-json\/wp\/v2\/types\/product"}],"wp:featuredmedia":[{"embeddable":true,"href":"https:\/\/www.hotroastedlove.de\/hrl\/wp-json\/wp\/v2\/media\/26853"}],"wp:attachment":[{"href":"https:\/\/www.hotroastedlove.de\/hrl\/wp-json\/wp\/v2\/media?parent=26852"}],"wp:term":[{"taxonomy":"product_cat","embeddable":true,"href":"https:\/\/www.hotroastedlove.de\/hrl\/wp-json\/wp\/v2\/product_cat?post=26852"},{"taxonomy":"product_tag","embeddable":true,"href":"https:\/\/www.hotroastedlove.de\/hrl\/wp-json\/wp\/v2\/product_tag?post=26852"}],"curies":[{"name":"wp","href":"https:\/\/api.w.org\/{rel}","templated":true}]}}