{"id":26694,"date":"2026-02-22T12:14:35","date_gmt":"2026-02-22T11:14:35","guid":{"rendered":"https:\/\/www.hotroastedlove.de\/hrl\/?post_type=product&#038;p=26694"},"modified":"2026-02-22T12:42:06","modified_gmt":"2026-02-22T11:42:06","slug":"timemore-fish-smart-electric-coffee-kettle-600ml","status":"publish","type":"product","link":"https:\/\/www.hotroastedlove.de\/hrl\/produkt\/timemore-fish-smart-electric-coffee-kettle-600ml\/","title":{"rendered":"TIMEMORE FISH SMART ELECTRIC COFFEE KETTLE 600ML"},"content":{"rendered":"<p>[spb_column width=&#8220;3\/4&#8243; el_position=&#8220;first last&#8220;] [spb_text_block pb_margin_bottom=&#8220;no&#8220; pb_border_bottom=&#8220;no&#8220; width=&#8220;1\/1&#8243; el_position=&#8220;first last&#8220;]\n<p><strong><span style=\"font-size: 14pt;\">TIMEMORE FISH SMART ELECTRIC COFFEE KETTLE 600ML<br \/>\n<\/span><\/strong><\/p>\n<p><strong>Hochwertige Materialien<\/strong><\/p>\n<p>Dieser Wasserkocher aus lebensmittelechtem Edelstahl 304 garantiert Sicherheit und Langlebigkeit. Er ist auf Effizienz ausgelegt und kann Wasser \u2013 schneller als die meisten anderen Wasserkocher auf dem Markt erhitzen. Dank Trockengehschutz schaltet er sich automatisch ab, wenn kein Wasser erkannt wird.<\/p>\n<p><strong>Pr\u00e4ziser Wasserfluss<\/strong><\/p>\n<p>Dank des patentierten Schwanenhalsauslaufs k\u00f6nnen selbst Einsteiger einen feinen, gleichm\u00e4\u00dfigen 90\u00b0-Vertikalauslauf erzielen. Perfekt f\u00fcr die Steuerung der Durchflussmenge beim Aufbr\u00fchen von Filterkaffee.<\/p>\n<p><strong>Erweiterte Temperaturregelung<\/strong><\/p>\n<p>Mit dem integrierten STRIX-Controller k\u00f6nnen Sie die Temperatur pr\u00e4zise auf jeden Wert zwischen 40 \u00b0C und 100 \u00b0C mit einer Genauigkeit von 1 \u00b0C einstellen. Das Dual-Display zeigt die tats\u00e4chliche und die Solltemperatur in Echtzeit an. Verwenden Sie den HOLD-Modus, um die gew\u00fcnschte Temperatur automatisch aufrechtzuerhalten.<\/p>\n<p><strong>Vielseitige Br\u00fchoptionen<\/strong><\/p>\n<p>Erzielen Sie perfekte Ergebnisse f\u00fcr verschiedene Br\u00fchmethoden:<\/p>\n<p>Pour-over: 92\u201396 \u00b0C f\u00fcr helle R\u00f6stung, 90\u201392 \u00b0C f\u00fcr mittlere R\u00f6stung\u00a0 und 85\u201390 \u00b0C f\u00fcr dunkle R\u00f6stung.<\/p>\n<p>Home Edition: 600 ml, 1000 W, maximaler Wasserstand: 560 ml.<\/p>\n[\/spb_text_block] [\/spb_column]<\/p>\n","protected":false},"excerpt":{"rendered":"<p>[spb_column width=&#8220;1\/2&#8243; el_position=&#8220;first&#8220;] [spb_text_block pb_margin_bottom=&#8220;no&#8220; pb_border_bottom=&#8220;no&#8220; width=&#8220;1\/1&#8243; el_position=&#8220;first last&#8220;]<\/p>\n<p><strong><span style=\"font-size: 14pt;\">Fellow Stagg Pour Over Black Kettle<br \/>\n<\/span><\/strong><\/p>\n<p>Formsch\u00f6n, mattschwarz und mit zwei richtig coolen Features kommt der Stagg Hei\u00dfwassserbereiter von Fellow daher.<\/p>\n<p>Mit einem Thermometer im Deckel zeigt er dir an, wann das Wasser die richtige Temperatur f\u00fcr die Kaffeezubereitung erreicht hat.<br \/>\nZudem hat der Kessel ein zus\u00e4tzliches Gewicht im Griff versteckt und bietet so eine bessere Balance &#8211; super geeignet zum langsamen und gleichm\u00e4\u00dfigen gie\u00dfen.<\/p>\n<p>Der Fellow Stagg Kettle ist noch nicht so lange am Markt, hat aber in der Spezialt\u00e4tenkaffee-Szene schon eine breite Fangemeinde.<\/p>\n<p><a title=\"Instructions and Safety Guide\" href=\"http:\/\/fellowproducts.com\/wp-content\/uploads\/2016\/08\/NOTFORPRINTStagg1.3_Warnings_OLV6.pdf\" target=\"_blank\" rel=\"noopener noreferrer\">Instructions and Safety Guide<\/a><a title=\"Youtube Video Baratza Encore vs. Baratza Virtuoso\" href=\"http:\/\/youtu.be\/UnuVTLzjzmg\" target=\"_blank\" rel=\"noopener noreferrer\"><br \/>\n<\/a><\/p>\n<p>[\/spb_text_block] [\/spb_column] [spb_column width=&#8220;1\/2&#8243; el_position=&#8220;last&#8220;] [blank_spacer height=&#8220;30px&#8220; width=&#8220;1\/1&#8243; el_position=&#8220;first last&#8220;] [spb_video link=&#8220;https:\/\/youtu.be\/bjuIvcfNK-c?t=1m46s&#8220; full_width=&#8220;no&#8220; width=&#8220;1\/1&#8243; el_position=&#8220;first last&#8220;] [spb_text_block pb_margin_bottom=&#8220;no&#8220; pb_border_bottom=&#8220;no&#8220; width=&#8220;1\/1&#8243; el_position=&#8220;first last&#8220;]<\/p>\n<p>Video credits to <em>Eight Ounce Coffee<\/em><\/p>\n<p>[\/spb_text_block] [\/spb_column]<\/p>\n","protected":false},"featured_media":26696,"template":"","meta":[],"product_cat":[194],"product_tag":[513,244,629,514],"_links":{"self":[{"href":"https:\/\/www.hotroastedlove.de\/hrl\/wp-json\/wp\/v2\/product\/26694"}],"collection":[{"href":"https:\/\/www.hotroastedlove.de\/hrl\/wp-json\/wp\/v2\/product"}],"about":[{"href":"https:\/\/www.hotroastedlove.de\/hrl\/wp-json\/wp\/v2\/types\/product"}],"wp:featuredmedia":[{"embeddable":true,"href":"https:\/\/www.hotroastedlove.de\/hrl\/wp-json\/wp\/v2\/media\/26696"}],"wp:attachment":[{"href":"https:\/\/www.hotroastedlove.de\/hrl\/wp-json\/wp\/v2\/media?parent=26694"}],"wp:term":[{"taxonomy":"product_cat","embeddable":true,"href":"https:\/\/www.hotroastedlove.de\/hrl\/wp-json\/wp\/v2\/product_cat?post=26694"},{"taxonomy":"product_tag","embeddable":true,"href":"https:\/\/www.hotroastedlove.de\/hrl\/wp-json\/wp\/v2\/product_tag?post=26694"}],"curies":[{"name":"wp","href":"https:\/\/api.w.org\/{rel}","templated":true}]}}