{"id":26651,"date":"2026-02-11T13:05:27","date_gmt":"2026-02-11T12:05:27","guid":{"rendered":"https:\/\/www.hotroastedlove.de\/hrl\/?post_type=product&#038;p=26651"},"modified":"2026-02-11T13:09:05","modified_gmt":"2026-02-11T12:09:05","slug":"feitoria-do-cacao-pastel-de-nata-57","status":"publish","type":"product","link":"https:\/\/www.hotroastedlove.de\/hrl\/produkt\/feitoria-do-cacao-pastel-de-nata-57\/","title":{"rendered":"FEITORIA DO CACAO PASTEL DE NATA 57%"},"content":{"rendered":"<p>[spb_column width=&#8220;1\/1&#8243; el_position=&#8220;first last&#8220;] [\/spb_column]<\/p>\n","protected":false},"excerpt":{"rendered":"<p>[spb_column width=&#8220;1\/1&#8243; el_position=&#8220;first last&#8220;] [spb_text_block pb_margin_bottom=&#8220;no&#8220; pb_border_bottom=&#8220;no&#8220; width=&#8220;2\/3&#8243; el_position=&#8220;first last&#8220;]<\/p>\n<p><strong><span style=\"font-size: 14pt;\">Sourdough &amp; Sea Salt 66%<br \/>\n<\/span><\/strong><\/p>\n<p>Die einzigartige Kombination der beiden Pump Street Bakery Signature-Produkte: dunkle Schokolade und Sauerteig.<br \/>\n<strong>Sauerteig Kruste, ein Hauch von Meersalz und darauf abgestimmte ecuadorianische Kakaobohnen<\/strong> geben der Schokolade einen feinen Crunch und einen malzigen Geschmack mit gro\u00dfartigem Schmelz. Sehr harmonische Aromenkomposition. <strong>Wow!!<\/strong><\/p>\n<p><strong>Auszeichnungen f\u00fcr diese Schokolade:<\/strong><\/p>\n<ul>\n<li>International Chocolate Awards 2015<\/li>\n<li>World Silver &amp; British Silver, Academy of Chocolate 2015 &#8211; Best Flavoured Dark Chocolate Bar<\/li>\n<li>Bronze &amp; Great Taste Awards 2015<\/li>\n<li>1 Gold Star<\/li>\n<\/ul>\n<p>&nbsp;<\/p>\n<p>[\/spb_text_block] [divider type=&#8220;standard&#8220; text=&#8220;Go to top&#8220; full_width=&#8220;no&#8220; width=&#8220;1\/1&#8243; el_position=&#8220;first last&#8220;] [spb_text_block pb_margin_bottom=&#8220;no&#8220; pb_border_bottom=&#8220;no&#8220; width=&#8220;1\/2&#8243; el_position=&#8220;first&#8220;]<\/p>\n<p><strong><span style=\"font-size: 14pt;\">\u00dcber Pump Street Bakery<br \/>\n<\/span><\/strong><\/p>\n<p>Pump Street Bakery ist eine kleine, familiengef\u00fchrte B\u00e4ckerei in Orford bei Suffolk in England, die Ihr Handwerk &#8211; vor allem in der Herstellung von Sauerteig auf der eine Seite und Schokolade auf der anderen Seite &#8211; perfektioniert hat.<\/p>\n<p>Chris Brennan und seine Tochter Joanna beziehen ihre Kakaobohnen direkt von familiengef\u00fchrten Farmen und Kooperativen f\u00fcr die Produktion sehr kleiner Einheiten gro\u00dfartiger handgemachter (Single Origin) Bean-To-Bar-Schokolade.\u00a0Von der Bohne bis zur fertigen Schokolade alles aus einer Hand.<\/p>\n<p>Viele ihrer Schokoladen wurden national und international ausgezeichnet.<br \/>\nUnter anderem mit dem bzw. vom <em>Great Taste Award<\/em>, der <em>Academy of Chocolate<\/em> und den <em>Chocolate Awards. &gt; <a title=\"Zu Pump Street Bakery\" href=\"http:\/\/www.pumpstreetbakery.com\/chocolate\" target=\"_blank\" rel=\"noopener noreferrer\">mehr Infos<\/a><\/em><\/p>\n<p>[\/spb_text_block] [spb_single_image image=&#8220;14196&#8243; image_size=&#8220;full&#8220; frame=&#8220;noframe&#8220; intro_animation=&#8220;none&#8220; full_width=&#8220;no&#8220; lightbox=&#8220;yes&#8220; link_target=&#8220;_self&#8220; width=&#8220;1\/2&#8243; el_position=&#8220;last&#8220;] [\/spb_column]<\/p>\n","protected":false},"featured_media":26659,"template":"","meta":[],"product_cat":[337],"product_tag":[396,986,985,395],"_links":{"self":[{"href":"https:\/\/www.hotroastedlove.de\/hrl\/wp-json\/wp\/v2\/product\/26651"}],"collection":[{"href":"https:\/\/www.hotroastedlove.de\/hrl\/wp-json\/wp\/v2\/product"}],"about":[{"href":"https:\/\/www.hotroastedlove.de\/hrl\/wp-json\/wp\/v2\/types\/product"}],"wp:featuredmedia":[{"embeddable":true,"href":"https:\/\/www.hotroastedlove.de\/hrl\/wp-json\/wp\/v2\/media\/26659"}],"wp:attachment":[{"href":"https:\/\/www.hotroastedlove.de\/hrl\/wp-json\/wp\/v2\/media?parent=26651"}],"wp:term":[{"taxonomy":"product_cat","embeddable":true,"href":"https:\/\/www.hotroastedlove.de\/hrl\/wp-json\/wp\/v2\/product_cat?post=26651"},{"taxonomy":"product_tag","embeddable":true,"href":"https:\/\/www.hotroastedlove.de\/hrl\/wp-json\/wp\/v2\/product_tag?post=26651"}],"curies":[{"name":"wp","href":"https:\/\/api.w.org\/{rel}","templated":true}]}}