{"id":26516,"date":"2026-01-05T12:23:55","date_gmt":"2026-01-05T11:23:55","guid":{"rendered":"https:\/\/www.hotroastedlove.de\/hrl\/?post_type=product&#038;p=26516"},"modified":"2026-01-05T12:53:37","modified_gmt":"2026-01-05T11:53:37","slug":"subminimal-nanofoamer-v2-black","status":"publish","type":"product","link":"https:\/\/www.hotroastedlove.de\/hrl\/produkt\/subminimal-nanofoamer-v2-black\/","title":{"rendered":"SUBMINIMAL NANOFOAMER V2 BLACK"},"content":{"rendered":"[spb_text_block pb_margin_bottom=&#8220;no&#8220; pb_border_bottom=&#8220;no&#8220; width=&#8220;1\/1&#8243; el_position=&#8220;first last&#8220;]\n<p><span style=\"font-size: 14pt;\"><strong>SUBMINIMAL NANOFOAMER V2 BLACK<\/strong><\/span><\/p>\n<p><strong><span style=\"font-size: 14pt;\">Professioneller Milchschaum in Latte Art Qualit\u00e4t.<\/span><br \/>\n<\/strong><\/p>\n<p>Der pr\u00e4zise gefertigte Nanofoamer verf\u00fcgt \u00fcber einen innovativen Aufsch\u00e4ummechanismus, der mikroskopisch kleine Bl\u00e4schen, sogenannten Mikroschaum erzeugt &#8211; f\u00fcr eine lebendige und professionelle Textur. Egal, ob f\u00fcr Cappuccino, Latte oder Matcha Latte, dieses bemerkenswerte Ger\u00e4t liefert Mikroschaum in Latte Art Qualit\u00e4t.<\/p>\n<p>Der Nanofoamer fnktioniert mit Kuhmilch und Milchalternativen.<br \/>\nDie Reinigung geht schnell und einfach. <i><\/i><\/p>\n<p>Die zwei beiliegende Siebaus\u00e4tze produziere d\u00fcnneren oder dickeren Schaum &#8211; je nach Vorliebe.<\/p>\n[\/spb_text_block]\n","protected":false},"excerpt":{"rendered":"<p>[spb_text_block pb_margin_bottom=&#8220;no&#8220; pb_border_bottom=&#8220;no&#8220; width=&#8220;1\/2&#8243; el_position=&#8220;first&#8220;]<\/p>\n<h3><strong><span style=\"font-size: 14pt;\">Der Aufbau des Hario V60<\/span><\/strong><\/h3>\n<p>Raffinessen dieses Filters im Detail:<br \/>\n<strong>V<\/strong> = Kegelform mit<br \/>\n<strong>60<\/strong> = 60\u00b0 Neigungswinkel (steiler als herk\u00f6mmliche Handfilter))<\/p>\n<p>Der Hario V60 Keramikfilter wirkt durch seine schlichte Gestaltung klassisch und stylisch zugleich.<br \/>\nEs gibt eine Boden\u00f6ffnung die deutlich gr\u00f6\u00dfer ist, als der Durchfluss beim traditionellen Melitta-Handfilter. Durch die bogenf\u00f6rmige und konisch zulaufende Wasserf\u00fchrung wird der Kaffee optimal und gleichm\u00e4\u00dfig extrahiert.<\/p>\n<p><strong><span style=\"font-size: 14pt;\">Die Verwendung des Hario V60<\/span><\/strong><\/p>\n<p>F\u00fcr den Porzellanfilter gibt es passendes sauerstoffgebleichtes, wei\u00dfes Filterpapier hier im Shop.<br \/>\nDieses ist geschmacksneutral, h\u00e4lt zuverl\u00e4ssig nicht gew\u00fcnschte Kaffeesedimente zur\u00fcck und f\u00fchrt zu einer klaren Tasse.<\/p>\n<p>&nbsp;<\/p>\n<p>[\/spb_text_block] [spb_single_image image=&#8220;12623&#8243; image_size=&#8220;full&#8220; frame=&#8220;glowframe&#8220; intro_animation=&#8220;none&#8220; full_width=&#8220;no&#8220; lightbox=&#8220;no&#8220; link_target=&#8220;_self&#8220; width=&#8220;1\/2&#8243; el_position=&#8220;last&#8220;]<\/p>\n","protected":false},"featured_media":26517,"template":"","meta":[],"product_cat":[194],"product_tag":[839,840,236,232,235,980],"_links":{"self":[{"href":"https:\/\/www.hotroastedlove.de\/hrl\/wp-json\/wp\/v2\/product\/26516"}],"collection":[{"href":"https:\/\/www.hotroastedlove.de\/hrl\/wp-json\/wp\/v2\/product"}],"about":[{"href":"https:\/\/www.hotroastedlove.de\/hrl\/wp-json\/wp\/v2\/types\/product"}],"wp:featuredmedia":[{"embeddable":true,"href":"https:\/\/www.hotroastedlove.de\/hrl\/wp-json\/wp\/v2\/media\/26517"}],"wp:attachment":[{"href":"https:\/\/www.hotroastedlove.de\/hrl\/wp-json\/wp\/v2\/media?parent=26516"}],"wp:term":[{"taxonomy":"product_cat","embeddable":true,"href":"https:\/\/www.hotroastedlove.de\/hrl\/wp-json\/wp\/v2\/product_cat?post=26516"},{"taxonomy":"product_tag","embeddable":true,"href":"https:\/\/www.hotroastedlove.de\/hrl\/wp-json\/wp\/v2\/product_tag?post=26516"}],"curies":[{"name":"wp","href":"https:\/\/api.w.org\/{rel}","templated":true}]}}