{"id":26480,"date":"2025-12-21T16:23:53","date_gmt":"2025-12-21T15:23:53","guid":{"rendered":"https:\/\/www.hotroastedlove.de\/hrl\/?post_type=product&#038;p=26480"},"modified":"2026-01-03T14:46:15","modified_gmt":"2026-01-03T13:46:15","slug":"timemore-sculptor-078s-electric-grinder-vorfuehrgeraet","status":"publish","type":"product","link":"https:\/\/www.hotroastedlove.de\/hrl\/produkt\/timemore-sculptor-078s-electric-grinder-vorfuehrgeraet\/","title":{"rendered":"TIMEMORE SCULPTOR 078s ELECTRIC GRINDER &#8211; Vorf\u00fchrger\u00e4t"},"content":{"rendered":"<p>[spb_column width=&#8220;1\/1&#8243; el_position=&#8220;first last&#8220;] [spb_text_block pb_margin_bottom=&#8220;no&#8220; pb_border_bottom=&#8220;no&#8220; width=&#8220;3\/4&#8243; el_position=&#8220;first last&#8220;]\n<p><strong><span style=\"font-size: 14pt;\">TIMEMORE SCULPTOR 078s ELECTRIC GRINDER (Vorf\u00fchrger\u00e4t ca. 40 Mahlungen)<\/span><\/strong><\/p>\n<p><strong>HEAVY DUTY ART WORK!<\/strong> Die elektrische Kaffeem\u00fchle von Timemore ist perfekt geeignet f\u00fcr Espresso bis Pour-over. Ein kleines Arbeitstier, dass zudem durch ihr modernes, schlankes, minimalistisches und funktionelles Design besticht.<\/p>\n<p>Die Sculptor 078s ist mit einem hochwertigen 78mm Edelstahlmahlwerk ausgestattet das f\u00fcr sehr gleichm\u00e4\u00dfige Mahlergebnisse sorgt. Mit 36 verschiedenen Mahlgradeinstellungen bietet sie eine breite Vielfalt an M\u00f6glichkeiten. Die Auswahl des gew\u00fcnschten Mahlgrades ist einfach und erfolgt \u00fcber das praktische, gro\u00dfe und leicht zu bedienende Einstellrad an der Vorderseite der M\u00fchle. Zus\u00e4tzlich erm\u00f6glicht der patentierte Drehklopfer eine optimale Entfernung der Mahlr\u00fcckst\u00e4nde am Auswurf.<\/p>\n<p>Ein weiteres Highlight der Sculptor ist die einstellbare Geschwindigkeit. Mit dem praktischen kleinen Einstellrad an der R\u00fcckseite der M\u00fchle kann die Drehzahl individuell zwischen 800 und 1400 Umdrehungen pro Minute gew\u00e4hlt werden. So hat man die volle Kontrolle \u00fcber den Mahlvorgang und das Ergebnis in der Tasse.<\/p>\n<p>Die Single-Dosing-M\u00fchle Timemore Scultor 078s bietet eine hervorragende Verarbeitung und Pr\u00e4zision, verbunden mit hoher Benutzerfreundlichkeit. Next-Level-Shit!<br \/>\nUnd leise, nahezu fl\u00fcsterleise ist sie auch. Oh ja.<\/p>\n<p><strong>Features<\/strong><br \/>\nTimemore Sculptor 078s<br \/>\n78 mm-Scheibenmahlwerk aus Edelstahl<br \/>\n36 Mahlgradeinstellungen<br \/>\nGeeignet f\u00fcr Espresso bis Pour-over<br \/>\nKapazit\u00e4t Bohnenbeh\u00e4lter: 45-50g<br \/>\nMotor: 400 W<br \/>\nBesonderheiten: Geschwindigkeitseinstellung, magnetischer Auffangbeh\u00e4lter, magnetischer Deckel f\u00fcr Bohnenbeh\u00e4lter, patentierter Drehklopfer, patentierte Turbo Burrs<br \/>\nGeh\u00e4use: Aluminiumlegierung<br \/>\nLieferumfang: Timemore Sculptor 078s Kaffeem\u00fchle, Mahlgut- und Bohnenbeh\u00e4lter, Stromkabel, Bedienungsanleitung<\/p>\n[\/spb_text_block] [\/spb_column]<\/p>\n","protected":false},"excerpt":{"rendered":"<p>[spb_column width=&#8220;1\/2&#8243; el_position=&#8220;first&#8220;] [spb_text_block pb_margin_bottom=&#8220;no&#8220; pb_border_bottom=&#8220;no&#8220; width=&#8220;1\/1&#8243; el_position=&#8220;first last&#8220;]<\/p>\n<p><strong><span style=\"font-size: 14pt;\">Fellow Stagg Pour Over Black Kettle<br \/>\n<\/span><\/strong><\/p>\n<p>Formsch\u00f6n, mattschwarz und mit zwei richtig coolen Features kommt der Stagg Hei\u00dfwassserbereiter von Fellow daher.<\/p>\n<p>Mit einem Thermometer im Deckel zeigt er dir an, wann das Wasser die richtige Temperatur f\u00fcr die Kaffeezubereitung erreicht hat.<br \/>\nZudem hat der Kessel ein zus\u00e4tzliches Gewicht im Griff versteckt und bietet so eine bessere Balance &#8211; super geeignet zum langsamen und gleichm\u00e4\u00dfigen gie\u00dfen.<\/p>\n<p>Der Fellow Stagg Kettle ist noch nicht so lange am Markt, hat aber in der Spezialt\u00e4tenkaffee-Szene schon eine breite Fangemeinde.<\/p>\n<p><a title=\"Instructions and Safety Guide\" href=\"http:\/\/fellowproducts.com\/wp-content\/uploads\/2016\/08\/NOTFORPRINTStagg1.3_Warnings_OLV6.pdf\" target=\"_blank\" rel=\"noopener noreferrer\">Instructions and Safety Guide<\/a><a title=\"Youtube Video Baratza Encore vs. Baratza Virtuoso\" href=\"http:\/\/youtu.be\/UnuVTLzjzmg\" target=\"_blank\" rel=\"noopener noreferrer\"><br \/>\n<\/a><\/p>\n<p>[\/spb_text_block] [\/spb_column] [spb_column width=&#8220;1\/2&#8243; el_position=&#8220;last&#8220;] [blank_spacer height=&#8220;30px&#8220; width=&#8220;1\/1&#8243; el_position=&#8220;first last&#8220;] [spb_video link=&#8220;https:\/\/youtu.be\/bjuIvcfNK-c?t=1m46s&#8220; full_width=&#8220;no&#8220; width=&#8220;1\/1&#8243; el_position=&#8220;first last&#8220;] [spb_text_block pb_margin_bottom=&#8220;no&#8220; pb_border_bottom=&#8220;no&#8220; width=&#8220;1\/1&#8243; el_position=&#8220;first last&#8220;]<\/p>\n<p>Video credits to <em>Eight Ounce Coffee<\/em><\/p>\n<p>[\/spb_text_block] [\/spb_column]<\/p>\n","protected":false},"featured_media":23745,"template":"","meta":[],"product_cat":[194],"product_tag":[979,231,905,255,244,906,629],"_links":{"self":[{"href":"https:\/\/www.hotroastedlove.de\/hrl\/wp-json\/wp\/v2\/product\/26480"}],"collection":[{"href":"https:\/\/www.hotroastedlove.de\/hrl\/wp-json\/wp\/v2\/product"}],"about":[{"href":"https:\/\/www.hotroastedlove.de\/hrl\/wp-json\/wp\/v2\/types\/product"}],"wp:featuredmedia":[{"embeddable":true,"href":"https:\/\/www.hotroastedlove.de\/hrl\/wp-json\/wp\/v2\/media\/23745"}],"wp:attachment":[{"href":"https:\/\/www.hotroastedlove.de\/hrl\/wp-json\/wp\/v2\/media?parent=26480"}],"wp:term":[{"taxonomy":"product_cat","embeddable":true,"href":"https:\/\/www.hotroastedlove.de\/hrl\/wp-json\/wp\/v2\/product_cat?post=26480"},{"taxonomy":"product_tag","embeddable":true,"href":"https:\/\/www.hotroastedlove.de\/hrl\/wp-json\/wp\/v2\/product_tag?post=26480"}],"curies":[{"name":"wp","href":"https:\/\/api.w.org\/{rel}","templated":true}]}}