{"id":26201,"date":"2025-09-30T17:57:28","date_gmt":"2025-09-30T15:57:28","guid":{"rendered":"https:\/\/www.hotroastedlove.de\/hrl\/?post_type=product&#038;p=26201"},"modified":"2025-09-30T18:24:21","modified_gmt":"2025-09-30T16:24:21","slug":"timemore-scale-black-mirror-basic-2","status":"publish","type":"product","link":"https:\/\/www.hotroastedlove.de\/hrl\/produkt\/timemore-scale-black-mirror-basic-2\/","title":{"rendered":"TIMEMORE SCALE BLACK MIRROR BASIC 2"},"content":{"rendered":"<p>[spb_column width=&#8220;3\/4&#8243; el_position=&#8220;first last&#8220;] [spb_text_block pb_margin_bottom=&#8220;no&#8220; pb_border_bottom=&#8220;no&#8220; width=&#8220;1\/1&#8243; el_position=&#8220;first last&#8220;]\n<h3><strong><span style=\"font-size: 14pt;\">TIMEMORE SCALE BLACK MIRROR BASIC 2<\/span><\/strong><\/h3>\n<p>In der eleganten mattschwarzen Verpackung von Timemore befindet sich eine extrem durchdachte und stylische Waage mit allen notwendigen Funktionen.<\/p>\n<p>Auf den ersten Blick bietet die Waage eine cleane und reduzierte Oberfl\u00e4che mit einem zuerst unsichtbarem oben eingelassenem Display. Die elegante LED Anzeige wird erst sichtbar, wenn die Waage eingeschaltet wird. Optisch der Hammer!<\/p>\n<p>Dann zeigt die \u00e4u\u00dferst pr\u00e4zise und schnell arbeitende Waage Dir eine Timer-Funktion und das tarierbare Gewicht, sowie die Flow-Rate in g\/s.<\/p>\n<p><span class=\"Callout_text__HTSaf h4\">Die Timemore Black Mirror Basic 2 eignet sich f\u00fcr deinen Pour-Over Kaffee, aber auch f\u00fcr die Zubereitung von Espresso.<\/span><\/p>\n<p><strong>Features:<\/strong><br \/>\n&#8211; Versteckte LED-Anzeige<br \/>\n&#8211; \u00fcber USB aufladbar<br \/>\n&#8211; Timer-Funktion<br \/>\n&#8211; Autotiming<br \/>\n&#8211; Tare-Funktion<br \/>\n&#8211; Batterie-Anzeige<br \/>\n&#8211; sch\u00f6ne matte Oberfl\u00e4che<br \/>\n&#8211; 3-Minuten-Abschaltautomatik<br \/>\n&#8211; Piepton (de-\/aktivierbar)<br \/>\n&#8211; Die Oberfl\u00e4che ist wasserdicht, der hinten rechts angebrachte Ladeanschluss jedoch nicht<br \/>\n&#8211; Fester Stand durch gummierte F\u00fc\u00dfe<\/p>\n<p><strong>Material:<\/strong> Kunststoff<br \/>\n<strong>Gewicht:<\/strong> 380g<br \/>\n<strong>Ma\u00dfe:<\/strong> 15cm x 13cm x 2,5cm<br \/>\n<strong>Batterie:<\/strong> 1600 mAh<br \/>\n<strong>Messgenauigkeit:<\/strong> 0,1 g, Messbereich: 0,5 kg bis 2,0 kg<\/p>\n<p><strong>Lieferumfang:<\/strong> Timemore Black Mirror Basic 2, USB-C Kabel, hitzebst\u00e4ndiges Silikon-Pad<\/p>\n<p><strong>Hinweis!<\/strong><br \/>\nDie Waage muss auf einem ebenen Untergrund stehen.<br \/>\nDie Waage nicht nutzen wenn sie geladen wird.<br \/>\nDie USB Schnittstelle darf nicht mit Wasser in Ber\u00fchrung kommen.<\/p>\n[\/spb_text_block] [\/spb_column]<\/p>\n","protected":false},"excerpt":{"rendered":"<p>[spb_column width=&#8220;2\/3&#8243; el_position=&#8220;first last&#8220;] [spb_text_block pb_margin_bottom=&#8220;no&#8220; pb_border_bottom=&#8220;no&#8220; width=&#8220;1\/1&#8243; el_position=&#8220;first last&#8220;]<\/p>\n<h3><strong><span style=\"font-size: 14pt;\">CHEMEX KAFFEEZUBEREITER BIS 8 TASSEN<\/span><\/strong><\/h3>\n<p>Die Chemex Karaffe f\u00fcr 8 Tassen Kaffee ist nicht nur Filterkaffeezubereiter, sondern zugleich auch Dekantiergef\u00e4\u00df. Entwickelt von Dr. Peter J. Schlumbohm, wie sich ein wenig an der Form erkennen l\u00e4sst: Chemiker und Kaffeeliebhaber, wurde die CHEMEX vielfach mit Designpreisen ausgezeichnet und beschert der Chemex einen dauerhaften Platz in der Ausstellung des Museum of Modern Art in New York und eine Einreihung in die Top 100 Designprodukte der Moderne.<\/p>\n<p>Die CHEMEX ist daf\u00fcr bekannt, bei der Kaffeezubereitung einengut\u00a0 ausbalancierter und weniger fruchtbetonten Geschmack zu filtrieren (als z.B. der Hario V60 Filter).\u00a0 Ist der Kaffee fertig gebr\u00fcht, muss nur der Filter entnommen werden und der Kaffee ist in der Kanne servierbereit. Durch den w\u00e4rme-isolierenden Holzgriff kann die Karaffe bequem angefasst werden und die funktional geformte Ausgussrinne erleichtert das Ausschenken. Das hitzebest\u00e4ndige Borosilikatglas ist dickwandig und sp\u00fclmaschinengeeignet, wenn man die Holzmanschette und die Lederschnur vor dem Sp\u00fclgang abnimmt.<\/p>\n<p>Die 8 Tassen Karaffe fasst 1,18L und hat eine H\u00f6he von ca. 23cm.<\/p>\n<p><strong>Zusatztipp: <\/strong>Die CHEMEX eigent sich auch hervorragend zur Zubereitung von Japanese Ice Brew. Hierbei wird Kaffee genau wie bei \u00fcblicher Zubereitung mit hei\u00dfem Wasser gebr\u00fcht. Allerdings wird die Wassermenge bei der Zubereitung in 50% Wasser und 50% Eis aufteilt. Der gefilterte hei\u00dfe Kaffee tropft direkt auf Eis. Das hei\u00dfe Wasser extrahiert den vollen Kaffeegeschmack, welcher dann durch das Eis sofort wieder abgek\u00fchlt wird. Durch das schnelle Abk\u00fchlen werden Bitterstoffe reduziert und und fruchtige Aromen betont.<\/p>\n<p>[\/spb_text_block] [\/spb_column]<\/p>\n","protected":false},"featured_media":26202,"template":"","meta":[],"product_cat":[194],"product_tag":[723,722,630,493,629,311],"_links":{"self":[{"href":"https:\/\/www.hotroastedlove.de\/hrl\/wp-json\/wp\/v2\/product\/26201"}],"collection":[{"href":"https:\/\/www.hotroastedlove.de\/hrl\/wp-json\/wp\/v2\/product"}],"about":[{"href":"https:\/\/www.hotroastedlove.de\/hrl\/wp-json\/wp\/v2\/types\/product"}],"wp:featuredmedia":[{"embeddable":true,"href":"https:\/\/www.hotroastedlove.de\/hrl\/wp-json\/wp\/v2\/media\/26202"}],"wp:attachment":[{"href":"https:\/\/www.hotroastedlove.de\/hrl\/wp-json\/wp\/v2\/media?parent=26201"}],"wp:term":[{"taxonomy":"product_cat","embeddable":true,"href":"https:\/\/www.hotroastedlove.de\/hrl\/wp-json\/wp\/v2\/product_cat?post=26201"},{"taxonomy":"product_tag","embeddable":true,"href":"https:\/\/www.hotroastedlove.de\/hrl\/wp-json\/wp\/v2\/product_tag?post=26201"}],"curies":[{"name":"wp","href":"https:\/\/api.w.org\/{rel}","templated":true}]}}