{"id":25253,"date":"2024-10-20T17:04:21","date_gmt":"2024-10-20T15:04:21","guid":{"rendered":"https:\/\/www.hotroastedlove.de\/hrl\/?post_type=product&#038;p=25253"},"modified":"2025-09-30T18:30:43","modified_gmt":"2025-09-30T16:30:43","slug":"timemore-scale-basic-mini-black","status":"publish","type":"product","link":"https:\/\/www.hotroastedlove.de\/hrl\/produkt\/timemore-scale-basic-mini-black\/","title":{"rendered":"TIMEMORE SCALE BLACK MIRROR MINI"},"content":{"rendered":"<p>[spb_column width=&#8220;3\/4&#8243; el_position=&#8220;first last&#8220;] [spb_text_block pb_margin_bottom=&#8220;no&#8220; pb_border_bottom=&#8220;no&#8220; width=&#8220;1\/1&#8243; el_position=&#8220;first last&#8220;]\n<h3><strong><span style=\"font-size: 14pt;\">TIMEMORE SCALE BLACK MIRROR MINI<\/span><\/strong><\/h3>\n<p>Diese Mini-Akkuwaage ist leicht, kompakt und pr\u00e4zise in der Gewichtsmessung.<br \/>\nSie bietet verschiedene Modi f\u00fcr Zubereitung von Espresso und Pour-Over, erg\u00e4nzt durch eine intelligente Weckerfunktion. Die automatische Start- und Stopp-Funktion beim Espressobezug sorgt f\u00fcr zus\u00e4tzlichen Komfort.<\/p>\n<p>Dank der IPX3-Wasserfestigkeit ist sie vor Spritzwasser gesch\u00fctzt und l\u00e4sst sich problemlos reinigen, was ihre Langlebigkeit und Zuverl\u00e4ssigkeit in unterschiedlichen Umgebungen gew\u00e4hrleistet.<\/p>\n<p>Ausgestattet mit einem integrierten, wiederaufladbaren 760-mAh-Lithium-Ionen-Akku bietet die Waage eine stabile Stromversorgung.<\/p>\n<p>Zus\u00e4tzlich wird die Timemore Waage mit einem wasserfesten Hitzeschutz aus Silikon geliefert, der die gesamte Fl\u00e4che der Waage abdeckt und vor Feuchtigkeit und Hitze sch\u00fctzt. Du erh\u00e4ltst eine zuverl\u00e4ssige und pr\u00e4zise Waage f\u00fcr deine Kaffeezubereitung.<\/p>\n<p>Auf den ersten Blick bietet die Waage eine cleane und reduzierte Oberfl\u00e4che mit unsichtbarem oben eingelassenem Display. Die elegante blaue LED Anzeige wird erst sichtbar, wenn die Waage eingeschaltet wird. Optisch der Hammer!<\/p>\n[\/spb_text_block] [\/spb_column]<\/p>\n","protected":false},"excerpt":{"rendered":"<p>[spb_column width=&#8220;2\/3&#8243; el_position=&#8220;first last&#8220;] [spb_text_block pb_margin_bottom=&#8220;no&#8220; pb_border_bottom=&#8220;no&#8220; width=&#8220;1\/1&#8243; el_position=&#8220;first last&#8220;]<\/p>\n<h3><strong><span style=\"font-size: 14pt;\">CHEMEX KAFFEEZUBEREITER BIS 8 TASSEN<\/span><\/strong><\/h3>\n<p>Die Chemex Karaffe f\u00fcr 8 Tassen Kaffee ist nicht nur Filterkaffeezubereiter, sondern zugleich auch Dekantiergef\u00e4\u00df. Entwickelt von Dr. Peter J. Schlumbohm, wie sich ein wenig an der Form erkennen l\u00e4sst: Chemiker und Kaffeeliebhaber, wurde die CHEMEX vielfach mit Designpreisen ausgezeichnet und beschert der Chemex einen dauerhaften Platz in der Ausstellung des Museum of Modern Art in New York und eine Einreihung in die Top 100 Designprodukte der Moderne.<\/p>\n<p>Die CHEMEX ist daf\u00fcr bekannt, bei der Kaffeezubereitung einengut\u00a0 ausbalancierter und weniger fruchtbetonten Geschmack zu filtrieren (als z.B. der Hario V60 Filter).\u00a0 Ist der Kaffee fertig gebr\u00fcht, muss nur der Filter entnommen werden und der Kaffee ist in der Kanne servierbereit. Durch den w\u00e4rme-isolierenden Holzgriff kann die Karaffe bequem angefasst werden und die funktional geformte Ausgussrinne erleichtert das Ausschenken. Das hitzebest\u00e4ndige Borosilikatglas ist dickwandig und sp\u00fclmaschinengeeignet, wenn man die Holzmanschette und die Lederschnur vor dem Sp\u00fclgang abnimmt.<\/p>\n<p>Die 8 Tassen Karaffe fasst 1,18L und hat eine H\u00f6he von ca. 23cm.<\/p>\n<p><strong>Zusatztipp: <\/strong>Die CHEMEX eigent sich auch hervorragend zur Zubereitung von Japanese Ice Brew. Hierbei wird Kaffee genau wie bei \u00fcblicher Zubereitung mit hei\u00dfem Wasser gebr\u00fcht. Allerdings wird die Wassermenge bei der Zubereitung in 50% Wasser und 50% Eis aufteilt. Der gefilterte hei\u00dfe Kaffee tropft direkt auf Eis. Das hei\u00dfe Wasser extrahiert den vollen Kaffeegeschmack, welcher dann durch das Eis sofort wieder abgek\u00fchlt wird. Durch das schnelle Abk\u00fchlen werden Bitterstoffe reduziert und und fruchtige Aromen betont.<\/p>\n<p>[\/spb_text_block] [\/spb_column]<\/p>\n","protected":false},"featured_media":25235,"template":"","meta":[],"product_cat":[194],"product_tag":[723,722,630,957,493,629,311],"_links":{"self":[{"href":"https:\/\/www.hotroastedlove.de\/hrl\/wp-json\/wp\/v2\/product\/25253"}],"collection":[{"href":"https:\/\/www.hotroastedlove.de\/hrl\/wp-json\/wp\/v2\/product"}],"about":[{"href":"https:\/\/www.hotroastedlove.de\/hrl\/wp-json\/wp\/v2\/types\/product"}],"wp:featuredmedia":[{"embeddable":true,"href":"https:\/\/www.hotroastedlove.de\/hrl\/wp-json\/wp\/v2\/media\/25235"}],"wp:attachment":[{"href":"https:\/\/www.hotroastedlove.de\/hrl\/wp-json\/wp\/v2\/media?parent=25253"}],"wp:term":[{"taxonomy":"product_cat","embeddable":true,"href":"https:\/\/www.hotroastedlove.de\/hrl\/wp-json\/wp\/v2\/product_cat?post=25253"},{"taxonomy":"product_tag","embeddable":true,"href":"https:\/\/www.hotroastedlove.de\/hrl\/wp-json\/wp\/v2\/product_tag?post=25253"}],"curies":[{"name":"wp","href":"https:\/\/api.w.org\/{rel}","templated":true}]}}