{"id":25252,"date":"2024-10-20T16:36:26","date_gmt":"2024-10-20T14:36:26","guid":{"rendered":"https:\/\/www.hotroastedlove.de\/hrl\/?post_type=product&#038;p=25252"},"modified":"2026-02-19T23:25:32","modified_gmt":"2026-02-19T22:25:32","slug":"timemore-chestnut-s3-handmuehle","status":"publish","type":"product","link":"https:\/\/www.hotroastedlove.de\/hrl\/produkt\/timemore-chestnut-s3-handmuehle\/","title":{"rendered":"TIMEMORE CHESTNUT S3 HANDM\u00dcHLE"},"content":{"rendered":"<p>[spb_column width=&#8220;3\/4&#8243; el_position=&#8220;first last&#8220;] [spb_text_block pb_margin_bottom=&#8220;no&#8220; pb_border_bottom=&#8220;no&#8220; width=&#8220;1\/1&#8243; el_position=&#8220;first last&#8220;]\n<p><strong><span style=\"font-size: 14pt;\">TIMEMORE CHESTNUT S3 HANDM\u00dcHLE<br \/>\n<\/span><\/strong><span style=\"font-size: 12pt;\">ca. 30g Kapazit\u00e4t f\u00fcr die Zubereitung von ca. 500ml Kaffee.<\/span><strong><span style=\"font-size: 14pt;\"><br \/>\n<\/span><\/strong><\/p>\n<p>Das robuste Vollmetallgeh\u00e4use \u00fcberzeugt nicht nur durch seine elegante Optik, sondern bietet auch au\u00dfergew\u00f6hnliche Stabilit\u00e4t und Langlebigkeit. Im Inneren befindet sich das innovative S2C890-Mahlwerk aus Stahl, das die Kaffeebohnen noch gleichm\u00e4\u00dfiger verarbeitet. Das Mahlwerk ist eine Weiterentwicklung der S2C-Technologie und tr\u00e4gt dazu bei, den Kaffeegeschmack zu verfeinern und s\u00fc\u00dfere Aromen hervorzubringen.<\/p>\n<p>Die Pr\u00e4zision des Mahlwerks wurde um 20 % verbessert, und die Toleranzen wurden auf 5 Mikrometer reduziert, was eine noch gleichm\u00e4\u00dfigere Mahlleistung gew\u00e4hrleistet.<\/p>\n<p>Besonders beeindruckend ist die pr\u00e4zise Einstellung des Mahlgrades. Mit einer Genauigkeit von bis zu 0,015 mm kannst du den Mahlgrad individuell anpassen \u2013 ideal f\u00fcr Espresso, aber auch f\u00fcr Zubereitungsarten wie Mokka, Filterkaffee oder French Press. Das Beste daran: Du musst keine Skalen z\u00e4hlen, da die M\u00fchle \u00fcber eine Punkt-zu-Punkt-Pr\u00e4zision verf\u00fcgt, die es erm\u00f6glicht, den gew\u00fcnschten Mahlgrad exakt wiederzufinden. Unabh\u00e4ngig von der gew\u00e4hlten Br\u00fchmethode liefert die S3 stets perfekte Ergebnisse.<\/p>\n<p>Zus\u00e4tzlich gibt es den patentierten, klappbaren Griff: Er erleichtert nicht nur den Transport, sondern sorgt auch daf\u00fcr, dass die M\u00fchle stabil und sicher steht.<\/p>\n<p>Inklusive:<br \/>\n&#8211; Tragetasche<br \/>\n&#8211; Reinigungsb\u00fcrste<br \/>\n&#8211; Gebrauchsanweisung<\/p>\n[\/spb_text_block] [\/spb_column]<\/p>\n","protected":false},"excerpt":{"rendered":"<p>[spb_column width=&#8220;2\/3&#8243; el_position=&#8220;first last&#8220;] [spb_text_block pb_margin_bottom=&#8220;no&#8220; pb_border_bottom=&#8220;no&#8220; width=&#8220;1\/1&#8243; el_position=&#8220;first last&#8220;]<\/p>\n<h3><strong><span style=\"font-size: 14pt;\">CHEMEX KAFFEEZUBEREITER BIS 8 TASSEN<\/span><\/strong><\/h3>\n<p>Die Chemex Karaffe f\u00fcr 8 Tassen Kaffee ist nicht nur Filterkaffeezubereiter, sondern zugleich auch Dekantiergef\u00e4\u00df. Entwickelt von Dr. Peter J. Schlumbohm, wie sich ein wenig an der Form erkennen l\u00e4sst: Chemiker und Kaffeeliebhaber, wurde die CHEMEX vielfach mit Designpreisen ausgezeichnet und beschert der Chemex einen dauerhaften Platz in der Ausstellung des Museum of Modern Art in New York und eine Einreihung in die Top 100 Designprodukte der Moderne.<\/p>\n<p>Die CHEMEX ist daf\u00fcr bekannt, bei der Kaffeezubereitung einengut\u00a0 ausbalancierter und weniger fruchtbetonten Geschmack zu filtrieren (als z.B. der Hario V60 Filter).\u00a0 Ist der Kaffee fertig gebr\u00fcht, muss nur der Filter entnommen werden und der Kaffee ist in der Kanne servierbereit. Durch den w\u00e4rme-isolierenden Holzgriff kann die Karaffe bequem angefasst werden und die funktional geformte Ausgussrinne erleichtert das Ausschenken. Das hitzebest\u00e4ndige Borosilikatglas ist dickwandig und sp\u00fclmaschinengeeignet, wenn man die Holzmanschette und die Lederschnur vor dem Sp\u00fclgang abnimmt.<\/p>\n<p>Die 8 Tassen Karaffe fasst 1,18L und hat eine H\u00f6he von ca. 23cm.<\/p>\n<p><strong>Zusatztipp: <\/strong>Die CHEMEX eigent sich auch hervorragend zur Zubereitung von Japanese Ice Brew. Hierbei wird Kaffee genau wie bei \u00fcblicher Zubereitung mit hei\u00dfem Wasser gebr\u00fcht. Allerdings wird die Wassermenge bei der Zubereitung in 50% Wasser und 50% Eis aufteilt. Der gefilterte hei\u00dfe Kaffee tropft direkt auf Eis. Das hei\u00dfe Wasser extrahiert den vollen Kaffeegeschmack, welcher dann durch das Eis sofort wieder abgek\u00fchlt wird. Durch das schnelle Abk\u00fchlen werden Bitterstoffe reduziert und und fruchtige Aromen betont.<\/p>\n<p>[\/spb_text_block] [\/spb_column]<\/p>\n","protected":false},"featured_media":25236,"template":"","meta":[],"product_cat":[194],"product_tag":[876,633,634,493,243,889,629],"_links":{"self":[{"href":"https:\/\/www.hotroastedlove.de\/hrl\/wp-json\/wp\/v2\/product\/25252"}],"collection":[{"href":"https:\/\/www.hotroastedlove.de\/hrl\/wp-json\/wp\/v2\/product"}],"about":[{"href":"https:\/\/www.hotroastedlove.de\/hrl\/wp-json\/wp\/v2\/types\/product"}],"wp:featuredmedia":[{"embeddable":true,"href":"https:\/\/www.hotroastedlove.de\/hrl\/wp-json\/wp\/v2\/media\/25236"}],"wp:attachment":[{"href":"https:\/\/www.hotroastedlove.de\/hrl\/wp-json\/wp\/v2\/media?parent=25252"}],"wp:term":[{"taxonomy":"product_cat","embeddable":true,"href":"https:\/\/www.hotroastedlove.de\/hrl\/wp-json\/wp\/v2\/product_cat?post=25252"},{"taxonomy":"product_tag","embeddable":true,"href":"https:\/\/www.hotroastedlove.de\/hrl\/wp-json\/wp\/v2\/product_tag?post=25252"}],"curies":[{"name":"wp","href":"https:\/\/api.w.org\/{rel}","templated":true}]}}