{"id":25011,"date":"2024-07-13T15:45:11","date_gmt":"2024-07-13T13:45:11","guid":{"rendered":"https:\/\/www.hotroastedlove.de\/hrl\/?post_type=product&#038;p=25011"},"modified":"2026-02-26T14:03:15","modified_gmt":"2026-02-26T13:03:15","slug":"planetary-design-airscape","status":"publish","type":"product","link":"https:\/\/www.hotroastedlove.de\/hrl\/produkt\/planetary-design-airscape\/","title":{"rendered":"PLANETARY DESIGN &#8211; AIRSCAPE"},"content":{"rendered":"[spb_text_block pb_margin_bottom=&#8220;no&#8220; pb_border_bottom=&#8220;no&#8220; width=&#8220;1\/1&#8243; el_position=&#8220;first last&#8220;]\n<p>Der patentierte Vakuumdeckel mit Ventil dr\u00fcckt die Luft aus der Vorratsdose und versiegelt den Inhalt.<br \/>\nDie Deckel sorgen daf\u00fcr, dass keine Ger\u00fcche in oder aus der Vorratsdose gelangen k\u00f6nnen.<br \/>\nAu\u00dferdem sorgen die Deckel daf\u00fcr, dass der Inhalt sein Aroma beh\u00e4lt. Perfekt f\u00fcr die Aufbewahrung von Lebensmitteln und lebensmittelnahen Produkten!<\/p>\n<p>Handw\u00e4sche, nicht f\u00fcr die Sp\u00fclmaschine geeignet.<br \/>\nUnbedenklich f\u00fcr den Kontakt mit Lebensmitteln gem\u00e4\u00df den EU-Normen.<br \/>\nErh\u00e4ltlich in mehreren Farben.<\/p>\n[\/spb_text_block]\n","protected":false},"excerpt":{"rendered":"<p>[spb_text_block pb_margin_bottom=&#8220;no&#8220; pb_border_bottom=&#8220;no&#8220; width=&#8220;1\/1&#8243; el_position=&#8220;first last&#8220;] Der patentierte Vakuumdeckel mit Ventil dr\u00fcckt die Luft aus der Vorratsdose und versiegelt den Inhalt. Die Deckel sorgen daf\u00fcr, dass keine Ger\u00fcche in oder aus der Vorratsdose gelangen k\u00f6nnen. Au\u00dferdem sorgen die Deckel daf\u00fcr, dass der Inhalt sein Aroma beh\u00e4lt. Perfekt f\u00fcr die Aufbewahrung von Lebensmitteln und lebensmittelnahen Produkten! Handw\u00e4sche, nicht f\u00fcr die Sp\u00fclmaschine [&hellip;]<\/p>\n","protected":false},"featured_media":25015,"template":"","meta":[],"product_cat":[194],"product_tag":[950,951,949],"_links":{"self":[{"href":"https:\/\/www.hotroastedlove.de\/hrl\/wp-json\/wp\/v2\/product\/25011"}],"collection":[{"href":"https:\/\/www.hotroastedlove.de\/hrl\/wp-json\/wp\/v2\/product"}],"about":[{"href":"https:\/\/www.hotroastedlove.de\/hrl\/wp-json\/wp\/v2\/types\/product"}],"wp:featuredmedia":[{"embeddable":true,"href":"https:\/\/www.hotroastedlove.de\/hrl\/wp-json\/wp\/v2\/media\/25015"}],"wp:attachment":[{"href":"https:\/\/www.hotroastedlove.de\/hrl\/wp-json\/wp\/v2\/media?parent=25011"}],"wp:term":[{"taxonomy":"product_cat","embeddable":true,"href":"https:\/\/www.hotroastedlove.de\/hrl\/wp-json\/wp\/v2\/product_cat?post=25011"},{"taxonomy":"product_tag","embeddable":true,"href":"https:\/\/www.hotroastedlove.de\/hrl\/wp-json\/wp\/v2\/product_tag?post=25011"}],"curies":[{"name":"wp","href":"https:\/\/api.w.org\/{rel}","templated":true}]}}