{"id":24527,"date":"2024-01-31T16:14:42","date_gmt":"2024-01-31T15:14:42","guid":{"rendered":"https:\/\/www.hotroastedlove.de\/hrl\/?post_type=product&#038;p=24527"},"modified":"2026-02-24T14:58:36","modified_gmt":"2026-02-24T13:58:36","slug":"aeropress-coffee-maker-clear","status":"publish","type":"product","link":"https:\/\/www.hotroastedlove.de\/hrl\/produkt\/aeropress-coffee-maker-clear\/","title":{"rendered":"AEROPRESS COFFEE MAKER CLEAR"},"content":{"rendered":"<p>[spb_column width=&#8220;1\/2&#8243; el_position=&#8220;first&#8220;] [spb_text_block pb_margin_bottom=&#8220;no&#8220; pb_border_bottom=&#8220;no&#8220; width=&#8220;1\/1&#8243; el_position=&#8220;first last&#8220;]\n<h3><strong><span style=\"font-size: 14pt;\">AeroPress<span style=\"font-size: 10pt;\">\u00ae<\/span> Clear &#8211; f\u00fcr viele Kaffeeliebhaber DIE Filtertechnik.<br \/>\n<\/span><\/strong><\/h3>\n<p>Die AeroPress macht richtig guten, gehaltvollen Kaffee, und das auf eine ungew\u00f6hnliche, \u00e4u\u00dferst clevere Art und Weise und <span class=\"prod_ecommerce_description\">sie ist jetzt in kristallklarem, bruchsicherem Tritan\u2122 erh\u00e4ltlich. <span class=\"\">Die AeroPress Clear begeistert mit ihrer einfachen Handhabung und kompakten Gr\u00f6\u00dfe, ausgestattet mit derselben patentierten Technologie wie die AeroPress.<\/span><\/span><br \/>\nDu hast alle Parameter zur Zubereitung eines perfekten Kaffees in der Hand und Ganze funktioniert schnell, einfach und sauber. Zudem ist die AeroPress \u00e4u\u00dferst mobil und perfekt f\u00fcr den Urlaub oder das B\u00fcro geeignet.<\/p>\n<p><strong><span style=\"font-size: 14pt;\">Kaffeezubereitung mit der AeroPress<\/span><\/strong><\/p>\n<p>Es gibt mindestens zwei Praktiken einen gehaltvollen Kaffee mit der AeroPress zu zaubern.<\/p>\n<p><strong>Bottom Down Methode<\/strong><\/p>\n<ol>\n<li>Filterhalter mit befeuchtetem Filterpapier auf den unteren Zylinder schrauben<\/li>\n<li>Auf eine Tasse stellen und Kaffeepulver in den Zylinder einf\u00fcllen (etwas gr\u00f6ber gemahlen als die Standardfilterkaffeek\u00f6rnung)<\/li>\n<li>Hei\u00dfes Wasser einf\u00fcllen<\/li>\n<li>Kolben aufsetzen<\/li>\n<li>Ziehen lassen<\/li>\n<li>Runterdr\u00fccken<\/li>\n<\/ol>\n<p><strong>Bottom Up\/Invertierte Methode<\/strong><\/p>\n<ol>\n<li>Kolben ca. 2cm in den offenen Zylinder schieben<\/li>\n<li>Verkehrt herum aufstellen<\/li>\n<li>Kaffeepulver einf\u00fcllen<\/li>\n<li>Hei\u00dfes Wasser einf\u00fcllen<\/li>\n<li>Filterhalter mit befeuchtetem Filterpapier auf den Zylinder schrauben<\/li>\n<li>Kaffee ziehen lassen<\/li>\n<li>Zylinder und Kolben soweit zusammendr\u00fccken bis die gesamte Luft entwichen ist<\/li>\n<li>Umdrehen, auf die Tasse stellen und runterdr\u00fccken<\/li>\n<\/ol>\n<p>Beide Methoden lassen zudem eine Menge Spielarten in der Kaffeezubereitung zu. So kannst Du die Mahlst\u00e4rke des Kaffees, die Kontaktzeit mit dem Wasser, die Intensit\u00e4t durch Verr\u00fchren des Kaffeepulvers, die Wassermenge, die Wassertemperatur selbst bestimmen und so DEINEN perfekten Kaffee zubereiten.<br \/>\nAls R\u00fcckstand bleibt ein recht trockener Kaffeetrester-Puck, der sich mit wenig Umstand entsorgen l\u00e4sst, was unterwegs oder im B\u00fcro \u00fcberaus praktisch ist.<\/p>\n<p>Kurzum, das Ding macht einfach Spa\u00df!<\/p>\n<a class=\"sf-button standard transparent-dark sf-icon-stroke \" href=\"https:\/\/aeropress.com\/use-it-now\/getting-started\/#steps\" target=\"_blank\"><i class=\"ss-star\"><\/i><span class=\"text\">Bedienungsanleitung AeroPress<\/span><\/a>\n[\/spb_text_block] [spb_text_block pb_margin_bottom=&#8220;no&#8220; pb_border_bottom=&#8220;no&#8220; width=&#8220;1\/1&#8243; el_position=&#8220;first last&#8220;]\n<p><strong><span style=\"font-size: 14pt;\">Reinigung der AeroPress<\/span><\/strong><\/p>\n<p>Die Reinigung der AeroPress ist denkbar einfach und sekundenschnell, da sie sich quasi selbst reinigt:<br \/>\nNach der Kaffeezubereitung den Kaffeepuck herausdr\u00fccken, den Gummistempel kurz abwischen, fertig! :)<\/p>\n[\/spb_text_block] [spb_text_block pb_margin_bottom=&#8220;no&#8220; pb_border_bottom=&#8220;no&#8220; width=&#8220;1\/1&#8243; el_position=&#8220;first last&#8220;]\n<p><strong><span style=\"font-size: 14pt;\">AeroPress-Meisterschaften<\/span><\/strong><\/p>\n<p>Die einfachste Benutzung l\u00e4sst zu, sich in ca. 1:30min. einen genialen Kaffee zuzubereiten.<br \/>\nDurch die M\u00f6glichkeit alle Parameter zur Erstellung eines Kaffees selbst und per Hand steuern zu k\u00f6nnen, hat es die AeroPress inzwischen zu einer riesigen Fangemeinde gebracht. So finden mittlerweile weltweit AeroPress-Meisterschaften statt, in deren Mittelpunkt die perfekte Tassenfilterung steht.<\/p>\n[\/spb_text_block] [\/spb_column] [spb_column width=&#8220;1\/2&#8243; el_position=&#8220;last&#8220;] [spb_video link=&#8220;https:\/\/youtu.be\/iFQsmaopufg?t=6s&#8220; full_width=&#8220;yes&#8220; width=&#8220;1\/1&#8243; el_position=&#8220;first last&#8220;] [spb_text_block pb_margin_bottom=&#8220;no&#8220; pb_border_bottom=&#8220;no&#8220; width=&#8220;1\/1&#8243; el_position=&#8220;first last&#8220;]\n<p><span style=\"font-size: 8pt;\">Youtube-Video von HasBean Coffee<\/span><\/p>\n[\/spb_text_block] [\/spb_column]<\/p>\n","protected":false},"excerpt":{"rendered":"<p>[spb_column width=&#8220;1\/2&#8243; el_position=&#8220;first&#8220;] [spb_text_block pb_margin_bottom=&#8220;no&#8220; pb_border_bottom=&#8220;no&#8220; width=&#8220;1\/1&#8243; el_position=&#8220;first last&#8220;]<\/p>\n<h3><strong><span style=\"font-size: 14pt;\">AeroPress<span style=\"font-size: 10pt;\">\u00ae<\/span> &#8211; f\u00fcr viele Kaffeeliebhaber DIE Filtertechnik.<br \/>\n<\/span><\/strong><\/h3>\n<p>Die AeroPress ist keine Designsch\u00f6nheit, aber sie macht richtig guten, gehaltvollen Kaffee, und das auf eine ungew\u00f6hnliche, \u00e4u\u00dferst clevere Art und Weise!<br \/>\nDu hast alle Parameter zur Zubereitung eines perfekten Kaffees in der Hand und Ganze funktioniert schnell, einfach und sauber. Zudem ist die AeroPress \u00e4u\u00dferst mobil und perfekt f\u00fcr den Urlaub oder das B\u00fcro geeignet.<\/p>\n<p>* Wir verkaufen ab sofort nur noch die neue Version (2015) der AeroPress. Aus diesem Grund entsprechen die Bilder derzeit nicht mehr der aktuellen Produktversion. Bilder der aktuellen AeroPress werden zeitnah ver\u00f6ffentlicht.<\/p>\n<p><strong><span style=\"font-size: 14pt;\">Kaffeezubereitung mit der AeroPress<\/span><\/strong><\/p>\n<p>Es gibt mindestens zwei Praktiken einen gehaltvollen Kaffee mit der AeroPress zu zaubern.<\/p>\n<p><strong>Bottom Down Methode<\/strong><\/p>\n<ol>\n<li>Filterhalter mit befeuchtetem Filterpapier auf den unteren Zylinder schrauben<\/li>\n<li>Auf eine Tasse stellen und Kaffeepulver in den Zylinder einf\u00fcllen (etwas gr\u00f6ber gemahlen als die Standardfilterkaffeek\u00f6rnung)<\/li>\n<li>Hei\u00dfes Wasser einf\u00fcllen<\/li>\n<li>Kolben aufsetzen<\/li>\n<li>Ziehen lassen<\/li>\n<li>Runterdr\u00fccken<\/li>\n<\/ol>\n<p><strong>Bottom Up\/Invertierte Methode<\/strong><\/p>\n<ol>\n<li>Kolben ca. 2cm in den offenen Zylinder schieben<\/li>\n<li>Verkehrt herum aufstellen<\/li>\n<li>Kaffeepulver einf\u00fcllen<\/li>\n<li>Hei\u00dfes Wasser einf\u00fcllen<\/li>\n<li>Filterhalter mit befeuchtetem Filterpapier auf den Zylinder schrauben<\/li>\n<li>Kaffee ziehen lassen<\/li>\n<li>Zylinder und Kolben soweit zusammendr\u00fccken bis die gesamte Luft entwichen ist<\/li>\n<li>Umdrehen, auf die Tasse stellen und runterdr\u00fccken<\/li>\n<\/ol>\n<p>Beide Methoden lassen zudem eine Menge Spielarten in der Kaffeezubereitung zu. So kannst Du die Mahlst\u00e4rke des Kaffees, die Kontaktzeit mit dem Wasser, die Intensit\u00e4t durch Verr\u00fchren des Kaffeepulvers, die Wassermenge, die Wassertemperatur selbst bestimmen und so DEINEN perfekten Kaffee zubereiten.<br \/>\nAls R\u00fcckstand bleibt ein recht trockener Kaffeetrester-Puck, der sich mit wenig Umstand entsorgen l\u00e4sst, was unterwegs oder im B\u00fcro \u00fcberaus praktisch ist.<\/p>\n<p>Kurzum, das Ding macht einfach Spa\u00df!<\/p>\n[sf_button colour=\"transparent-dark\" type=\"sf-icon-stroke\" size=\"standard\" link=\"https:\/\/aeropressinc.com\/wp-content\/uploads\/2018\/03\/80INST-Ver.E2-GER.pdf\" target=\"_blank\" icon=\"ss-pdf\" dropshadow=\"no\" extraclass=\"\"]Bedienungsanleitung AeroPress[\/sf_button]\n<p>[\/spb_text_block] [spb_text_block pb_margin_bottom=&#8220;no&#8220; pb_border_bottom=&#8220;no&#8220; width=&#8220;1\/1&#8243; el_position=&#8220;first last&#8220;]<\/p>\n<p><strong><span style=\"font-size: 14pt;\">Reinigung der AeroPress<\/span><\/strong><\/p>\n<p>Die Reinigung der AeroPress ist denkbar einfach und sekundenschnell, da sie sich quasi selbst reinigt:<br \/>\nNach der Kaffeezubereitung den Kaffeepuck herausdr\u00fccken, den Gummistempel kurz abwischen, fertig! :)<\/p>\n<p>[\/spb_text_block] [spb_text_block pb_margin_bottom=&#8220;no&#8220; pb_border_bottom=&#8220;no&#8220; width=&#8220;1\/1&#8243; el_position=&#8220;first last&#8220;]<\/p>\n<p><strong><span style=\"font-size: 14pt;\">AeroPress-Meisterschaften<\/span><\/strong><\/p>\n<p>Die einfachste Benutzung l\u00e4sst zu, sich in ca. 1:30min. einen genialen Kaffee zuzubereiten.<br \/>\nDurch die M\u00f6glichkeit alle Parameter zur Erstellung eines Kaffees selbst und per Hand steuern zu k\u00f6nnen, hat es die AeroPress inzwischen zu einer riesigen Fangemeinde gebracht. So finden mittlerweile weltweit AeroPress-Meisterschaften statt, in deren Mittelpunkt die perfekte Tassenfilterung steht.<\/p>\n<p>[\/spb_text_block] [\/spb_column] [spb_column width=&#8220;1\/2&#8243; el_position=&#8220;last&#8220;] [spb_video link=&#8220;https:\/\/youtu.be\/iFQsmaopufg?t=6s&#8220; full_width=&#8220;yes&#8220; width=&#8220;1\/1&#8243; el_position=&#8220;first last&#8220;] [spb_text_block pb_margin_bottom=&#8220;no&#8220; pb_border_bottom=&#8220;no&#8220; width=&#8220;1\/1&#8243; el_position=&#8220;first last&#8220;]<\/p>\n<p><span style=\"font-size: 8pt;\">Youtube-Video von HasBean Coffee<\/span><\/p>\n<p>[\/spb_text_block] [\/spb_column]<\/p>\n","protected":false},"featured_media":24528,"template":"","meta":[],"product_cat":[194],"product_tag":[237,930],"_links":{"self":[{"href":"https:\/\/www.hotroastedlove.de\/hrl\/wp-json\/wp\/v2\/product\/24527"}],"collection":[{"href":"https:\/\/www.hotroastedlove.de\/hrl\/wp-json\/wp\/v2\/product"}],"about":[{"href":"https:\/\/www.hotroastedlove.de\/hrl\/wp-json\/wp\/v2\/types\/product"}],"wp:featuredmedia":[{"embeddable":true,"href":"https:\/\/www.hotroastedlove.de\/hrl\/wp-json\/wp\/v2\/media\/24528"}],"wp:attachment":[{"href":"https:\/\/www.hotroastedlove.de\/hrl\/wp-json\/wp\/v2\/media?parent=24527"}],"wp:term":[{"taxonomy":"product_cat","embeddable":true,"href":"https:\/\/www.hotroastedlove.de\/hrl\/wp-json\/wp\/v2\/product_cat?post=24527"},{"taxonomy":"product_tag","embeddable":true,"href":"https:\/\/www.hotroastedlove.de\/hrl\/wp-json\/wp\/v2\/product_tag?post=24527"}],"curies":[{"name":"wp","href":"https:\/\/api.w.org\/{rel}","templated":true}]}}