{"id":24336,"date":"2023-12-06T16:40:39","date_gmt":"2023-12-06T15:40:39","guid":{"rendered":"https:\/\/www.hotroastedlove.de\/hrl\/?post_type=product&#038;p=24336"},"modified":"2024-01-12T17:47:04","modified_gmt":"2024-01-12T16:47:04","slug":"kolumbien-finca-belen","status":"publish","type":"product","link":"https:\/\/www.hotroastedlove.de\/hrl\/produkt\/kolumbien-finca-belen\/","title":{"rendered":"KOLUMBIEN FINCA BEL\u00c9N"},"content":{"rendered":"<p>[spb_column width=&#8220;1\/1&#8243; el_position=&#8220;first last&#8220;] [spb_text_block pb_margin_bottom=&#8220;no&#8220; pb_border_bottom=&#8220;no&#8220; width=&#8220;1\/1&#8243; el_position=&#8220;first last&#8220;]\n<p><strong><span style=\"font-size: 14pt;\">KOLUMBIEN FINCA BEL\u00c9N<\/span><\/strong><\/p>\n<p><strong>K\u00f6rperreich und dunkelsch\u00f6n!<br \/>\n<\/strong><\/p>\n<p>Die Finca Belen liegt im Staat Montenegro auf etwa 1350 m \u00fc.d.M. Dort w\u00e4chst dieser wundervolle und naturbelassene Kaffee in der Variet\u00e4t Pink Bourbon als Schattenflanze neben Orangenb\u00e4umen und Kakao &#8211; k\u00f6rperreich und dunkelsch\u00f6n im Geschmack. Nur die vollreifen Kirschen werden von Hand gepfl\u00fcckt, dann anaerob 64 Stunden fermentiert und als Natural getrocknet. Danach nochmal sortiert. Die viele Handarbeit zahlt sich aus und ergibt nach R\u00f6stung geschmackliche Noten von Madeira-Wein und Rosen in einer k\u00f6rperreichen dunklen Tiefe.<\/p>\n<p><strong>DIRECT TRADE, MICORLOT<br \/>\n<\/strong><strong>Herkunft:<\/strong> Kolumbien, Quindio, Montenegro<br \/>\n<span id=\"result_box\" class=\"\" lang=\"de\"><span title=\"Luz Soraida Restrepo of Finca La Paz in Concordia, Antioquia produces a subtle and pleasant coffee with a fragrance of milk chocolate with a hint of peach and spices.&lt;br \/&gt;&lt;br &gt;&lt;\/span&gt;\"><strong>Farm:<\/strong> Bel\u00e9n<br \/>\n<\/span><\/span><strong>Kaffeesorte: <\/strong>100% Arabica, Pink Bourbon<br \/>\n<strong>Aufbereitung:<\/strong> natural und anaerob (64 Std.)<br \/>\n<strong>Anbauh\u00f6he:<\/strong> 1350m<span id=\"result_box\" class=\"\" lang=\"de\"><\/span><br \/>\n<strong>Cupping Score:<\/strong> 87,75<span id=\"result_box\" class=\"\" lang=\"de\"><\/span><br \/>\n<strong>Geschmacksprofil:<\/strong> Madeira- und Rosennote in k\u00f6rperreicher dunkler Tiefe<\/p>\n<p><strong>FOB-Preis (free on board price):<\/strong> $13.68 USD\/KG<\/p>\n[\/spb_text_block] [\/spb_column] [spb_text_block pb_margin_bottom=&#8220;no&#8220; pb_border_bottom=&#8220;no&#8220; width=&#8220;1\/1&#8243; el_position=&#8220;first last&#8220;]\n<div class=\"BorlabsCookie _brlbs-cb-googlemaps\"><div class=\"_brlbs-content-blocker\"> <div class=\"_brlbs-embed _brlbs-google-maps\"> <img class=\"_brlbs-thumbnail\" src=\"https:\/\/www.hotroastedlove.de\/hrl\/wp-content\/plugins\/borlabs-cookie\/assets\/images\/cb-maps.png\" alt=\"Google Maps\"> <div class=\"_brlbs-caption\"> <p>Mit dem Laden der Karte akzeptieren Sie die Datenschutzerkl\u00e4rung von Google.<br><a href=\"https:\/\/policies.google.com\/privacy\" target=\"_blank\" rel=\"nofollow noopener noreferrer\">Mehr erfahren<\/a><\/p> <p><a class=\"_brlbs-btn\" href=\"#\" data-borlabs-cookie-unblock role=\"button\">Karte laden<\/a><\/p> <p><label><input type=\"checkbox\" name=\"unblockAll\" value=\"1\" checked> <small>Google Maps immer entsperren<\/small><\/label><\/p> <\/div> <\/div> <\/div><div class=\"borlabs-hide\" data-borlabs-cookie-type=\"content-blocker\" data-borlabs-cookie-id=\"googlemaps\"><script type=\"text\/template\">ICAgICAgICAgICAgPHNjcmlwdCB0eXBlPSJ0ZXh0L2phdmFzY3JpcHQiPg0KICAgICAgICAgICAgICAgIGpRdWVyeShkb2N1bWVudCkucmVhZHkoZnVuY3Rpb24gKCQpIHsNCiAgICAgICAgICAgICAgICAgICAgdmFyIHdnbV9tYXAgPSBuZXcgZ29vZ2xlLm1hcHMuTWFwKGRvY3VtZW50LmdldEVsZW1lbnRCeUlkKCJzcm1fZ21wX2VtYmVkXzEiKSwgew0KICAgICAgICAgICAgICAgICAgICAgICAgY2VudGVyOiBuZXcgZ29vZ2xlLm1hcHMuTGF0TG5nKDQuMzk3NzY5Nzc1NTc2MzM5LC03NS42Mzk2ODg5OTA4ODcxOCksDQogICAgICAgICAgICAgICAgICAgICAgICB6b29tOjYsDQogICAgICAgICAgICAgICAgICAgICAgICBtYXBUeXBlSWQ6IGdvb2dsZS5tYXBzLk1hcFR5cGVJZC5ST0FETUFQLA0KICAgICAgICAgICAgICAgICAgICAgICAgc2Nyb2xsd2hlZWw6IHRydWUsDQogICAgICAgICAgICAgICAgICAgICAgICB6b29tQ29udHJvbDogZmFsc2UsDQogICAgICAgICAgICAgICAgICAgICAgICBtYXBUeXBlQ29udHJvbDogZmFsc2UsDQogICAgICAgICAgICAgICAgICAgICAgICBzdHJlZXRWaWV3Q29udHJvbDogdHJ1ZSwNCiAgICAgICAgICAgICAgICAgICAgICAgIGZ1bGxzY3JlZW5Db250cm9sOiB0cnVlLA0KICAgICAgICAgICAgICAgICAgICAgICAgZHJhZ2dhYmxlOiB0cnVlLA0KICAgICAgICAgICAgICAgICAgICAgICAgZGlzYWJsZURvdWJsZUNsaWNrWm9vbTogZmFsc2UsDQogICAgICAgICAgICAgICAgICAgICAgICBwYW5Db250cm9sOiBmYWxzZSAgICAgICAgICAgICAgICAgICAgfSk7DQogICAgICAgICAgICAgICAgICAgIHZhciB3Z21fdGhlbWVfanNvbiA9ICdbXSc7DQogICAgICAgICAgICAgICAgICAgIGlmICh3Z21fdGhlbWVfanNvbi5sZW5ndGggPiAwKSB7DQogICAgICAgICAgICAgICAgICAgICAgICB3Z21fbWFwLnNldE9wdGlvbnMoe3N0eWxlczogSlNPTi5wYXJzZSh3Z21fdGhlbWVfanNvbil9KTsNCiAgICAgICAgICAgICAgICAgICAgfQ0KICAgICAgICAgICAgICAgICAgICAvLyBUbyB2aWV3IGRpcmVjdGlvbnMgZm9ybSBhbmQgZGF0YQ0KICAgICAgICAgICAgICAgICAgICAgICAgICAgICAgICAgICAgICAgIHZhciB3Z21fZGF0YV8xID0gew0KICAgICAgICAgICAgICAgICAgICAgICAgJ2FjdGlvbic6ICd3cGdtYXBlbWJlZF9wX2dldF9tYXJrZXJzX2J5X21hcF9pZCcsDQogICAgICAgICAgICAgICAgICAgICAgICAnZGF0YSc6IHsNCiAgICAgICAgICAgICAgICAgICAgICAgICAgICBtYXBfaWQ6ICcyNDM0MCcsDQogICAgICAgICAgICAgICAgICAgICAgICAgICAgYWpheF9ub25jZTogJzMwZTA4MTFiNjUnDQogICAgICAgICAgICAgICAgICAgICAgICB9DQogICAgICAgICAgICAgICAgICAgIH07DQogICAgICAgICAgICAgICAgICAgIHZhciB3Z21fYWpheHVybF8xID0gJ2h0dHBzOi8vd3d3LmhvdHJvYXN0ZWRsb3ZlLmRlL2hybC93cC1hZG1pbi9hZG1pbi1hamF4LnBocCcNCiAgICAgICAgICAgICAgICAgICAgalF1ZXJ5LnBvc3Qod2dtX2FqYXh1cmxfMSwgd2dtX2RhdGFfMSwgZnVuY3Rpb24gKHJlc3BvbnNlKSB7DQogICAgICAgICAgICAgICAgICAgICAgICByZXNwb25zZSA9IEpTT04ucGFyc2UocmVzcG9uc2UpOw0KICAgICAgICAgICAgICAgICAgICAgICAgaWYgKHJlc3BvbnNlLm1hcmtlcnMubGVuZ3RoID09PSAxKSB7DQogICAgICAgICAgICAgICAgICAgICAgICAgICAgdmFyIHdnbV9tYXJrZXJfdG9fMSA9IHJlc3BvbnNlLm1hcmtlcnNbMF0ubWFya2VyX2Rlc2MucmVwbGFjZSgvJmd0Oy9nLCAnPicpLnJlcGxhY2UoLyZsdDsvZywgJzwnKTsNCiAgICAgICAgICAgICAgICAgICAgICAgICAgICBqUXVlcnkoJyNzcm1fZ21hcF90b18xJykudmFsKHdnbV9tYXJrZXJfdG9fMS5yZXBsYWNlKC8oPChbXj5dKyk+KS9naSwgIiIpKTsNCiAgICAgICAgICAgICAgICAgICAgICAgIH0NCiAgICAgICAgICAgICAgICAgICAgICAgIHZhciB3Z21fZGVmYXVsdF9tYXJrZXJfaWNvbl8xID0gJ2h0dHBzOi8vbWFwcy5nc3RhdGljLmNvbS9tYXBmaWxlcy9hcGktMy9pbWFnZXMvc3BvdGxpZ2h0LXBvaTIucG5nJzsNCiAgICAgICAgICAgICAgICAgICAgICAgIGlmIChyZXNwb25zZS5tYXJrZXJzLmxlbmd0aCA+IDApIHsNCiAgICAgICAgICAgICAgICAgICAgICAgICAgICB2YXIgY3VzdG9tX21hcmtlcnMgPSBbXTsNCiAgICAgICAgICAgICAgICAgICAgICAgICAgICB2YXIgY3VzdG9tX21hcmtlcl9pbmZvd2luZG93cyA9IFtdOw0KICAgICAgICAgICAgICAgICAgICAgICAgICAgIHJlc3BvbnNlLm1hcmtlcnMuZm9yRWFjaChmdW5jdGlvbiAod2dtX21hcmtlciwgaSkgew0KICAgICAgICAgICAgICAgICAgICAgICAgICAgICAgICB2YXIgd2dtX21hcmtlcl9sYXRfbG5nXzEgPSB3Z21fbWFya2VyLmxhdF9sbmcuc3BsaXQoJywnKTsNCiAgICAgICAgICAgICAgICAgICAgICAgICAgICAgICAgd2dtX2N1c3RvbV9tYXJrZXJfMSA9IG5ldyBnb29nbGUubWFwcy5NYXJrZXIoew0KICAgICAgICAgICAgICAgICAgICAgICAgICAgICAgICAgICAgcG9zaXRpb246IG5ldyBnb29nbGUubWFwcy5MYXRMbmcod2dtX21hcmtlcl9sYXRfbG5nXzFbMF0sIHdnbV9tYXJrZXJfbGF0X2xuZ18xWzFdKSwNCiAgICAgICAgICAgICAgICAgICAgICAgICAgICAgICAgICAgIHRpdGxlOiB3Z21fbWFya2VyLm1hcmtlcl9uYW1lLA0KICAgICAgICAgICAgICAgICAgICAgICAgICAgICAgICAgICAgYW5pbWF0aW9uOiBnb29nbGUubWFwcy5BbmltYXRpb24uRFJPUCwNCiAgICAgICAgICAgICAgICAgICAgICAgICAgICAgICAgICAgIGljb246ICh3Z21fbWFya2VyLmljb24gPT09ICcnKSA\/IHdnbV9kZWZhdWx0X21hcmtlcl9pY29uXzEgOiB3Z21fbWFya2VyLmljb24NCiAgICAgICAgICAgICAgICAgICAgICAgICAgICAgICAgfSk7DQogICAgICAgICAgICAgICAgICAgICAgICAgICAgICAgIGN1c3RvbV9tYXJrZXJzW2ldID0gd2dtX2N1c3RvbV9tYXJrZXJfMTsNCiAgICAgICAgICAgICAgICAgICAgICAgICAgICAgICAgd2dtX2N1c3RvbV9tYXJrZXJfMS5zZXRNYXAod2dtX21hcCk7DQogICAgICAgICAgICAgICAgICAgICAgICAgICAgICAgIHZhciB3Z21fbWFya2VyX25hbWVfMSA9ICh3Z21fbWFya2VyLm1hcmtlcl9uYW1lICE9PSBudWxsKSA\/ICgnPHNwYW4gY2xhc3M9ImluZm9fY29udGVudF90aXRsZSIgc3R5bGU9ImZvbnQtc2l6ZToxOHB4O2ZvbnQtd2VpZ2h0OiBib2xkO2ZvbnQtZmFtaWx5OiBBcmlhbDsiPicNCiAgICAgICAgICAgICAgICAgICAgICAgICAgICAgICAgICAgICsgd2dtX21hcmtlci5tYXJrZXJfbmFtZSArDQogICAgICAgICAgICAgICAgICAgICAgICAgICAgICAgICAgICAnPC9zcGFuPjxici8+JykgOiAnJzsNCiAgICAgICAgICAgICAgICAgICAgICAgICAgICAgICAgd2dtX21hcmtlci5tYXJrZXJfZGVzYyA9IHdnbV9tYXJrZXIubWFya2VyX2Rlc2MucmVwbGFjZSgvJmd0Oy9nLCAnPicpLnJlcGxhY2UoLyZsdDsvZywgJzwnKTsNCiAgICAgICAgICAgICAgICAgICAgICAgICAgICAgICAgY3VzdG9tX21hcmtlcl9pbmZvd2luZG93ID0gbmV3IGdvb2dsZS5tYXBzLkluZm9XaW5kb3coew0KICAgICAgICAgICAgICAgICAgICAgICAgICAgICAgICAgICAgY29udGVudDogd2dtX21hcmtlcl9uYW1lXzEgKyB3Z21fbWFya2VyLm1hcmtlcl9kZXNjDQogICAgICAgICAgICAgICAgICAgICAgICAgICAgICAgIH0pOw0KICAgICAgICAgICAgICAgICAgICAgICAgICAgICAgICBjdXN0b21fbWFya2VyX2luZm93aW5kb3dzW2ldID0gY3VzdG9tX21hcmtlcl9pbmZvd2luZG93Ow0KICAgICAgICAgICAgICAgICAgICAgICAgICAgICAgICBpZiAod2dtX21hcmtlci5zaG93X2Rlc2NfYnlfZGVmYXVsdCA9PT0gJzEnKSB7DQogICAgICAgICAgICAgICAgICAgICAgICAgICAgICAgICAgICBjdXN0b21fbWFya2VyX2luZm93aW5kb3cub3Blbih7DQogICAgICAgICAgICAgICAgICAgICAgICAgICAgICAgICAgICAgICAgYW5jaG9yOiB3Z21fY3VzdG9tX21hcmtlcl8xLA0KICAgICAgICAgICAgICAgICAgICAgICAgICAgICAgICAgICAgICAgIHNob3VsZEZvY3VzOiBmYWxzZQ0KICAgICAgICAgICAgICAgICAgICAgICAgICAgICAgICAgICAgfSk7DQogICAgICAgICAgICAgICAgICAgICAgICAgICAgICAgIH0gZWxzZSB7DQogICAgICAgICAgICAgICAgICAgICAgICAgICAgICAgICAgICBnb29nbGUubWFwcy5ldmVudC5hZGRMaXN0ZW5lcih3Z21fY3VzdG9tX21hcmtlcl8xLCAnY2xpY2snLCBmdW5jdGlvbiAoKSB7DQogICAgICAgICAgICAgICAgICAgICAgICAgICAgICAgICAgICAgICAgY3VzdG9tX21hcmtlcl9pbmZvd2luZG93c1tpXS5vcGVuKHsNCiAgICAgICAgICAgICAgICAgICAgICAgICAgICAgICAgICAgICAgICAgICAgYW5jaG9yOiBjdXN0b21fbWFya2Vyc1tpXSwNCiAgICAgICAgICAgICAgICAgICAgICAgICAgICAgICAgICAgICAgICAgICAgc2hvdWxkRm9jdXM6IGZhbHNlDQogICAgICAgICAgICAgICAgICAgICAgICAgICAgICAgICAgICAgICAgfSk7DQogICAgICAgICAgICAgICAgICAgICAgICAgICAgICAgICAgICB9KTsNCiAgICAgICAgICAgICAgICAgICAgICAgICAgICAgICAgfQ0KICAgICAgICAgICAgICAgICAgICAgICAgICAgICAgICBpZiAod2dtX21hcmtlci5oYXZlX21hcmtlcl9saW5rID09PSAnMScpIHsNCiAgICAgICAgICAgICAgICAgICAgICAgICAgICAgICAgICAgIGdvb2dsZS5tYXBzLmV2ZW50LmFkZExpc3RlbmVyKHdnbV9jdXN0b21fbWFya2VyXzEsICdjbGljaycsIGZ1bmN0aW9uICgpIHsNCiAgICAgICAgICAgICAgICAgICAgICAgICAgICAgICAgICAgICAgICB2YXIgd2dtX3RhcmdldCA9ICdfc2VsZic7DQogICAgICAgICAgICAgICAgICAgICAgICAgICAgICAgICAgICAgICAgaWYgKHdnbV9tYXJrZXIubWFya2VyX2xpbmtfbmV3X3RhYiA9PT0gJzEnKSB7DQogICAgICAgICAgICAgICAgICAgICAgICAgICAgICAgICAgICAgICAgICAgIHdnbV90YXJnZXQgPSAnX2JsYW5rJzsNCiAgICAgICAgICAgICAgICAgICAgICAgICAgICAgICAgICAgICAgICB9DQogICAgICAgICAgICAgICAgICAgICAgICAgICAgICAgICAgICAgICAgd2luZG93Lm9wZW4od2dtX21hcmtlci5tYXJrZXJfbGluaywgd2dtX3RhcmdldCk7DQogICAgICAgICAgICAgICAgICAgICAgICAgICAgICAgICAgICB9KTsNCiAgICAgICAgICAgICAgICAgICAgICAgICAgICAgICAgfQ0KICAgICAgICAgICAgICAgICAgICAgICAgICAgIH0pOw0KICAgICAgICAgICAgICAgICAgICAgICAgfQ0KICAgICAgICAgICAgICAgICAgICB9KTsNCiAgICAgICAgICAgICAgICB9KTsNCg0KICAgICAgICAgICAgPC9zY3JpcHQ+DQoNCiAgICAgICAgICAgIDxkaXYgaWQ9InNybV9nbXBfZW1iZWRfMSINCiAgICAgICAgICAgICAgICAgc3R5bGU9IndpZHRoOjEwMCUgIWltcG9ydGFudDtoZWlnaHQ6MzAwcHggICFpbXBvcnRhbnQ7ICI+DQogICAgICAgICAgICA8L2Rpdj4NCiAgICAgICAgICAgICAgICAgICAg<\/script><\/div><\/div>\n[\/spb_text_block] [blank_spacer height=&#8220;30px&#8220; width=&#8220;1\/1&#8243; el_position=&#8220;first last&#8220;] [spb_text_block pb_margin_bottom=&#8220;no&#8220; pb_border_bottom=&#8220;no&#8220; width=&#8220;1\/1&#8243; el_position=&#8220;first last&#8220;]\n<p><strong><span style=\"font-size: 14pt;\">Direct Trade<\/span><\/strong><\/p>\n<p>Direkthandelsinitiativen investieren in den Aufbau der Kleinbauern und in Kooperativen vor Ort. Im Direkthandel wird den Kaffeebauern ein weit \u00fcber dem Markt \u00fcblicher Preis f\u00fcr hohe Kaffeequalit\u00e4t und spezielle Kaffeesorten bezahlt, der oft auch \u00fcber den Preisgarantien der Fair Trade-Zertifizierung liegt. Der Preis wird in der Regel mit den Produzenten pers\u00f6nlich und ohne Zwischenh\u00e4ndler (z.B. B\u00f6rse) ausgehandelt.<\/p>\n<p>Vom naturnahen und m\u00f6glichst gemeinschaftlichen Anbau, der manuellen Ernte (meist Picking), der sorgf\u00e4ltigen Verarbeitung und den Lebensbedingungen von Bauern und Erntehelfern \u00fcberzeugen sich unsere Importpartner regelm\u00e4\u00dfig selbst vor Ort. So sichern sie die R\u00fcckverfolgbarkeit bis zum Ursprung.<\/p>\n<p>&gt;&gt; <a title=\"WARUM DIRECT TRADE MEHR ALS FAIR IST\" href=\"https:\/\/www.hotroastedlove.de\/hrl\/warum-direct-trade\/\">Mehr zum Thema Direct Trade<\/a><\/p>\n[\/spb_text_block] [blank_spacer height=&#8220;30px&#8220; width=&#8220;1\/1&#8243; el_position=&#8220;first last&#8220;]\n","protected":false},"excerpt":{"rendered":"<p>[spb_column width=&#8220;1\/1&#8243; el_position=&#8220;first last&#8220;] [spb_text_block pb_margin_bottom=&#8220;no&#8220; pb_border_bottom=&#8220;no&#8220; width=&#8220;1\/1&#8243; el_position=&#8220;first last&#8220;]<\/p>\n<p><strong><span style=\"font-size: 14pt;\">Coffee, please! NICARAGUA JESUS MOUNTAIN<\/span><br \/>\n<\/strong><\/p>\n<p>Sch\u00f6n ausbalanciert und s\u00fc\u00df-saftig macht dieser Kaffee aus den Bergen von Jalapa Nueva Segovia direkt Lust auf die n\u00e4chste Tasse und die n\u00e4chste Tasse und die n\u00e4chste Tasse. Er ist auch floral, aber vor allem die saftigen Noten von Lemon Tea machen ihn nicht nur als hei\u00dfen Filterkaffee, sondern besonders auch auch als ColdBrew sehr intererssant. S\u00fc\u00dfe, S\u00e4ure, K\u00f6rper, Aroma &#8211; alles passt und ergibt einen supersch\u00f6n s\u00fcffigen Kaffee!<\/p>\n<p>Die Familie Peralta betreibt Farm Cerro de Jes\u00fas in den Bergen von Jalapa Nueva Segovia. Die Farm ist einzigartig in den verschiedenen Mikroklimata, verschiedenen Sorten und in der Geschichte der Herstellung von gutem Kaffee. Jedes Jahr bringen die unterschiedlichen Parzellen (wald\u00e4hnliche Parzellen mit reichlich schattenspendenden B\u00e4umen, bis zu hoch gelegenen Parzellen, die mit sehr wenig beschnittenen Schattenb\u00e4umen zurechtkommen) sehr interessante Kaffees hervor.<\/p>\n<p>Wir haben das Gl\u00fcck Euch das Microlot &#8222;Don David&#8220; anbieten zu k\u00f6nnen, von dem es in der aktuellen Ernte nur 138kg gibt.<\/p>\n<p><strong>DIRECT TRADE, SINGLE ESTATE, MICROLOT<br \/>\n<\/strong><strong>Herkunft:<\/strong> Nicaragua, Jalapa, Nueva Segovia<br \/>\n<strong>Kaffeesorte:<\/strong> 100% Arabica, Variet\u00e4ten: Ethiosar F1, Microlot &#8222;Don David&#8220;<br \/>\n<strong>Aufbereitung:<\/strong> handpicked, washed, 13 days drying on raised beds<br \/>\n<strong>Anbauh\u00f6he:<\/strong> ca. 1300m<br \/>\n<strong>Kaffeefarm:<\/strong> Cerro de Jes\u00fas, Peralta Family<br \/>\n<strong>Geschmacksprofil:<\/strong> Floral-fruchtig und saftig mit Noten von Lemon Tea, Jasmin, Kaffeebl\u00fcte<\/p>\n<p>[\/spb_text_block] [\/spb_column] [spb_single_image image=&#8220;15798&#8243; image_size=&#8220;full&#8220; frame=&#8220;noframe&#8220; intro_animation=&#8220;none&#8220; full_width=&#8220;no&#8220; lightbox=&#8220;no&#8220; link_target=&#8220;_self&#8220; width=&#8220;1\/1&#8243; el_position=&#8220;first last&#8220;] [spb_gmaps address=&#8220;Nueva Segovia, Nicaragua&#8220; size=&#8220;300&#8243; type=&#8220;roadmap&#8220; zoom=&#8220;6&#8243; saturation=&#8220;mono&#8220; pin_image=&#8220;12669&#8243; fullscreen=&#8220;no&#8220; width=&#8220;1\/1&#8243; el_position=&#8220;first last&#8220;] [blank_spacer height=&#8220;30px&#8220; width=&#8220;1\/1&#8243; el_position=&#8220;first last&#8220;] [spb_text_block pb_margin_bottom=&#8220;no&#8220; pb_border_bottom=&#8220;no&#8220; width=&#8220;1\/1&#8243; el_position=&#8220;first last&#8220;]<\/p>\n<p><strong><span style=\"font-size: 14pt;\">Direct Trade<\/span><\/strong><\/p>\n<p>Direkthandelsinitiativen investieren in den Aufbau der Kleinbauern und in Kooperativen vor Ort. Im Direkthandel wird den Kaffeebauern ein weit \u00fcber dem Markt \u00fcblicher Preis f\u00fcr hohe Kaffeequalit\u00e4t und spezielle Kaffeesorten bezahlt, der oft auch \u00fcber den Preisgarantien der Fair Trade-Zertifizierung liegt. Der Preis wird in der Regel mit den Produzenten pers\u00f6nlich und ohne Zwischenh\u00e4ndler (z.B. B\u00f6rse) ausgehandelt.<\/p>\n<p>Vom naturnahen und m\u00f6glichst gemeinschaftlichen Anbau, der manuellen Ernte (meist Picking), der sorgf\u00e4ltigen Verarbeitung und den Lebensbedingungen von Bauern und Erntehelfern \u00fcberzeugen sich unsere Importpartner regelm\u00e4\u00dfig selbst vor Ort. So sichern sie die R\u00fcckverfolgbarkeit bis zum Ursprung.<\/p>\n<p>&gt;&gt; <a title=\"WARUM DIRECT TRADE MEHR ALS FAIR IST\" href=\"https:\/\/www.hotroastedlove.de\/hrl\/warum-direct-trade\/\">Mehr zum Thema Direct Trade<\/a><\/p>\n<p>[\/spb_text_block] [blank_spacer height=&#8220;30px&#8220; width=&#8220;1\/1&#8243; el_position=&#8220;first last&#8220;]<\/p>\n","protected":false},"featured_media":24334,"template":"","meta":[],"product_cat":[20],"product_tag":[252,565,925,247,926],"_links":{"self":[{"href":"https:\/\/www.hotroastedlove.de\/hrl\/wp-json\/wp\/v2\/product\/24336"}],"collection":[{"href":"https:\/\/www.hotroastedlove.de\/hrl\/wp-json\/wp\/v2\/product"}],"about":[{"href":"https:\/\/www.hotroastedlove.de\/hrl\/wp-json\/wp\/v2\/types\/product"}],"wp:featuredmedia":[{"embeddable":true,"href":"https:\/\/www.hotroastedlove.de\/hrl\/wp-json\/wp\/v2\/media\/24334"}],"wp:attachment":[{"href":"https:\/\/www.hotroastedlove.de\/hrl\/wp-json\/wp\/v2\/media?parent=24336"}],"wp:term":[{"taxonomy":"product_cat","embeddable":true,"href":"https:\/\/www.hotroastedlove.de\/hrl\/wp-json\/wp\/v2\/product_cat?post=24336"},{"taxonomy":"product_tag","embeddable":true,"href":"https:\/\/www.hotroastedlove.de\/hrl\/wp-json\/wp\/v2\/product_tag?post=24336"}],"curies":[{"name":"wp","href":"https:\/\/api.w.org\/{rel}","templated":true}]}}