{"id":23984,"date":"2022-08-08T17:58:55","date_gmt":"2022-08-08T15:58:55","guid":{"rendered":"https:\/\/www.hotroastedlove.de\/hrl\/?post_type=product&#038;p=23984"},"modified":"2024-07-10T12:06:42","modified_gmt":"2024-07-10T10:06:42","slug":"hario-switch-immersion-dripper-03","status":"publish","type":"product","link":"https:\/\/www.hotroastedlove.de\/hrl\/produkt\/hario-switch-immersion-dripper-03\/","title":{"rendered":"HARIO SWITCH IMMERSION DRIPPER 03"},"content":{"rendered":"[spb_text_block pb_margin_bottom=&#8220;no&#8220; pb_border_bottom=&#8220;no&#8220; width=&#8220;1\/1&#8243; el_position=&#8220;first last&#8220;]\n<p><span style=\"font-size: 14pt;\"><strong>HARIO SWITCH IMMERSION DRIPPER 03<\/strong><\/span><\/p>\n<p><strong><span style=\"font-size: 14pt;\">Flexible in der Zubereitung: F\u00fcr Pour-Over und Full-Immersion!<\/span><br \/>\n<\/strong><\/p>\n<p>Der Hario SWITCH ist als flexibler Immersion Dripper konzipiert und kann so auch optional als herk\u00f6mmlicher V60 Dripper genutzt werden. In der Full-Immersion-Methode lassen sich bis zu 360ml Kaffee mit einem Aufguss herstellen. Nutzt Du den Switch als ganz &#8222;normalen&#8220; Dripper lassen sich \u00fcber ein Liter Kaffee mit einem Mal aufgie\u00dfen.<\/p>\n<p>Die Flexibilit\u00e4t des Hario Switch er\u00f6ffnet Ihnen eine Vielzahl an M\u00f6glichkeiten, um den perfekten Kaffee ganz nach Deinem Geschmack zu br\u00fchen.<\/p>\n<p><strong>Folgendes Filterpapier eignet sich f\u00fcr diesen Handfilter:<\/strong><br \/>\nHario Filterpapier in der Gr\u00f6\u00dfe 02 gibts hier im Shop, wenn Du f\u00fcr diesen Filter das passende <strong>Hario 03 Papier<\/strong> haben m\u00f6chtest, kauf einfach das 02er Papier und schreibe einen kurzen Hinweis in die Bemerkungen der Bestellung. Wir legen dann stattdessen das 03er Papier mir rein. Es sind aber auch zudem 20 Filterpapiere in der Gr\u00f6\u00dfe 03 beim Hario Switch mit dabei.<\/p>\n<p>&nbsp;<\/p>\n[\/spb_text_block] [spb_video link=&#8220;https:\/\/www.youtube.com\/watch?v=g9diFrEkn3M&#8220; full_width=&#8220;no&#8220; width=&#8220;1\/1&#8243; el_position=&#8220;first last&#8220;]\n","protected":false},"excerpt":{"rendered":"<p>[spb_text_block pb_margin_bottom=&#8220;no&#8220; pb_border_bottom=&#8220;no&#8220; width=&#8220;1\/2&#8243; el_position=&#8220;first&#8220;]<\/p>\n<h3><strong><span style=\"font-size: 14pt;\">Der Aufbau des Hario V60<\/span><\/strong><\/h3>\n<p>Raffinessen dieses Filters im Detail:<br \/>\n<strong>V<\/strong> = Kegelform mit<br \/>\n<strong>60<\/strong> = 60\u00b0 Neigungswinkel (steiler als herk\u00f6mmliche Handfilter))<\/p>\n<p>Der Hario V60 Keramikfilter wirkt durch seine schlichte Gestaltung klassisch und stylisch zugleich.<br \/>\nEs gibt eine Boden\u00f6ffnung die deutlich gr\u00f6\u00dfer ist, als der Durchfluss beim traditionellen Melitta-Handfilter. Durch die bogenf\u00f6rmige und konisch zulaufende Wasserf\u00fchrung wird der Kaffee optimal und gleichm\u00e4\u00dfig extrahiert.<\/p>\n<p><strong><span style=\"font-size: 14pt;\">Die Verwendung des Hario V60<\/span><\/strong><\/p>\n<p>F\u00fcr den Porzellanfilter gibt es passendes sauerstoffgebleichtes, wei\u00dfes Filterpapier hier im Shop.<br \/>\nDieses ist geschmacksneutral, h\u00e4lt zuverl\u00e4ssig nicht gew\u00fcnschte Kaffeesedimente zur\u00fcck und f\u00fchrt zu einer klaren Tasse.<\/p>\n<p>&nbsp;<\/p>\n<p>[\/spb_text_block] [spb_single_image image=&#8220;12623&#8243; image_size=&#8220;full&#8220; frame=&#8220;glowframe&#8220; intro_animation=&#8220;none&#8220; full_width=&#8220;no&#8220; lightbox=&#8220;no&#8220; link_target=&#8220;_self&#8220; width=&#8220;1\/2&#8243; el_position=&#8220;last&#8220;]<\/p>\n","protected":false},"featured_media":23886,"template":"","meta":[],"product_cat":[194],"product_tag":[839,840,236,235],"_links":{"self":[{"href":"https:\/\/www.hotroastedlove.de\/hrl\/wp-json\/wp\/v2\/product\/23984"}],"collection":[{"href":"https:\/\/www.hotroastedlove.de\/hrl\/wp-json\/wp\/v2\/product"}],"about":[{"href":"https:\/\/www.hotroastedlove.de\/hrl\/wp-json\/wp\/v2\/types\/product"}],"wp:featuredmedia":[{"embeddable":true,"href":"https:\/\/www.hotroastedlove.de\/hrl\/wp-json\/wp\/v2\/media\/23886"}],"wp:attachment":[{"href":"https:\/\/www.hotroastedlove.de\/hrl\/wp-json\/wp\/v2\/media?parent=23984"}],"wp:term":[{"taxonomy":"product_cat","embeddable":true,"href":"https:\/\/www.hotroastedlove.de\/hrl\/wp-json\/wp\/v2\/product_cat?post=23984"},{"taxonomy":"product_tag","embeddable":true,"href":"https:\/\/www.hotroastedlove.de\/hrl\/wp-json\/wp\/v2\/product_tag?post=23984"}],"curies":[{"name":"wp","href":"https:\/\/api.w.org\/{rel}","templated":true}]}}