{"id":23945,"date":"2022-07-31T09:36:12","date_gmt":"2022-07-31T07:36:12","guid":{"rendered":"https:\/\/www.hotroastedlove.de\/hrl\/?post_type=product&#038;p=23945"},"modified":"2024-11-22T09:31:47","modified_gmt":"2024-11-22T08:31:47","slug":"hario-stick-bottle-140ml-mini-thermosflasche","status":"publish","type":"product","link":"https:\/\/www.hotroastedlove.de\/hrl\/produkt\/hario-stick-bottle-140ml-mini-thermosflasche\/","title":{"rendered":"HARIO STICK BOTTLE 140ML &#8211; MINI THERMOSFLASCHE"},"content":{"rendered":"<p>[spb_column width=&#8220;1\/1&#8243; el_position=&#8220;first last&#8220;] [spb_text_block pb_margin_bottom=&#8220;no&#8220; pb_border_bottom=&#8220;no&#8220; width=&#8220;3\/4&#8243; el_position=&#8220;first last&#8220;]\n<p><strong><span style=\"font-size: 14pt;\">HARIO STICK BOTTLE<br \/>\n<\/span><\/strong><strong>f\u00fcr den kleinen Filterkaffee- oder Espressokick unterwegs.<\/strong><\/p>\n<p>Die HARIO Stick Bottle ist kompakt und passt super in die (Hosen-)Tasche. Die matte leicht strukturierte Textur des K\u00f6rpers gibt Gripp und sieht stylo aus. F\u00fcr frisch gebr\u00fchten Filterkaffee, Espresso, Tee oder einfach nur hei\u00dfes Wasser zum sp\u00e4teren Aufbr\u00fchen von Kaffee\/Espresso bei einem Picknick.<\/p>\n<p>W\u00e4rmespeicherung: 50 Grad&gt; (6 Stunden)<br \/>\nK\u00e4ltespeicherung: 14 Grad&lt; (6 Stunden)<\/p>\n[\/spb_text_block] [\/spb_column]<\/p>\n","protected":false},"excerpt":{"rendered":"<p>[spb_column width=&#8220;1\/2&#8243; el_position=&#8220;first&#8220;] [spb_text_block pb_margin_bottom=&#8220;no&#8220; pb_border_bottom=&#8220;no&#8220; width=&#8220;1\/1&#8243; el_position=&#8220;first last&#8220;]<\/p>\n<p><strong><span style=\"font-size: 14pt;\">Fellow Stagg Pour Over Black Kettle<br \/>\n<\/span><\/strong><\/p>\n<p>Formsch\u00f6n, mattschwarz und mit zwei richtig coolen Features kommt der Stagg Hei\u00dfwassserbereiter von Fellow daher.<\/p>\n<p>Mit einem Thermometer im Deckel zeigt er dir an, wann das Wasser die richtige Temperatur f\u00fcr die Kaffeezubereitung erreicht hat.<br \/>\nZudem hat der Kessel ein zus\u00e4tzliches Gewicht im Griff versteckt und bietet so eine bessere Balance &#8211; super geeignet zum langsamen und gleichm\u00e4\u00dfigen gie\u00dfen.<\/p>\n<p>Der Fellow Stagg Kettle ist noch nicht so lange am Markt, hat aber in der Spezialt\u00e4tenkaffee-Szene schon eine breite Fangemeinde.<\/p>\n<p><a title=\"Instructions and Safety Guide\" href=\"http:\/\/fellowproducts.com\/wp-content\/uploads\/2016\/08\/NOTFORPRINTStagg1.3_Warnings_OLV6.pdf\" target=\"_blank\" rel=\"noopener noreferrer\">Instructions and Safety Guide<\/a><a title=\"Youtube Video Baratza Encore vs. Baratza Virtuoso\" href=\"http:\/\/youtu.be\/UnuVTLzjzmg\" target=\"_blank\" rel=\"noopener noreferrer\"><br \/>\n<\/a><\/p>\n<p>[\/spb_text_block] [\/spb_column] [spb_column width=&#8220;1\/2&#8243; el_position=&#8220;last&#8220;] [blank_spacer height=&#8220;30px&#8220; width=&#8220;1\/1&#8243; el_position=&#8220;first last&#8220;] [spb_video link=&#8220;https:\/\/youtu.be\/bjuIvcfNK-c?t=1m46s&#8220; full_width=&#8220;no&#8220; width=&#8220;1\/1&#8243; el_position=&#8220;first last&#8220;] [spb_text_block pb_margin_bottom=&#8220;no&#8220; pb_border_bottom=&#8220;no&#8220; width=&#8220;1\/1&#8243; el_position=&#8220;first last&#8220;]<\/p>\n<p>Video credits to <em>Eight Ounce Coffee<\/em><\/p>\n<p>[\/spb_text_block] [\/spb_column]<\/p>\n","protected":false},"featured_media":23889,"template":"","meta":[],"product_cat":[194],"product_tag":[231,365,232,244,533],"_links":{"self":[{"href":"https:\/\/www.hotroastedlove.de\/hrl\/wp-json\/wp\/v2\/product\/23945"}],"collection":[{"href":"https:\/\/www.hotroastedlove.de\/hrl\/wp-json\/wp\/v2\/product"}],"about":[{"href":"https:\/\/www.hotroastedlove.de\/hrl\/wp-json\/wp\/v2\/types\/product"}],"wp:featuredmedia":[{"embeddable":true,"href":"https:\/\/www.hotroastedlove.de\/hrl\/wp-json\/wp\/v2\/media\/23889"}],"wp:attachment":[{"href":"https:\/\/www.hotroastedlove.de\/hrl\/wp-json\/wp\/v2\/media?parent=23945"}],"wp:term":[{"taxonomy":"product_cat","embeddable":true,"href":"https:\/\/www.hotroastedlove.de\/hrl\/wp-json\/wp\/v2\/product_cat?post=23945"},{"taxonomy":"product_tag","embeddable":true,"href":"https:\/\/www.hotroastedlove.de\/hrl\/wp-json\/wp\/v2\/product_tag?post=23945"}],"curies":[{"name":"wp","href":"https:\/\/api.w.org\/{rel}","templated":true}]}}