{"id":23932,"date":"2024-03-28T09:11:22","date_gmt":"2024-03-28T08:11:22","guid":{"rendered":"https:\/\/www.hotroastedlove.de\/hrl\/?post_type=product&#038;p=23932"},"modified":"2026-01-01T00:00:05","modified_gmt":"2025-12-31T23:00:05","slug":"varia-vs3-grinder-2nd-generation","status":"publish","type":"product","link":"https:\/\/www.hotroastedlove.de\/hrl\/produkt\/varia-vs3-grinder-2nd-generation\/","title":{"rendered":"VARIA VS3 GRINDER"},"content":{"rendered":"<p>[spb_column width=&#8220;1\/1&#8243; el_position=&#8220;first last&#8220;] [spb_text_block pb_margin_bottom=&#8220;no&#8220; pb_border_bottom=&#8220;no&#8220; width=&#8220;3\/4&#8243; el_position=&#8220;first last&#8220;]\n<p><strong><span style=\"font-size: 14pt;\">VARIA VS3 GRINDER &#8211; 2nd GENERATION<\/span><\/strong><\/p>\n<p><strong>Superleiser und kompakter Single-Doser f\u00fcr Filter- und Espressomahlungen!<\/strong><\/p>\n<p>Die Varia VS3 der 2. Generation verf\u00fcgt \u00fcber eine neue Motorkonstruktion mit Edelstahlgetriebe, die eine Mahlgeschwindigkeit von 190 U\/min sowohl f\u00fcr Espresso als auch f\u00fcr Filtereinstellungen bei gleichbleibender Pr\u00e4zision liefert.<\/p>\n<p>Zudem verf\u00fcgt sie \u00fcber eine aktualisierte Baugruppe mit verbesserter Ausrichtung und Konzentrizit\u00e4t der Antriebswelle und des Gratsets, was zu extremer Konsistenz und Pr\u00e4zision f\u00fchrt, zusammen mit einer maschinell bearbeiteten Antriebswelle mit einer Toleranz von 0,015 mm, doppellagigen Kugellagern der Klasse P5 f\u00fcr reibungslose Bewegungen und hochwertigen Hartkammerfedern f\u00fcr Stabilit\u00e4t, D\u00e4mpfung von Vibrationen und Erh\u00f6hung der Konsistenz.<\/p>\n<p>Das antistatische Design der M\u00fchle umfasst Metallteile, die mit einer antistatischen Oxidations-Oberfl\u00e4chenbehandlung versehen sind. Diese sorgt f\u00fcr eine minimale statische Aufladung und stellt sicher, dass der Kaffee w\u00e4hrend des gesamten Prozesses, vom Trichter bis zum Dosierbeh\u00e4lter, nur mit Metall in Ber\u00fchrung kommt.<\/p>\n<p>Mit der VS3 erhalten Sie genau den Mahlgrad, den Sie w\u00fcnschen. Die stufenlose Einstellung erfolgt durch Drehen des 30g-Hoppers in die gew\u00fcnschte Richtung. Mit praktisch unendlichen Optionen f\u00fcr die Partikelgr\u00f6\u00dfe und voller Kontrolle \u00fcber das Mahlgut.<\/p>\n<p>Die VARIA VS3 elektrische Kaffeem\u00fchle ist mit rutschfesten Silikonf\u00fc\u00dfen ausgestattet, die daf\u00fcr sorgen, dass die Maschine beim Mahlen an ihrem Platz bleibt.<\/p>\n<p><strong>Zero Retention Fokus<\/strong><br \/>\nDie elektrische Kaffeem\u00fchle verf\u00fcgt \u00fcber eine schr\u00e4ge Geometrie mit einem spitzen Winkel von 76,5\u00b0. Die Verwendung dieser Geometrie erm\u00f6glicht ideale Bedingungen f\u00fcr den Nullpunkt und einen besseren Arbeitsablauf beim Einf\u00fcllen des Kaffees in den Trichter und der Einstellung des Mahlgrads.<br \/>\nDer Totraum liegt bei weniger als 0,1g bei einer 10g-Dosis.<\/p>\n<p><strong>Beste user experience<br \/>\n<\/strong>Der minimalistische Ansatz macht die Nutzung der M\u00fchle wirklich inutitiv. So sind z. B. im Deckel des Hoppers Magnete integriert, die ein \u00d6ffnen und Schlie\u00dfen einfach und pr\u00e4zise machen. Auch der Dosierbecher hat im Boden einen Magneten um immer die exakte Position einzunehmen.<\/p>\n<p>&nbsp;<\/p>\n<p><strong>Zubeh\u00f6r<\/strong><br \/>\nVS3 Grinder (Edelstahl Supernova Grat installiert)<br \/>\nBenutzerhandbuch<br \/>\nDC-Netzadapter (einschlie\u00dflich ausgew\u00e4hltem AC-Netzkabel und Stecker)<br \/>\nMagnetischer Dosierbecher<br \/>\nSilikonfaltenbalg f\u00fcr Hopper<br \/>\n5mL RDT Spr\u00fchflasche<br \/>\nReinigungsb\u00fcrste<br \/>\nErsatzsatz von 4x Mahlwerkfedern<br \/>\nInbusschl\u00fcssel f\u00fcr Mahlwerkschrauben<\/p>\n[\/spb_text_block] [\/spb_column]<\/p>\n","protected":false},"excerpt":{"rendered":"<p>[spb_column width=&#8220;1\/2&#8243; el_position=&#8220;first&#8220;] [spb_text_block pb_margin_bottom=&#8220;no&#8220; pb_border_bottom=&#8220;no&#8220; width=&#8220;1\/1&#8243; el_position=&#8220;first last&#8220;]<\/p>\n<p><strong><span style=\"font-size: 14pt;\">Fellow Stagg Pour Over Black Kettle<br \/>\n<\/span><\/strong><\/p>\n<p>Formsch\u00f6n, mattschwarz und mit zwei richtig coolen Features kommt der Stagg Hei\u00dfwassserbereiter von Fellow daher.<\/p>\n<p>Mit einem Thermometer im Deckel zeigt er dir an, wann das Wasser die richtige Temperatur f\u00fcr die Kaffeezubereitung erreicht hat.<br \/>\nZudem hat der Kessel ein zus\u00e4tzliches Gewicht im Griff versteckt und bietet so eine bessere Balance &#8211; super geeignet zum langsamen und gleichm\u00e4\u00dfigen gie\u00dfen.<\/p>\n<p>Der Fellow Stagg Kettle ist noch nicht so lange am Markt, hat aber in der Spezialt\u00e4tenkaffee-Szene schon eine breite Fangemeinde.<\/p>\n<p><a title=\"Instructions and Safety Guide\" href=\"http:\/\/fellowproducts.com\/wp-content\/uploads\/2016\/08\/NOTFORPRINTStagg1.3_Warnings_OLV6.pdf\" target=\"_blank\" rel=\"noopener noreferrer\">Instructions and Safety Guide<\/a><a title=\"Youtube Video Baratza Encore vs. Baratza Virtuoso\" href=\"http:\/\/youtu.be\/UnuVTLzjzmg\" target=\"_blank\" rel=\"noopener noreferrer\"><br \/>\n<\/a><\/p>\n<p>[\/spb_text_block] [\/spb_column] [spb_column width=&#8220;1\/2&#8243; el_position=&#8220;last&#8220;] [blank_spacer height=&#8220;30px&#8220; width=&#8220;1\/1&#8243; el_position=&#8220;first last&#8220;] [spb_video link=&#8220;https:\/\/youtu.be\/bjuIvcfNK-c?t=1m46s&#8220; full_width=&#8220;no&#8220; width=&#8220;1\/1&#8243; el_position=&#8220;first last&#8220;] [spb_text_block pb_margin_bottom=&#8220;no&#8220; pb_border_bottom=&#8220;no&#8220; width=&#8220;1\/1&#8243; el_position=&#8220;first last&#8220;]<\/p>\n<p>Video credits to <em>Eight Ounce Coffee<\/em><\/p>\n<p>[\/spb_text_block] [\/spb_column]<\/p>\n","protected":false},"featured_media":23934,"template":"","meta":[],"product_cat":[194],"product_tag":[231,365,633,255,244,904],"_links":{"self":[{"href":"https:\/\/www.hotroastedlove.de\/hrl\/wp-json\/wp\/v2\/product\/23932"}],"collection":[{"href":"https:\/\/www.hotroastedlove.de\/hrl\/wp-json\/wp\/v2\/product"}],"about":[{"href":"https:\/\/www.hotroastedlove.de\/hrl\/wp-json\/wp\/v2\/types\/product"}],"wp:featuredmedia":[{"embeddable":true,"href":"https:\/\/www.hotroastedlove.de\/hrl\/wp-json\/wp\/v2\/media\/23934"}],"wp:attachment":[{"href":"https:\/\/www.hotroastedlove.de\/hrl\/wp-json\/wp\/v2\/media?parent=23932"}],"wp:term":[{"taxonomy":"product_cat","embeddable":true,"href":"https:\/\/www.hotroastedlove.de\/hrl\/wp-json\/wp\/v2\/product_cat?post=23932"},{"taxonomy":"product_tag","embeddable":true,"href":"https:\/\/www.hotroastedlove.de\/hrl\/wp-json\/wp\/v2\/product_tag?post=23932"}],"curies":[{"name":"wp","href":"https:\/\/api.w.org\/{rel}","templated":true}]}}