{"id":23597,"date":"2023-04-05T16:41:17","date_gmt":"2023-04-05T14:41:17","guid":{"rendered":"https:\/\/www.hotroastedlove.de\/hrl\/?post_type=product&#038;p=23597"},"modified":"2026-03-20T09:25:29","modified_gmt":"2026-03-20T08:25:29","slug":"baratza-encore-esp","status":"publish","type":"product","link":"https:\/\/www.hotroastedlove.de\/hrl\/produkt\/baratza-encore-esp\/","title":{"rendered":"BARATZA ENCORE ESP"},"content":{"rendered":"[spb_text_block pb_margin_bottom=&#8220;no&#8220; pb_border_bottom=&#8220;no&#8220; width=&#8220;1\/2&#8243; el_position=&#8220;first&#8220;]\n<p><strong><span style=\"font-size: 14pt;\">BARATZA ENCORE ESP\u2122<br \/>\nAromaschonende Kaffeem\u00fchle mit Kegelmahlwerk<br \/>\n<\/span><\/strong><\/p>\n<p>Die Encore\u2122 ist die ideale M\u00fchle f\u00fcr den Einstieg in die Welt der anspruchsvollen Espresso- und Filterkaffeezubereitung.<\/p>\n<p>Die ersten 20 Schritte sind auf das Mahlen f\u00fcr Espresso feinen Kaffee optimiert. Die Mahlgradeinstellungen 21 -40 f\u00fcr Filterkaffee. Die BARATZA ENCORE ESP erm\u00f6glicht konstante, wiederholbare Mahlergebnisse. F\u00fcr das Mahlen direkt in den Siebtr\u00e4ger ist die M\u00fchle mit einer an der Vorderseite platzierten Pulse-Taste ausgestattet. Zudem wird ein ein 54-mm-Dosierbecher (inkl. 58-mm-Adapterring) mitgeliefert der sich direkt in den Siebtr\u00e4ger umsch\u00fctten l\u00e4sst.<\/p>\n<p>Der leistungsstarke Gleichstrom-Motor in Verbindung mit der Kombination aus elektronischer Drehzahlregelung und Getriebeuntersetzung erm\u00f6glicht einen ger\u00e4uscharmen und trotzdem kraftvollen Mahlvorgang.<\/p>\n<p>Die Encore ESP verf\u00fcgt \u00fcber eine einzigartige Geschwindigkeitskontrolle, bei der eine Kombination aus Getriebe und elektronischer Drehzahlreduzierung zum Einsatz kommt, um die Rotation des Mahlgrads auf 550 U\/min zu begrenzen. Diese langsame Geschwindigkeit reduziert Hitze, L\u00e4rm und statische Aufladung des Mahlwerks.<\/p>\n<p><strong>Eignung f\u00fcr:<br \/>\n<\/strong>Espresso &#8211; sehr gut<br \/>\nBr\u00fchkaffee &#8211; gut bis sehr gut<\/p>\n<p>Wer \u00fcberwiegend Filterkaffee br\u00fcht ist auch mit der <a href=\"https:\/\/www.hotroastedlove.de\/hrl\/produkt\/baratza-encore\/\">&#8222;normalen&#8220; Encore<\/a> sehr gut bedient.<\/p>\n[\/spb_text_block] [spb_single_image image=&#8220;12623&#8243; image_size=&#8220;full&#8220; frame=&#8220;glowframe&#8220; intro_animation=&#8220;none&#8220; full_width=&#8220;no&#8220; lightbox=&#8220;yes&#8220; link_target=&#8220;_self&#8220; width=&#8220;1\/2&#8243; el_position=&#8220;last&#8220;]\n","protected":false},"excerpt":{"rendered":"<p>[spb_text_block pb_margin_bottom=&#8220;no&#8220; pb_border_bottom=&#8220;no&#8220; width=&#8220;1\/2&#8243; el_position=&#8220;first&#8220;]<\/p>\n<p><strong><span style=\"font-size: 14pt;\">BARATZA ENCORE\u2122<br \/>\nAromaschonende Kaffeem\u00fchle mit Kegelmahlwerk<br \/>\n<\/span><\/strong><\/p>\n<p>Die Encore\u2122 ist die ideale M\u00fchle f\u00fcr den Einstieg in die Welt der anspruchsvollen Kaffeezubereitung.<\/p>\n<p>Die in 40 Schritte eingeteilte Mahlgradeinstellung erm\u00f6glicht konstante, wiederholbare Mahlergebnisse f\u00fcr alle Br\u00fchmethoden. F\u00fcr das Mahlen direkt in den Siebtr\u00e4ger ist die M\u00fchle mit einer an der Vorderseite platzierten Pulse-Taste ausgestattet.<\/p>\n<p>Der leistungsstarke Gleichstrom-Motor in Verbindung mit der Kombination aus elektronischer Drehzahlregelung und Getriebeuntersetzung erm\u00f6glicht einen ger\u00e4uscharmen und trotzdem kraftvollen Mahlvorgang. Die geringe Drehzahl von 450 U\/min sorgt f\u00fcr eine aromaschonende Vermahlung.<\/p>\n<p><strong>Eignung f\u00fcr:<br \/>\n<\/strong>Espresso &#8211; gut bis sehr gut<br \/>\nBr\u00fchkaffee &#8211; gut bis sehr gut<\/p>\n<p><a title=\"Baratza Grinding Tipps\" href=\"https:\/\/www.baratza.com\/grinding-tips\/\">Baratza Grinding Tipps<\/a><a title=\"Bedienungsanleitung Baratza Virtuoso\" href=\"http:\/\/www.baratza.com\/wp-content\/uploads\/2016\/03\/manual-sette270w-de.pdf\" target=\"_blank\" rel=\"noopener\"><br \/>\n<\/a><a title=\"Bedienungsanleitung Baratza Encore\" href=\"http:\/\/www.baratza.com\/wp-content\/uploads\/2015\/07\/Encore-Manual-DE-v2.1-SS.pdf\">Bedienungsanleitung (Deutsch)<\/a><a title=\"Youtube Video Baratza Encore vs. Baratza Virtuoso\" href=\"http:\/\/youtu.be\/UnuVTLzjzmg\" target=\"_blank\" rel=\"noopener\"><br \/>\n<\/a><a href=\"http:\/\/youtu.be\/UnuVTLzjzmg\" target=\"_blank\" rel=\"noopener\">Baratza Encoure vs. Baratza Virtuoso<\/a> <img decoding=\"async\" loading=\"lazy\" class=\" size-full wp-image-12660 alignnone\" src=\"https:\/\/www.hotroastedlove.de\/hrl\/wp-content\/uploads\/youtube_icon.png\" alt=\"youtube_icon\" width=\"49\" height=\"20\" \/><a title=\"Youtube Video Baratza Encore vs. Baratza Virtuoso\" href=\"http:\/\/youtu.be\/UnuVTLzjzmg\" target=\"_blank\" rel=\"noopener\"><br \/>\n<\/a><\/p>\n<p>[\/spb_text_block] [spb_single_image image=&#8220;12623&#8243; image_size=&#8220;full&#8220; frame=&#8220;glowframe&#8220; intro_animation=&#8220;none&#8220; full_width=&#8220;no&#8220; lightbox=&#8220;yes&#8220; link_target=&#8220;_self&#8220; width=&#8220;1\/2&#8243; el_position=&#8220;last&#8220;]<\/p>\n","protected":false},"featured_media":23600,"template":"","meta":[],"product_cat":[194],"product_tag":[253,254,899,231,236,240,255,244],"_links":{"self":[{"href":"https:\/\/www.hotroastedlove.de\/hrl\/wp-json\/wp\/v2\/product\/23597"}],"collection":[{"href":"https:\/\/www.hotroastedlove.de\/hrl\/wp-json\/wp\/v2\/product"}],"about":[{"href":"https:\/\/www.hotroastedlove.de\/hrl\/wp-json\/wp\/v2\/types\/product"}],"wp:featuredmedia":[{"embeddable":true,"href":"https:\/\/www.hotroastedlove.de\/hrl\/wp-json\/wp\/v2\/media\/23600"}],"wp:attachment":[{"href":"https:\/\/www.hotroastedlove.de\/hrl\/wp-json\/wp\/v2\/media?parent=23597"}],"wp:term":[{"taxonomy":"product_cat","embeddable":true,"href":"https:\/\/www.hotroastedlove.de\/hrl\/wp-json\/wp\/v2\/product_cat?post=23597"},{"taxonomy":"product_tag","embeddable":true,"href":"https:\/\/www.hotroastedlove.de\/hrl\/wp-json\/wp\/v2\/product_tag?post=23597"}],"curies":[{"name":"wp","href":"https:\/\/api.w.org\/{rel}","templated":true}]}}