{"id":23476,"date":"2026-03-02T14:13:43","date_gmt":"2026-03-02T13:13:43","guid":{"rendered":"https:\/\/www.hotroastedlove.de\/hrl\/?post_type=product&#038;p=23476"},"modified":"2026-03-04T13:28:49","modified_gmt":"2026-03-04T12:28:49","slug":"aethiopien-ayla-bombe","status":"publish","type":"product","link":"https:\/\/www.hotroastedlove.de\/hrl\/produkt\/aethiopien-ayla-bombe\/","title":{"rendered":"\u00c4THIOPIEN AYLA BOMBE"},"content":{"rendered":"<p>[spb_column width=&#8220;1\/1&#8243; el_position=&#8220;first last&#8220;] [spb_text_block pb_margin_bottom=&#8220;no&#8220; pb_border_bottom=&#8220;no&#8220; width=&#8220;1\/1&#8243; el_position=&#8220;first last&#8220;]\n<p><strong><span style=\"font-size: 14pt;\">\u00c4THIOPIEN AYLA BOMBE<br \/>\n<\/span><\/strong><\/p>\n<p><strong>Ein leichter tropischer Paradiesvogel.<br \/>\n<\/strong>Schon der mandelig- und tropisch-fruchtige Duft macht gro\u00dfe Freude. In der Tasse dezent, aber eindeutig floral, sowie gelb- und orangefruchtig.\u00a0 Die Kombi bringt Urlaub und Sonne in die Tasse. Als Natural getrocknet und im Ursprungsland naturbelassen angebaut.<\/p>\n<p>Die Bombe Washing Station in Sidama ist nach dem nahegelegenen Bombe Mountain benannt. Die Kaffees werden auf erh\u00f6hten Bambus-Tischen mit Gitterbetten getrocknet, um den Luftstrom zu erh\u00f6hen. Die Kirschen stammen aus H\u00f6henlagen, die von 1900 m bis 2000m reichen. Neben den H\u00f6henlagen ist es die Variet\u00e4t Kurume (aka Kudhum), die zur Einzigartigkeit dieser Partie beitr\u00e4gt.<\/p>\n<p><strong>Herkunft:<\/strong> \u00c4thiopien, <span id=\"result_box\" class=\"\" lang=\"de\"><span title=\"Luz Soraida Restrepo of Finca La Paz in Concordia, Antioquia produces a subtle and pleasant coffee with a fragrance of milk chocolate with a hint of peach and spices.&lt;br \/&gt;&lt;br &gt;&lt;\/span&gt;\">Sidama, <span class=\"color_11\">Bensa Distict<\/span>, Bombe Village, Testi Coffee<br \/>\n<\/span><\/span><strong>Kaffeesorte: <\/strong>100% Arabica, Kurume<br \/>\n<strong>Aufbereitung:<\/strong> natural<br \/>\n<strong>Cupping-Score:<\/strong> 87,5<br \/>\n<strong>Anbauh\u00f6he:<\/strong> 1900-2000m<br \/>\n<strong>Geschmacksprofil: <\/strong>Weich und leicht mit floral-tropischen Noten<\/p>\n<p>Der FOB betr\u00e4gt f\u00fcr diesen Kaffee 8,59 USD\/kg.<\/p>\n[\/spb_text_block] [\/spb_column] [spb_single_image image=&#8220;23474&#8243; image_size=&#8220;full&#8220; frame=&#8220;noframe&#8220; intro_animation=&#8220;none&#8220; full_width=&#8220;no&#8220; lightbox=&#8220;no&#8220; link_target=&#8220;_self&#8220; width=&#8220;1\/1&#8243; el_position=&#8220;first last&#8220;] [spb_text_block pb_margin_bottom=&#8220;no&#8220; pb_border_bottom=&#8220;no&#8220; width=&#8220;1\/1&#8243; el_position=&#8220;first last&#8220;]\n<div class=\"BorlabsCookie _brlbs-cb-googlemaps\"><div class=\"_brlbs-content-blocker\"> <div class=\"_brlbs-embed _brlbs-google-maps\"> <img class=\"_brlbs-thumbnail\" src=\"https:\/\/www.hotroastedlove.de\/hrl\/wp-content\/plugins\/borlabs-cookie\/assets\/images\/cb-maps.png\" alt=\"Google Maps\"> <div class=\"_brlbs-caption\"> <p>Mit dem Laden der Karte akzeptieren Sie die Datenschutzerkl\u00e4rung von Google.<br><a href=\"https:\/\/policies.google.com\/privacy\" target=\"_blank\" rel=\"nofollow noopener noreferrer\">Mehr erfahren<\/a><\/p> <p><a class=\"_brlbs-btn\" href=\"#\" data-borlabs-cookie-unblock role=\"button\">Karte laden<\/a><\/p> <p><label><input type=\"checkbox\" name=\"unblockAll\" value=\"1\" checked> <small>Google Maps immer entsperren<\/small><\/label><\/p> <\/div> <\/div> <\/div><div class=\"borlabs-hide\" data-borlabs-cookie-type=\"content-blocker\" data-borlabs-cookie-id=\"googlemaps\"><script type=\"text\/template\">ICAgICAgICAgICAgPHNjcmlwdCB0eXBlPSJ0ZXh0L2phdmFzY3JpcHQiPg0KICAgICAgICAgICAgICAgIGpRdWVyeShkb2N1bWVudCkucmVhZHkoZnVuY3Rpb24gKCQpIHsNCiAgICAgICAgICAgICAgICAgICAgdmFyIHdnbV9tYXAgPSBuZXcgZ29vZ2xlLm1hcHMuTWFwKGRvY3VtZW50LmdldEVsZW1lbnRCeUlkKCJzcm1fZ21wX2VtYmVkXzEiKSwgew0KICAgICAgICAgICAgICAgICAgICAgICAgY2VudGVyOiBuZXcgZ29vZ2xlLm1hcHMuTGF0TG5nKDYuNjcyOTYxNDI3MTQ3NTA5LDM4LjUwMzk5ODM5MTQxNTgyKSwNCiAgICAgICAgICAgICAgICAgICAgICAgIHpvb206NSwNCiAgICAgICAgICAgICAgICAgICAgICAgIG1hcFR5cGVJZDogZ29vZ2xlLm1hcHMuTWFwVHlwZUlkLlJPQURNQVAsDQogICAgICAgICAgICAgICAgICAgICAgICBzY3JvbGx3aGVlbDogdHJ1ZSwNCiAgICAgICAgICAgICAgICAgICAgICAgIHpvb21Db250cm9sOiBmYWxzZSwNCiAgICAgICAgICAgICAgICAgICAgICAgIG1hcFR5cGVDb250cm9sOiBmYWxzZSwNCiAgICAgICAgICAgICAgICAgICAgICAgIHN0cmVldFZpZXdDb250cm9sOiB0cnVlLA0KICAgICAgICAgICAgICAgICAgICAgICAgZnVsbHNjcmVlbkNvbnRyb2w6IHRydWUsDQogICAgICAgICAgICAgICAgICAgICAgICBkcmFnZ2FibGU6IHRydWUsDQogICAgICAgICAgICAgICAgICAgICAgICBkaXNhYmxlRG91YmxlQ2xpY2tab29tOiBmYWxzZSwNCiAgICAgICAgICAgICAgICAgICAgICAgIHBhbkNvbnRyb2w6IGZhbHNlICAgICAgICAgICAgICAgICAgICB9KTsNCiAgICAgICAgICAgICAgICAgICAgdmFyIHdnbV90aGVtZV9qc29uID0gJ1tdJzsNCiAgICAgICAgICAgICAgICAgICAgaWYgKHdnbV90aGVtZV9qc29uLmxlbmd0aCA+IDApIHsNCiAgICAgICAgICAgICAgICAgICAgICAgIHdnbV9tYXAuc2V0T3B0aW9ucyh7c3R5bGVzOiBKU09OLnBhcnNlKHdnbV90aGVtZV9qc29uKX0pOw0KICAgICAgICAgICAgICAgICAgICB9DQogICAgICAgICAgICAgICAgICAgIC8vIFRvIHZpZXcgZGlyZWN0aW9ucyBmb3JtIGFuZCBkYXRhDQogICAgICAgICAgICAgICAgICAgICAgICAgICAgICAgICAgICAgICAgdmFyIHdnbV9kYXRhXzEgPSB7DQogICAgICAgICAgICAgICAgICAgICAgICAnYWN0aW9uJzogJ3dwZ21hcGVtYmVkX3BfZ2V0X21hcmtlcnNfYnlfbWFwX2lkJywNCiAgICAgICAgICAgICAgICAgICAgICAgICdkYXRhJzogew0KICAgICAgICAgICAgICAgICAgICAgICAgICAgIG1hcF9pZDogJzIzNDc5JywNCiAgICAgICAgICAgICAgICAgICAgICAgICAgICBhamF4X25vbmNlOiAnMzAzYjAyY2IzOCcNCiAgICAgICAgICAgICAgICAgICAgICAgIH0NCiAgICAgICAgICAgICAgICAgICAgfTsNCiAgICAgICAgICAgICAgICAgICAgdmFyIHdnbV9hamF4dXJsXzEgPSAnaHR0cHM6Ly93d3cuaG90cm9hc3RlZGxvdmUuZGUvaHJsL3dwLWFkbWluL2FkbWluLWFqYXgucGhwJw0KICAgICAgICAgICAgICAgICAgICBqUXVlcnkucG9zdCh3Z21fYWpheHVybF8xLCB3Z21fZGF0YV8xLCBmdW5jdGlvbiAocmVzcG9uc2UpIHsNCiAgICAgICAgICAgICAgICAgICAgICAgIHJlc3BvbnNlID0gSlNPTi5wYXJzZShyZXNwb25zZSk7DQogICAgICAgICAgICAgICAgICAgICAgICBpZiAocmVzcG9uc2UubWFya2Vycy5sZW5ndGggPT09IDEpIHsNCiAgICAgICAgICAgICAgICAgICAgICAgICAgICB2YXIgd2dtX21hcmtlcl90b18xID0gcmVzcG9uc2UubWFya2Vyc1swXS5tYXJrZXJfZGVzYy5yZXBsYWNlKC8mZ3Q7L2csICc+JykucmVwbGFjZSgvJmx0Oy9nLCAnPCcpOw0KICAgICAgICAgICAgICAgICAgICAgICAgICAgIGpRdWVyeSgnI3NybV9nbWFwX3RvXzEnKS52YWwod2dtX21hcmtlcl90b18xLnJlcGxhY2UoLyg8KFtePl0rKT4pL2dpLCAiIikpOw0KICAgICAgICAgICAgICAgICAgICAgICAgfQ0KICAgICAgICAgICAgICAgICAgICAgICAgdmFyIHdnbV9kZWZhdWx0X21hcmtlcl9pY29uXzEgPSAnaHR0cHM6Ly9tYXBzLmdzdGF0aWMuY29tL21hcGZpbGVzL2FwaS0zL2ltYWdlcy9zcG90bGlnaHQtcG9pMi5wbmcnOw0KICAgICAgICAgICAgICAgICAgICAgICAgaWYgKHJlc3BvbnNlLm1hcmtlcnMubGVuZ3RoID4gMCkgew0KICAgICAgICAgICAgICAgICAgICAgICAgICAgIHZhciBjdXN0b21fbWFya2VycyA9IFtdOw0KICAgICAgICAgICAgICAgICAgICAgICAgICAgIHZhciBjdXN0b21fbWFya2VyX2luZm93aW5kb3dzID0gW107DQogICAgICAgICAgICAgICAgICAgICAgICAgICAgcmVzcG9uc2UubWFya2Vycy5mb3JFYWNoKGZ1bmN0aW9uICh3Z21fbWFya2VyLCBpKSB7DQogICAgICAgICAgICAgICAgICAgICAgICAgICAgICAgIHZhciB3Z21fbWFya2VyX2xhdF9sbmdfMSA9IHdnbV9tYXJrZXIubGF0X2xuZy5zcGxpdCgnLCcpOw0KICAgICAgICAgICAgICAgICAgICAgICAgICAgICAgICB3Z21fY3VzdG9tX21hcmtlcl8xID0gbmV3IGdvb2dsZS5tYXBzLk1hcmtlcih7DQogICAgICAgICAgICAgICAgICAgICAgICAgICAgICAgICAgICBwb3NpdGlvbjogbmV3IGdvb2dsZS5tYXBzLkxhdExuZyh3Z21fbWFya2VyX2xhdF9sbmdfMVswXSwgd2dtX21hcmtlcl9sYXRfbG5nXzFbMV0pLA0KICAgICAgICAgICAgICAgICAgICAgICAgICAgICAgICAgICAgdGl0bGU6IHdnbV9tYXJrZXIubWFya2VyX25hbWUsDQogICAgICAgICAgICAgICAgICAgICAgICAgICAgICAgICAgICBhbmltYXRpb246IGdvb2dsZS5tYXBzLkFuaW1hdGlvbi5EUk9QLA0KICAgICAgICAgICAgICAgICAgICAgICAgICAgICAgICAgICAgaWNvbjogKHdnbV9tYXJrZXIuaWNvbiA9PT0gJycpID8gd2dtX2RlZmF1bHRfbWFya2VyX2ljb25fMSA6IHdnbV9tYXJrZXIuaWNvbg0KICAgICAgICAgICAgICAgICAgICAgICAgICAgICAgICB9KTsNCiAgICAgICAgICAgICAgICAgICAgICAgICAgICAgICAgY3VzdG9tX21hcmtlcnNbaV0gPSB3Z21fY3VzdG9tX21hcmtlcl8xOw0KICAgICAgICAgICAgICAgICAgICAgICAgICAgICAgICB3Z21fY3VzdG9tX21hcmtlcl8xLnNldE1hcCh3Z21fbWFwKTsNCiAgICAgICAgICAgICAgICAgICAgICAgICAgICAgICAgdmFyIHdnbV9tYXJrZXJfbmFtZV8xID0gKHdnbV9tYXJrZXIubWFya2VyX25hbWUgIT09IG51bGwpID8gKCc8c3BhbiBjbGFzcz0iaW5mb19jb250ZW50X3RpdGxlIiBzdHlsZT0iZm9udC1zaXplOjE4cHg7Zm9udC13ZWlnaHQ6IGJvbGQ7Zm9udC1mYW1pbHk6IEFyaWFsOyI+Jw0KICAgICAgICAgICAgICAgICAgICAgICAgICAgICAgICAgICAgKyB3Z21fbWFya2VyLm1hcmtlcl9uYW1lICsNCiAgICAgICAgICAgICAgICAgICAgICAgICAgICAgICAgICAgICc8L3NwYW4+PGJyLz4nKSA6ICcnOw0KICAgICAgICAgICAgICAgICAgICAgICAgICAgICAgICB3Z21fbWFya2VyLm1hcmtlcl9kZXNjID0gd2dtX21hcmtlci5tYXJrZXJfZGVzYy5yZXBsYWNlKC8mZ3Q7L2csICc+JykucmVwbGFjZSgvJmx0Oy9nLCAnPCcpOw0KICAgICAgICAgICAgICAgICAgICAgICAgICAgICAgICBjdXN0b21fbWFya2VyX2luZm93aW5kb3cgPSBuZXcgZ29vZ2xlLm1hcHMuSW5mb1dpbmRvdyh7DQogICAgICAgICAgICAgICAgICAgICAgICAgICAgICAgICAgICBjb250ZW50OiB3Z21fbWFya2VyX25hbWVfMSArIHdnbV9tYXJrZXIubWFya2VyX2Rlc2MNCiAgICAgICAgICAgICAgICAgICAgICAgICAgICAgICAgfSk7DQogICAgICAgICAgICAgICAgICAgICAgICAgICAgICAgIGN1c3RvbV9tYXJrZXJfaW5mb3dpbmRvd3NbaV0gPSBjdXN0b21fbWFya2VyX2luZm93aW5kb3c7DQogICAgICAgICAgICAgICAgICAgICAgICAgICAgICAgIGlmICh3Z21fbWFya2VyLnNob3dfZGVzY19ieV9kZWZhdWx0ID09PSAnMScpIHsNCiAgICAgICAgICAgICAgICAgICAgICAgICAgICAgICAgICAgIGN1c3RvbV9tYXJrZXJfaW5mb3dpbmRvdy5vcGVuKHsNCiAgICAgICAgICAgICAgICAgICAgICAgICAgICAgICAgICAgICAgICBhbmNob3I6IHdnbV9jdXN0b21fbWFya2VyXzEsDQogICAgICAgICAgICAgICAgICAgICAgICAgICAgICAgICAgICAgICAgc2hvdWxkRm9jdXM6IGZhbHNlDQogICAgICAgICAgICAgICAgICAgICAgICAgICAgICAgICAgICB9KTsNCiAgICAgICAgICAgICAgICAgICAgICAgICAgICAgICAgfSBlbHNlIHsNCiAgICAgICAgICAgICAgICAgICAgICAgICAgICAgICAgICAgIGdvb2dsZS5tYXBzLmV2ZW50LmFkZExpc3RlbmVyKHdnbV9jdXN0b21fbWFya2VyXzEsICdjbGljaycsIGZ1bmN0aW9uICgpIHsNCiAgICAgICAgICAgICAgICAgICAgICAgICAgICAgICAgICAgICAgICBjdXN0b21fbWFya2VyX2luZm93aW5kb3dzW2ldLm9wZW4oew0KICAgICAgICAgICAgICAgICAgICAgICAgICAgICAgICAgICAgICAgICAgICBhbmNob3I6IGN1c3RvbV9tYXJrZXJzW2ldLA0KICAgICAgICAgICAgICAgICAgICAgICAgICAgICAgICAgICAgICAgICAgICBzaG91bGRGb2N1czogZmFsc2UNCiAgICAgICAgICAgICAgICAgICAgICAgICAgICAgICAgICAgICAgICB9KTsNCiAgICAgICAgICAgICAgICAgICAgICAgICAgICAgICAgICAgIH0pOw0KICAgICAgICAgICAgICAgICAgICAgICAgICAgICAgICB9DQogICAgICAgICAgICAgICAgICAgICAgICAgICAgICAgIGlmICh3Z21fbWFya2VyLmhhdmVfbWFya2VyX2xpbmsgPT09ICcxJykgew0KICAgICAgICAgICAgICAgICAgICAgICAgICAgICAgICAgICAgZ29vZ2xlLm1hcHMuZXZlbnQuYWRkTGlzdGVuZXIod2dtX2N1c3RvbV9tYXJrZXJfMSwgJ2NsaWNrJywgZnVuY3Rpb24gKCkgew0KICAgICAgICAgICAgICAgICAgICAgICAgICAgICAgICAgICAgICAgIHZhciB3Z21fdGFyZ2V0ID0gJ19zZWxmJzsNCiAgICAgICAgICAgICAgICAgICAgICAgICAgICAgICAgICAgICAgICBpZiAod2dtX21hcmtlci5tYXJrZXJfbGlua19uZXdfdGFiID09PSAnMScpIHsNCiAgICAgICAgICAgICAgICAgICAgICAgICAgICAgICAgICAgICAgICAgICAgd2dtX3RhcmdldCA9ICdfYmxhbmsnOw0KICAgICAgICAgICAgICAgICAgICAgICAgICAgICAgICAgICAgICAgIH0NCiAgICAgICAgICAgICAgICAgICAgICAgICAgICAgICAgICAgICAgICB3aW5kb3cub3Blbih3Z21fbWFya2VyLm1hcmtlcl9saW5rLCB3Z21fdGFyZ2V0KTsNCiAgICAgICAgICAgICAgICAgICAgICAgICAgICAgICAgICAgIH0pOw0KICAgICAgICAgICAgICAgICAgICAgICAgICAgICAgICB9DQogICAgICAgICAgICAgICAgICAgICAgICAgICAgfSk7DQogICAgICAgICAgICAgICAgICAgICAgICB9DQogICAgICAgICAgICAgICAgICAgIH0pOw0KICAgICAgICAgICAgICAgIH0pOw0KDQogICAgICAgICAgICA8L3NjcmlwdD4NCg0KICAgICAgICAgICAgPGRpdiBpZD0ic3JtX2dtcF9lbWJlZF8xIg0KICAgICAgICAgICAgICAgICBzdHlsZT0id2lkdGg6MTAwJSAhaW1wb3J0YW50O2hlaWdodDozMDBweCAgIWltcG9ydGFudDsgIj4NCiAgICAgICAgICAgIDwvZGl2Pg0KICAgICAgICAgICAgICAgICAgICA=<\/script><\/div><\/div>\n[\/spb_text_block] [blank_spacer height=&#8220;30px&#8220; width=&#8220;1\/1&#8243; el_position=&#8220;first last&#8220;] [spb_text_block pb_margin_bottom=&#8220;no&#8220; pb_border_bottom=&#8220;no&#8220; width=&#8220;1\/1&#8243; el_position=&#8220;first last&#8220;]\n<p><strong><span style=\"font-size: 14pt;\">Direct Trade<\/span><\/strong><\/p>\n<p>Direkthandelsinitiativen investieren in den Aufbau der Kleinbauern und in Kooperativen vor Ort. Im Direkthandel wird den Kaffeebauern ein weit \u00fcber dem Markt \u00fcblicher Preis f\u00fcr hohe Kaffeequalit\u00e4t und spezielle Kaffeesorten bezahlt, der oft auch \u00fcber den Preisgarantien der Fair Trade-Zertifizierung liegt. Der Preis wird in der Regel mit den Produzenten pers\u00f6nlich und ohne Zwischenh\u00e4ndler (z.B. B\u00f6rse) ausgehandelt.<\/p>\n<p>Vom naturnahen und m\u00f6glichst gemeinschaftlichen Anbau, der manuellen Ernte (meist Picking), der sorgf\u00e4ltigen Verarbeitung und den Lebensbedingungen von Bauern und Erntehelfern \u00fcberzeugen sich unsere Importpartner regelm\u00e4\u00dfig selbst vor Ort. So sichern sie die R\u00fcckverfolgbarkeit bis zum Ursprung.<\/p>\n<p>&gt;&gt; <a title=\"WARUM DIRECT TRADE MEHR ALS FAIR IST\" href=\"https:\/\/www.hotroastedlove.de\/hrl\/warum-direct-trade\/\">Mehr zum Thema Direct Trade<\/a><\/p>\n[\/spb_text_block] [blank_spacer height=&#8220;30px&#8220; width=&#8220;1\/1&#8243; el_position=&#8220;first last&#8220;]\n","protected":false},"excerpt":{"rendered":"<p>[spb_column width=&#8220;1\/1&#8243; el_position=&#8220;first last&#8220;] [spb_text_block pb_margin_bottom=&#8220;no&#8220; pb_border_bottom=&#8220;no&#8220; width=&#8220;1\/1&#8243; el_position=&#8220;first last&#8220;]<\/p>\n<p><strong><span style=\"font-size: 14pt;\">Coffee, please! NICARAGUA JESUS MOUNTAIN<\/span><br \/>\n<\/strong><\/p>\n<p>Sch\u00f6n ausbalanciert und s\u00fc\u00df-saftig macht dieser Kaffee aus den Bergen von Jalapa Nueva Segovia direkt Lust auf die n\u00e4chste Tasse und die n\u00e4chste Tasse und die n\u00e4chste Tasse. Er ist auch floral, aber vor allem die saftigen Noten von Lemon Tea machen ihn nicht nur als hei\u00dfen Filterkaffee, sondern besonders auch auch als ColdBrew sehr intererssant. S\u00fc\u00dfe, S\u00e4ure, K\u00f6rper, Aroma &#8211; alles passt und ergibt einen supersch\u00f6n s\u00fcffigen Kaffee!<\/p>\n<p>Die Familie Peralta betreibt Farm Cerro de Jes\u00fas in den Bergen von Jalapa Nueva Segovia. Die Farm ist einzigartig in den verschiedenen Mikroklimata, verschiedenen Sorten und in der Geschichte der Herstellung von gutem Kaffee. Jedes Jahr bringen die unterschiedlichen Parzellen (wald\u00e4hnliche Parzellen mit reichlich schattenspendenden B\u00e4umen, bis zu hoch gelegenen Parzellen, die mit sehr wenig beschnittenen Schattenb\u00e4umen zurechtkommen) sehr interessante Kaffees hervor.<\/p>\n<p>Wir haben das Gl\u00fcck Euch das Microlot &#8222;Don David&#8220; anbieten zu k\u00f6nnen, von dem es in der aktuellen Ernte nur 138kg gibt.<\/p>\n<p><strong>DIRECT TRADE, SINGLE ESTATE, MICROLOT<br \/>\n<\/strong><strong>Herkunft:<\/strong> Nicaragua, Jalapa, Nueva Segovia<br \/>\n<strong>Kaffeesorte:<\/strong> 100% Arabica, Variet\u00e4ten: Ethiosar F1, Microlot &#8222;Don David&#8220;<br \/>\n<strong>Aufbereitung:<\/strong> handpicked, washed, 13 days drying on raised beds<br \/>\n<strong>Anbauh\u00f6he:<\/strong> ca. 1300m<br \/>\n<strong>Kaffeefarm:<\/strong> Cerro de Jes\u00fas, Peralta Family<br \/>\n<strong>Geschmacksprofil:<\/strong> Floral-fruchtig und saftig mit Noten von Lemon Tea, Jasmin, Kaffeebl\u00fcte<\/p>\n<p>[\/spb_text_block] [\/spb_column] [spb_single_image image=&#8220;15798&#8243; image_size=&#8220;full&#8220; frame=&#8220;noframe&#8220; intro_animation=&#8220;none&#8220; full_width=&#8220;no&#8220; lightbox=&#8220;no&#8220; link_target=&#8220;_self&#8220; width=&#8220;1\/1&#8243; el_position=&#8220;first last&#8220;] [spb_gmaps address=&#8220;Nueva Segovia, Nicaragua&#8220; size=&#8220;300&#8243; type=&#8220;roadmap&#8220; zoom=&#8220;6&#8243; saturation=&#8220;mono&#8220; pin_image=&#8220;12669&#8243; fullscreen=&#8220;no&#8220; width=&#8220;1\/1&#8243; el_position=&#8220;first last&#8220;] [blank_spacer height=&#8220;30px&#8220; width=&#8220;1\/1&#8243; el_position=&#8220;first last&#8220;] [spb_text_block pb_margin_bottom=&#8220;no&#8220; pb_border_bottom=&#8220;no&#8220; width=&#8220;1\/1&#8243; el_position=&#8220;first last&#8220;]<\/p>\n<p><strong><span style=\"font-size: 14pt;\">Direct Trade<\/span><\/strong><\/p>\n<p>Direkthandelsinitiativen investieren in den Aufbau der Kleinbauern und in Kooperativen vor Ort. Im Direkthandel wird den Kaffeebauern ein weit \u00fcber dem Markt \u00fcblicher Preis f\u00fcr hohe Kaffeequalit\u00e4t und spezielle Kaffeesorten bezahlt, der oft auch \u00fcber den Preisgarantien der Fair Trade-Zertifizierung liegt. Der Preis wird in der Regel mit den Produzenten pers\u00f6nlich und ohne Zwischenh\u00e4ndler (z.B. B\u00f6rse) ausgehandelt.<\/p>\n<p>Vom naturnahen und m\u00f6glichst gemeinschaftlichen Anbau, der manuellen Ernte (meist Picking), der sorgf\u00e4ltigen Verarbeitung und den Lebensbedingungen von Bauern und Erntehelfern \u00fcberzeugen sich unsere Importpartner regelm\u00e4\u00dfig selbst vor Ort. So sichern sie die R\u00fcckverfolgbarkeit bis zum Ursprung.<\/p>\n<p>&gt;&gt; <a title=\"WARUM DIRECT TRADE MEHR ALS FAIR IST\" href=\"https:\/\/www.hotroastedlove.de\/hrl\/warum-direct-trade\/\">Mehr zum Thema Direct Trade<\/a><\/p>\n<p>[\/spb_text_block] [blank_spacer height=&#8220;30px&#8220; width=&#8220;1\/1&#8243; el_position=&#8220;first last&#8220;]<\/p>\n","protected":false},"featured_media":23473,"template":"","meta":[],"product_cat":[20],"product_tag":[252,21,898,707,565,897],"_links":{"self":[{"href":"https:\/\/www.hotroastedlove.de\/hrl\/wp-json\/wp\/v2\/product\/23476"}],"collection":[{"href":"https:\/\/www.hotroastedlove.de\/hrl\/wp-json\/wp\/v2\/product"}],"about":[{"href":"https:\/\/www.hotroastedlove.de\/hrl\/wp-json\/wp\/v2\/types\/product"}],"wp:featuredmedia":[{"embeddable":true,"href":"https:\/\/www.hotroastedlove.de\/hrl\/wp-json\/wp\/v2\/media\/23473"}],"wp:attachment":[{"href":"https:\/\/www.hotroastedlove.de\/hrl\/wp-json\/wp\/v2\/media?parent=23476"}],"wp:term":[{"taxonomy":"product_cat","embeddable":true,"href":"https:\/\/www.hotroastedlove.de\/hrl\/wp-json\/wp\/v2\/product_cat?post=23476"},{"taxonomy":"product_tag","embeddable":true,"href":"https:\/\/www.hotroastedlove.de\/hrl\/wp-json\/wp\/v2\/product_tag?post=23476"}],"curies":[{"name":"wp","href":"https:\/\/api.w.org\/{rel}","templated":true}]}}