{"id":23431,"date":"2023-01-02T09:45:13","date_gmt":"2023-01-02T08:45:13","guid":{"rendered":"https:\/\/www.hotroastedlove.de\/hrl\/?post_type=product&#038;p=23431"},"modified":"2023-12-20T18:28:08","modified_gmt":"2023-12-20T17:28:08","slug":"soy-cezve-carbon-steel-stand","status":"publish","type":"product","link":"https:\/\/www.hotroastedlove.de\/hrl\/produkt\/soy-cezve-carbon-steel-stand\/","title":{"rendered":"SOY CEZVE CARBON STEEL STAND"},"content":{"rendered":"<p>[spb_column width=&#8220;1\/1&#8243; el_position=&#8220;first last&#8220;] [spb_text_block pb_margin_bottom=&#8220;no&#8220; pb_border_bottom=&#8220;no&#8220; width=&#8220;3\/4&#8243; el_position=&#8220;first last&#8220;]\n<p><strong><span style=\"font-size: 14pt;\">SOY CEZVE C3G MOKKAK\u00c4NNCHEN<br \/>\nSchwere und hochwertige Qualit\u00e4t<br \/>\n<\/span><\/strong><\/p>\n<p>Extrem hochwertig verarbeiteter St\u00e4nder aus 4mm dickem hei\u00dfgeschmiedetem Karbonstahl f\u00fcr Deine Ibrik bzw. Cezve C3 von SOY. (<a href=\"https:\/\/www.hotroastedlove.de\/hrl\/produkt\/soy-cezve-c3-mokkakaennchen\/\">gibts hier<\/a>)<\/p>\n<p>So w\u00e4rmebehandelt und gebl\u00e4ut (schwarze Anmutung) ist der St\u00e4nder nahezu unzerst\u00f6rbar und bietet die absolut optimale Hitzeverteilung bei der Nutzung eines passenden <a href=\"https:\/\/www.hotroastedlove.de\/hrl\/produkt\/tiamo-mini-gas-burner\/\">Mini Gasbrenners<\/a>. (Kein Verziehen des Materials wie bei g\u00fcnstigen Produkten.)<\/p>\n<p>SOY Produkte werden von vielen professionellen Baristi t\u00e4glich bei der Arbeit verwendet, darunter befinden sich mehrere Gewinner der Cezve \/ \u0130brik Weltmeisterschaften.<\/p>\n<p><strong>Soy Cezve St\u00e4nder<\/strong><br \/>\n<strong>Material: <\/strong>Karbonstahl<br \/>\n<strong>Materialst\u00e4rke:<\/strong> 4mm dick<br \/>\n<strong>Farbe: <\/strong>mattschwarz<strong><br \/>\n<\/strong><strong>Gewicht:<\/strong> 0,64 kg<\/p>\n[\/spb_text_block] [\/spb_column]<\/p>\n","protected":false},"excerpt":{"rendered":"<p>[spb_column width=&#8220;1\/2&#8243; el_position=&#8220;first&#8220;] [spb_text_block pb_margin_bottom=&#8220;no&#8220; pb_border_bottom=&#8220;no&#8220; width=&#8220;1\/1&#8243; el_position=&#8220;first last&#8220;]<\/p>\n<p><strong><span style=\"font-size: 14pt;\">Fellow Stagg Pour Over Black Kettle<br \/>\n<\/span><\/strong><\/p>\n<p>Formsch\u00f6n, mattschwarz und mit zwei richtig coolen Features kommt der Stagg Hei\u00dfwassserbereiter von Fellow daher.<\/p>\n<p>Mit einem Thermometer im Deckel zeigt er dir an, wann das Wasser die richtige Temperatur f\u00fcr die Kaffeezubereitung erreicht hat.<br \/>\nZudem hat der Kessel ein zus\u00e4tzliches Gewicht im Griff versteckt und bietet so eine bessere Balance &#8211; super geeignet zum langsamen und gleichm\u00e4\u00dfigen gie\u00dfen.<\/p>\n<p>Der Fellow Stagg Kettle ist noch nicht so lange am Markt, hat aber in der Spezialt\u00e4tenkaffee-Szene schon eine breite Fangemeinde.<\/p>\n<p><a title=\"Instructions and Safety Guide\" href=\"http:\/\/fellowproducts.com\/wp-content\/uploads\/2016\/08\/NOTFORPRINTStagg1.3_Warnings_OLV6.pdf\" target=\"_blank\" rel=\"noopener noreferrer\">Instructions and Safety Guide<\/a><a title=\"Youtube Video Baratza Encore vs. Baratza Virtuoso\" href=\"http:\/\/youtu.be\/UnuVTLzjzmg\" target=\"_blank\" rel=\"noopener noreferrer\"><br \/>\n<\/a><\/p>\n<p>[\/spb_text_block] [\/spb_column] [spb_column width=&#8220;1\/2&#8243; el_position=&#8220;last&#8220;] [blank_spacer height=&#8220;30px&#8220; width=&#8220;1\/1&#8243; el_position=&#8220;first last&#8220;] [spb_video link=&#8220;https:\/\/youtu.be\/bjuIvcfNK-c?t=1m46s&#8220; full_width=&#8220;no&#8220; width=&#8220;1\/1&#8243; el_position=&#8220;first last&#8220;] [spb_text_block pb_margin_bottom=&#8220;no&#8220; pb_border_bottom=&#8220;no&#8220; width=&#8220;1\/1&#8243; el_position=&#8220;first last&#8220;]<\/p>\n<p>Video credits to <em>Eight Ounce Coffee<\/em><\/p>\n<p>[\/spb_text_block] [\/spb_column]<\/p>\n","protected":false},"featured_media":23432,"template":"","meta":[],"product_cat":[194],"product_tag":[892,874,873,875,872,890,891,877],"_links":{"self":[{"href":"https:\/\/www.hotroastedlove.de\/hrl\/wp-json\/wp\/v2\/product\/23431"}],"collection":[{"href":"https:\/\/www.hotroastedlove.de\/hrl\/wp-json\/wp\/v2\/product"}],"about":[{"href":"https:\/\/www.hotroastedlove.de\/hrl\/wp-json\/wp\/v2\/types\/product"}],"wp:featuredmedia":[{"embeddable":true,"href":"https:\/\/www.hotroastedlove.de\/hrl\/wp-json\/wp\/v2\/media\/23432"}],"wp:attachment":[{"href":"https:\/\/www.hotroastedlove.de\/hrl\/wp-json\/wp\/v2\/media?parent=23431"}],"wp:term":[{"taxonomy":"product_cat","embeddable":true,"href":"https:\/\/www.hotroastedlove.de\/hrl\/wp-json\/wp\/v2\/product_cat?post=23431"},{"taxonomy":"product_tag","embeddable":true,"href":"https:\/\/www.hotroastedlove.de\/hrl\/wp-json\/wp\/v2\/product_tag?post=23431"}],"curies":[{"name":"wp","href":"https:\/\/api.w.org\/{rel}","templated":true}]}}