{"id":23328,"date":"2023-01-21T13:58:53","date_gmt":"2023-01-21T12:58:53","guid":{"rendered":"https:\/\/www.hotroastedlove.de\/hrl\/?post_type=product&#038;p=23328"},"modified":"2026-03-28T14:06:48","modified_gmt":"2026-03-28T13:06:48","slug":"comandante-x25-trailmaster","status":"publish","type":"product","link":"https:\/\/www.hotroastedlove.de\/hrl\/produkt\/comandante-x25-trailmaster\/","title":{"rendered":"COMANDANTE X25 TRAILMASTER"},"content":{"rendered":"[spb_text_block pb_margin_bottom=&#8220;no&#8220; pb_border_bottom=&#8220;no&#8220; width=&#8220;1\/1&#8243; el_position=&#8220;first last&#8220;]\n<p><strong>COMANDANTE X25 TRAILMASTER DUNE<\/strong><\/p>\n<p>Die neue Comandante\u00ae X25 TRAILMASTER\u00ae ist eine solide, robuste und verh\u00e4ltnism\u00e4\u00dfig leichte Kaffeem\u00fchle. Entwickelt f\u00fcr das Outdoor-Abenteuer. Der polygonale K\u00f6rper wird mit Hilfe modernster Techniken aus einem einzigen St\u00fcck geformt. Die TRAILMASTER\u00ae Dune\u00ae ist mit einem hochmodernen Nitro Blade\u00ae Mahlwerk ausgestattet, welches man auch schon aus der Comandante C40 kennt.<\/p>\n<p>Die Auswahl des besten Materials f\u00fcr eine Outdoor-M\u00fchle nach umfassenden Untersuchungen und Praxistests der Entwickler ein speziell verst\u00e4rktes lebensmittelechtes Techno-Polymer mit einem hohen Anteil an Quarz Verst\u00e4rkungspartikeln, die in eine elastische und starke langkettige Polymermatrix verflochten sind. Ein technischer Superverbundwerkstoff. Dieser sogerannte QTP\u00ae-Verbundstoff wurde urspr\u00fcnglich f\u00fcr den Maschinen- und Anlagenbau entwickelt. Er wird auch in der Automobilindustrie f\u00fcr Lager- und Getriebekomponenten verwendet. QTP\u00ae ist sicher im Kontakt mit Lebensmitteln und Wasser und ist eine Marke von Comandante\u00ae.<\/p>\n<p>Das Mahlwerk ist extrem hart, scharf und pr\u00e4zise und macht keine Kompromisse in Qualit\u00e4t und Mahlergebnis. Ein extrem gutes Produkt.<\/p>\n<p>Die Rasterungen der Comandante beim Einstellen des Klickrades f\u00fcr den Mahlgrad sind fein und sauber. Sie bietet reichlich Mahl-Zwischenstufen und ist so f\u00fcr\u00a0 Espressofreunde bestens geeignet. In der Filterkaffeemahlung ist die Comandante sauber mit sehr wenig Fines (Kaffeepulver, das feiner als der eingestellte Mahlgrad ist). Die Mahlung liefert auch in den Randbereichen der extrem feinen Mahlung f\u00fcr die Mokka-Zubereitung sehr gute Ergebnisse und auch in der gr\u00f6bsten Einstellung zur Zubereitung von Kaffee aus der Karlsbader Kanne kann die Comandante abliefern.<\/p>\n[\/spb_text_block] [spb_text_block pb_margin_bottom=&#8220;no&#8220; pb_border_bottom=&#8220;no&#8220; width=&#8220;1\/2&#8243; el_position=&#8220;first&#8220; el_class=&#8220;&#8220; style=&#8220;margin-top:-50px;&#8220;]\n<p><strong>Filter-Mahlung<\/strong><br \/>\nMahlradeinstellung:<strong> 25 Klicks<br \/>\n<\/strong>Mahlergebnis:<strong> sehr gleichm\u00e4\u00dfig<br \/>\n<\/strong>Kaffeemenge bei 20 Umdrehungen:<strong> 4,8g <\/strong><strong><br \/>\n<\/strong>(gemessen via Hario V60 Drip Scale)<strong><br \/>\n<\/strong><\/p>\n[\/spb_text_block] [spb_text_block pb_margin_bottom=&#8220;no&#8220; pb_border_bottom=&#8220;no&#8220; width=&#8220;1\/2&#8243; el_position=&#8220;last&#8220;]\n<p><strong>Mahlung f\u00fcr Karlsbader Kanne, grob<\/strong><br \/>\nMahlradeinstellung:<strong> 45 Klicks<br \/>\n<\/strong>Mahlergebnis:<strong> recht gleichm\u00e4\u00dfig<br \/>\n<\/strong>Kaffeemenge bei 20 Umdrehungen:<strong> 5,3g <\/strong><strong><br \/>\n<\/strong>(gemessen via Hario V60 Drip Scale)<strong><br \/>\n<\/strong><\/p>\n[\/spb_text_block] [spb_column width=&#8220;1\/1&#8243; el_position=&#8220;first last&#8220;] [spb_video link=&#8220;https:\/\/www.youtube.com\/watch?v=NTkCkS6FW8g&amp;t=449s&#8220; full_width=&#8220;yes&#8220; width=&#8220;1\/1&#8243; el_position=&#8220;first last&#8220;] [\/spb_column]<\/p>\n","protected":false},"excerpt":{"rendered":"<p>[spb_text_block pb_margin_bottom=&#8220;no&#8220; pb_border_bottom=&#8220;no&#8220; width=&#8220;1\/1&#8243; el_position=&#8220;first last&#8220;]<\/p>\n<p><strong>Commandante C40 MK3 Nitro Blade<br \/>\n<\/strong><\/p>\n<p>Das Schwergewicht Commandante C40 MK3 (845 Gramm) wurde aktuell von der Seite europeancoffeetrip.com zum &#8222;Best European New Coffee Product&#8220; 2016 gew\u00e4hlt. Zurecht!<\/p>\n<p>Das Mahlwerk ist extrem hart, scharf und pr\u00e4zise. Die Materialien (Stahl, Glas, Holz) sind puristisch klar und professionell verarbeitet.\u00a0 Die Comandante C40 MK3 Nitro Blade macht keine Kompromisse in Qualit\u00e4t und Mahlergebnis. Ein extrem gutes Produkt.<\/p>\n<p>Die Rasterungen der Commandante beim Einstellen des Klickrades f\u00fcr den Mahlgrad sind fein und sauber. Sie bietet reichlich Mahl-Zwischenstufen und ist so f\u00fcr\u00a0 Espressofreunde bestens geeignet. In der Filterkaffeemahlung ist die Commandante sauber mit sehr wenig Fines (Kaffeepulver, das feiner als der eingestellte Mahlgrad ist). Die Mahlung liefert auch in den Randbereichen der extrem feinen Mahlung f\u00fcr die Mokka-Zubereitung sehr gute Ergebnisse und auch in der gr\u00f6bsten Einstellung zur Zubereitung von Kaffee aus der Karlsbader Kanne kann die Commandante abliefern.<\/p>\n<p>[\/spb_text_block] [spb_text_block pb_margin_bottom=&#8220;no&#8220; pb_border_bottom=&#8220;no&#8220; width=&#8220;1\/2&#8243; el_position=&#8220;first&#8220;]<\/p>\n<p><strong>Filter-Mahlung<\/strong><br \/>\nMahlradeinstellung:<strong> 25 Klicks<br \/>\n<\/strong>Mahlergebnis:<strong> sehr gleichm\u00e4\u00dfig<br \/>\n<\/strong>Kaffeemenge bei 20 Umdrehungen:<strong> 4,8g <\/strong><strong><br \/>\n<\/strong>(gemessen via Hario V60 Drip Scale)<strong><br \/>\n<\/strong><\/p>\n<p>[\/spb_text_block] [spb_text_block pb_margin_bottom=&#8220;no&#8220; pb_border_bottom=&#8220;no&#8220; width=&#8220;1\/2&#8243; el_position=&#8220;last&#8220;]<\/p>\n<p><strong>Mahlung f\u00fcr Karlsbader Kanne, grob<\/strong><br \/>\nMahlradeinstellung:<strong> 45 Klicks<br \/>\n<\/strong>Mahlergebnis:<strong> recht gleichm\u00e4\u00dfig<br \/>\n<\/strong>Kaffeemenge bei 20 Umdrehungen:<strong> 5,3g <\/strong><strong><br \/>\n<\/strong>(gemessen via Hario V60 Drip Scale)<strong><br \/>\n<\/strong><\/p>\n<p>[\/spb_text_block] [spb_text_block pb_margin_bottom=&#8220;no&#8220; pb_border_bottom=&#8220;no&#8220; width=&#8220;1\/1&#8243; el_position=&#8220;first last&#8220;]<\/p>\n<p>Mehr Infos zur Commandate findest Du <a title=\"Commandante C40 MK3 trifft auf Hario Mini Mill\" href=\"https:\/\/www.hotroastedlove.de\/hrl\/commandante-c40-mk3-vs-hario-mini-mill\/\">hier im Hot Roasted Love Blog<\/a>.<strong><br \/>\n<\/strong><\/p>\n<p>[\/spb_text_block] [spb_column width=&#8220;1\/1&#8243; el_position=&#8220;first last&#8220;] [spb_video link=&#8220;https:\/\/www.youtube.com\/watch?v=rX9pbYXQRFE&#8220; full_width=&#8220;yes&#8220; width=&#8220;1\/1&#8243; el_position=&#8220;first last&#8220;] [\/spb_column]<\/p>\n","protected":false},"featured_media":23335,"template":"","meta":[],"product_cat":[194],"product_tag":[466,626,886,240,888,887],"_links":{"self":[{"href":"https:\/\/www.hotroastedlove.de\/hrl\/wp-json\/wp\/v2\/product\/23328"}],"collection":[{"href":"https:\/\/www.hotroastedlove.de\/hrl\/wp-json\/wp\/v2\/product"}],"about":[{"href":"https:\/\/www.hotroastedlove.de\/hrl\/wp-json\/wp\/v2\/types\/product"}],"wp:featuredmedia":[{"embeddable":true,"href":"https:\/\/www.hotroastedlove.de\/hrl\/wp-json\/wp\/v2\/media\/23335"}],"wp:attachment":[{"href":"https:\/\/www.hotroastedlove.de\/hrl\/wp-json\/wp\/v2\/media?parent=23328"}],"wp:term":[{"taxonomy":"product_cat","embeddable":true,"href":"https:\/\/www.hotroastedlove.de\/hrl\/wp-json\/wp\/v2\/product_cat?post=23328"},{"taxonomy":"product_tag","embeddable":true,"href":"https:\/\/www.hotroastedlove.de\/hrl\/wp-json\/wp\/v2\/product_tag?post=23328"}],"curies":[{"name":"wp","href":"https:\/\/api.w.org\/{rel}","templated":true}]}}