{"id":23258,"date":"2022-12-28T17:15:28","date_gmt":"2022-12-28T16:15:28","guid":{"rendered":"https:\/\/www.hotroastedlove.de\/hrl\/?post_type=product&#038;p=23258"},"modified":"2024-05-30T19:47:18","modified_gmt":"2024-05-30T17:47:18","slug":"tiamo-milk-pitcher-03l","status":"publish","type":"product","link":"https:\/\/www.hotroastedlove.de\/hrl\/produkt\/tiamo-milk-pitcher-03l\/","title":{"rendered":"TIAMO MILK PITCHER 0,3l"},"content":{"rendered":"","protected":false},"excerpt":{"rendered":"<p>[spb_column width=&#8220;1\/2&#8243; el_position=&#8220;first&#8220;] [spb_text_block pb_margin_bottom=&#8220;no&#8220; pb_border_bottom=&#8220;no&#8220; width=&#8220;1\/1&#8243; el_position=&#8220;first last&#8220;]<\/p>\n<p><strong><span style=\"font-size: 14pt;\">Fellow Stagg Pour Over Black Kettle<br \/>\n<\/span><\/strong><\/p>\n<p>Formsch\u00f6n, mattschwarz und mit zwei richtig coolen Features kommt der Stagg Hei\u00dfwassserbereiter von Fellow daher.<\/p>\n<p>Mit einem Thermometer im Deckel zeigt er dir an, wann das Wasser die richtige Temperatur f\u00fcr die Kaffeezubereitung erreicht hat.<br \/>\nZudem hat der Kessel ein zus\u00e4tzliches Gewicht im Griff versteckt und bietet so eine bessere Balance &#8211; super geeignet zum langsamen und gleichm\u00e4\u00dfigen gie\u00dfen.<\/p>\n<p>Der Fellow Stagg Kettle ist noch nicht so lange am Markt, hat aber in der Spezialt\u00e4tenkaffee-Szene schon eine breite Fangemeinde.<\/p>\n<p><a title=\"Instructions and Safety Guide\" href=\"http:\/\/fellowproducts.com\/wp-content\/uploads\/2016\/08\/NOTFORPRINTStagg1.3_Warnings_OLV6.pdf\" target=\"_blank\" rel=\"noopener noreferrer\">Instructions and Safety Guide<\/a><a title=\"Youtube Video Baratza Encore vs. Baratza Virtuoso\" href=\"http:\/\/youtu.be\/UnuVTLzjzmg\" target=\"_blank\" rel=\"noopener noreferrer\"><br \/>\n<\/a><\/p>\n<p>[\/spb_text_block] [\/spb_column] [spb_column width=&#8220;1\/2&#8243; el_position=&#8220;last&#8220;] [blank_spacer height=&#8220;30px&#8220; width=&#8220;1\/1&#8243; el_position=&#8220;first last&#8220;] [spb_video link=&#8220;https:\/\/youtu.be\/bjuIvcfNK-c?t=1m46s&#8220; full_width=&#8220;no&#8220; width=&#8220;1\/1&#8243; el_position=&#8220;first last&#8220;] [spb_text_block pb_margin_bottom=&#8220;no&#8220; pb_border_bottom=&#8220;no&#8220; width=&#8220;1\/1&#8243; el_position=&#8220;first last&#8220;]<\/p>\n<p>Video credits to <em>Eight Ounce Coffee<\/em><\/p>\n<p>[\/spb_text_block] [\/spb_column]<\/p>\n","protected":false},"featured_media":23259,"template":"","meta":[],"product_cat":[194],"product_tag":[876,874,873,875,872,877],"_links":{"self":[{"href":"https:\/\/www.hotroastedlove.de\/hrl\/wp-json\/wp\/v2\/product\/23258"}],"collection":[{"href":"https:\/\/www.hotroastedlove.de\/hrl\/wp-json\/wp\/v2\/product"}],"about":[{"href":"https:\/\/www.hotroastedlove.de\/hrl\/wp-json\/wp\/v2\/types\/product"}],"wp:featuredmedia":[{"embeddable":true,"href":"https:\/\/www.hotroastedlove.de\/hrl\/wp-json\/wp\/v2\/media\/23259"}],"wp:attachment":[{"href":"https:\/\/www.hotroastedlove.de\/hrl\/wp-json\/wp\/v2\/media?parent=23258"}],"wp:term":[{"taxonomy":"product_cat","embeddable":true,"href":"https:\/\/www.hotroastedlove.de\/hrl\/wp-json\/wp\/v2\/product_cat?post=23258"},{"taxonomy":"product_tag","embeddable":true,"href":"https:\/\/www.hotroastedlove.de\/hrl\/wp-json\/wp\/v2\/product_tag?post=23258"}],"curies":[{"name":"wp","href":"https:\/\/api.w.org\/{rel}","templated":true}]}}