{"id":23213,"date":"2022-08-17T11:18:31","date_gmt":"2022-08-17T09:18:31","guid":{"rendered":"https:\/\/www.hotroastedlove.de\/hrl\/?post_type=product&#038;p=23213"},"modified":"2025-11-13T17:42:21","modified_gmt":"2025-11-13T16:42:21","slug":"honig-bielefelder-sommerbluete","status":"publish","type":"product","link":"https:\/\/www.hotroastedlove.de\/hrl\/produkt\/honig-bielefelder-sommerbluete\/","title":{"rendered":"HONIG BIELEFELDER SOMMERBL\u00dcTE"},"content":{"rendered":"","protected":false},"excerpt":{"rendered":"<p>[spb_column width=&#8220;1\/1&#8243; el_position=&#8220;first last&#8220;] [spb_text_block pb_margin_bottom=&#8220;no&#8220; pb_border_bottom=&#8220;no&#8220; width=&#8220;2\/3&#8243; el_position=&#8220;first&#8220;]<\/p>\n<p><strong><span style=\"font-size: 14pt;\">PINDAKAAS &#8222;COFFEE EL VAMPIRO&#8220;<br \/>\n<\/span><\/strong><\/p>\n<p>Pindakaas ist holl\u00e4ndisch f\u00fcr Erdnussbutter und aus Holland kommt sie auch.<br \/>\nZusammen mit DE PINDAKAASWINKEL aus Amsterdam haben wir dieses sehr cremige und intensive Erdnussmus mit unserem dunkelaromatischen Kaffee Kolumbien El Vampiro kombiniert. Voller Erdnuss-Genuss mit feiner Kaffeenote &#8211; f\u00fcr doppelte Energie.<\/p>\n<p>Frei von Palm\u00f6l, Laktose, Gluten und Zucker enth\u00e4lt das Coffee El Vampiro Erdnussmus nur das, was f\u00fcr eine richtig intensive und cremige Pindakaas ben\u00f6tigt wird: Erdn\u00fcsse (nat\u00fcrlich!), Kaffee (Kolumbien El Vampiro &#8211; <a title=\"KOLUMBIEN EL VAMPIRO\" href=\"https:\/\/www.hotroastedlove.de\/hrl\/produkt\/kolumbien-el-vampiro\/\">gibts hier<\/a>), Kokos\u00f6l und Meersalz. Handwerklich produziert.<\/p>\n<p><strong>Limitierte Auflage!<\/strong><\/p>\n<p><strong>Zutaten:<\/strong> Erdn\u00fcsse, Kaffee (Kolumbien El Vampiro), Kokos\u00f6l, Meersalz.<br \/>\nGlutenfrei, Laktosefrei, Zuckerfrei, Palm\u00f6lfrei<br \/>\n<strong>Warnhinweis f\u00fcr Allergiker:<\/strong> Enth\u00e4lt Erdn\u00fcsse! Kann Spuren anderer N\u00fcsse enthalten.<\/p>\n<p><em>N\u00e4hrwerte pro 100g:<\/em><br \/>\n<em>Energie: 626 Kcal<\/em><br \/>\n<em>Protein: 28g<\/em><em>Kohlenhydrate: 16g<\/em><br \/>\n<em>Fett: 18g<\/em><br \/>\n<em>Faser &amp; Salz: 0,3g<\/em><\/p>\n<p>Hersteller: De Pindakaaswinkel, <span class=\"_Xbe\">Czaar Peterstraat 169, 1018 PJ Amsterdam, Niederlande<\/span><\/p>\n<p>[\/spb_text_block] [spb_text_block pb_margin_bottom=&#8220;no&#8220; pb_border_bottom=&#8220;no&#8220; width=&#8220;1\/3&#8243; el_position=&#8220;last&#8220;]<\/p>\n<blockquote><p>Pindakaas. Fett!<br \/>\nKaffee El Vampiro. TurboFett!<br \/>\nPindakaas mit El Vampiro.<br \/>\nAm Turbofettesten!<\/p>\n<p>Ja, man!<\/p><\/blockquote>\n<p>[\/spb_text_block] [\/spb_column]<\/p>\n","protected":false},"featured_media":22655,"template":"","meta":[],"product_cat":[337],"product_tag":[851,853,852],"_links":{"self":[{"href":"https:\/\/www.hotroastedlove.de\/hrl\/wp-json\/wp\/v2\/product\/23213"}],"collection":[{"href":"https:\/\/www.hotroastedlove.de\/hrl\/wp-json\/wp\/v2\/product"}],"about":[{"href":"https:\/\/www.hotroastedlove.de\/hrl\/wp-json\/wp\/v2\/types\/product"}],"wp:featuredmedia":[{"embeddable":true,"href":"https:\/\/www.hotroastedlove.de\/hrl\/wp-json\/wp\/v2\/media\/22655"}],"wp:attachment":[{"href":"https:\/\/www.hotroastedlove.de\/hrl\/wp-json\/wp\/v2\/media?parent=23213"}],"wp:term":[{"taxonomy":"product_cat","embeddable":true,"href":"https:\/\/www.hotroastedlove.de\/hrl\/wp-json\/wp\/v2\/product_cat?post=23213"},{"taxonomy":"product_tag","embeddable":true,"href":"https:\/\/www.hotroastedlove.de\/hrl\/wp-json\/wp\/v2\/product_tag?post=23213"}],"curies":[{"name":"wp","href":"https:\/\/api.w.org\/{rel}","templated":true}]}}