{"id":23139,"date":"2022-12-06T12:12:16","date_gmt":"2022-12-06T11:12:16","guid":{"rendered":"https:\/\/www.hotroastedlove.de\/hrl\/?post_type=product&#038;p=23139"},"modified":"2025-05-07T13:35:10","modified_gmt":"2025-05-07T11:35:10","slug":"wilfa-svart-aroma-kaffeemuehle","status":"publish","type":"product","link":"https:\/\/www.hotroastedlove.de\/hrl\/produkt\/wilfa-svart-aroma-kaffeemuehle\/","title":{"rendered":"WILFA SVART AROMA KAFFEEM\u00dcHLE"},"content":{"rendered":"<p>[spb_column width=&#8220;1\/1&#8243; el_position=&#8220;first last&#8220;] [spb_text_block pb_margin_bottom=&#8220;no&#8220; pb_border_bottom=&#8220;no&#8220; width=&#8220;3\/4&#8243; el_position=&#8220;first last&#8220;]\n<p><strong><span style=\"font-size: 14pt;\">WILFA SVART AROMA KAFFEEM\u00dcHLE<\/span><\/strong><\/p>\n<p>Mattschwarze und elegante Every-Day-Einsteigerm\u00fchle, die von Frenchpress, \u00fcber Filterkaffee und Aeropress bis hin zum Mokkak\u00e4nnchen gute bis sehr gute Ergebnisse liefert. Die M\u00fchle verf\u00fcgt \u00fcber eine einfach zu bedienende Mahlgradeinstellung, die direkt in den 250g Beh\u00e4lter integriert ist, sowie \u00fcber eine Push-Mahlfunktion und eine Option zum zeitgesteuerten Mahlen, sodass jedes Mal die gleiche Menge an Kaffeebohnen gemahlen werden kann. Au\u00dferdem l\u00e4sst sich bei bedarf das Mahlwerk schnell zerlegen, sodass es leicht sauber zu halten ist.<\/p>\n<p>Das stahlbeschichtete, konische Mahlwerk erzeugt nur sehr wenig Hitze und bewahrt so die empfindlichen Aromen und den Geschmack des Kaffees. Und dank des verbesserten Motors ist die Maschine sehrt leise und noch pr\u00e4ziser als fr\u00fchere Modelle.<\/p>\n<p>Eine wirklich gute und unkomplizierte M\u00fchle mit einem sehr guten Preis-Leistungsverh\u00e4ltnis!<\/p>\n<p><strong>Mahlgradeinstellungen-Tipps:<\/strong><\/p>\n<p>Beginne beim V60 Handfilter 2 Punkte rechts von der Einstellung &#8222;Filterkaffee&#8220; (Richtung &#8222;AeroPress&#8220;).<\/p>\n[\/spb_text_block] [\/spb_column] [spb_video link=&#8220;https:\/\/www.youtube.com\/watch?v=RGTaO7_F4X8&#8243; full_width=&#8220;no&#8220; width=&#8220;3\/4&#8243; el_position=&#8220;first last&#8220;]\n","protected":false},"excerpt":{"rendered":"<p>[spb_column width=&#8220;1\/2&#8243; el_position=&#8220;first&#8220;] [spb_text_block pb_margin_bottom=&#8220;no&#8220; pb_border_bottom=&#8220;no&#8220; width=&#8220;1\/1&#8243; el_position=&#8220;first last&#8220;]<\/p>\n<p><strong><span style=\"font-size: 14pt;\">Fellow Stagg Pour Over Black Kettle<br \/>\n<\/span><\/strong><\/p>\n<p>Formsch\u00f6n, mattschwarz und mit zwei richtig coolen Features kommt der Stagg Hei\u00dfwassserbereiter von Fellow daher.<\/p>\n<p>Mit einem Thermometer im Deckel zeigt er dir an, wann das Wasser die richtige Temperatur f\u00fcr die Kaffeezubereitung erreicht hat.<br \/>\nZudem hat der Kessel ein zus\u00e4tzliches Gewicht im Griff versteckt und bietet so eine bessere Balance &#8211; super geeignet zum langsamen und gleichm\u00e4\u00dfigen gie\u00dfen.<\/p>\n<p>Der Fellow Stagg Kettle ist noch nicht so lange am Markt, hat aber in der Spezialt\u00e4tenkaffee-Szene schon eine breite Fangemeinde.<\/p>\n<p><a title=\"Instructions and Safety Guide\" href=\"http:\/\/fellowproducts.com\/wp-content\/uploads\/2016\/08\/NOTFORPRINTStagg1.3_Warnings_OLV6.pdf\" target=\"_blank\" rel=\"noopener noreferrer\">Instructions and Safety Guide<\/a><a title=\"Youtube Video Baratza Encore vs. Baratza Virtuoso\" href=\"http:\/\/youtu.be\/UnuVTLzjzmg\" target=\"_blank\" rel=\"noopener noreferrer\"><br \/>\n<\/a><\/p>\n<p>[\/spb_text_block] [\/spb_column] [spb_column width=&#8220;1\/2&#8243; el_position=&#8220;last&#8220;] [blank_spacer height=&#8220;30px&#8220; width=&#8220;1\/1&#8243; el_position=&#8220;first last&#8220;] [spb_video link=&#8220;https:\/\/youtu.be\/bjuIvcfNK-c?t=1m46s&#8220; full_width=&#8220;no&#8220; width=&#8220;1\/1&#8243; el_position=&#8220;first last&#8220;] [spb_text_block pb_margin_bottom=&#8220;no&#8220; pb_border_bottom=&#8220;no&#8220; width=&#8220;1\/1&#8243; el_position=&#8220;first last&#8220;]<\/p>\n<p>Video credits to <em>Eight Ounce Coffee<\/em><\/p>\n<p>[\/spb_text_block] [\/spb_column]<\/p>\n","protected":false},"featured_media":23152,"template":"","meta":[],"product_cat":[194],"product_tag":[781,240,255,244,868],"_links":{"self":[{"href":"https:\/\/www.hotroastedlove.de\/hrl\/wp-json\/wp\/v2\/product\/23139"}],"collection":[{"href":"https:\/\/www.hotroastedlove.de\/hrl\/wp-json\/wp\/v2\/product"}],"about":[{"href":"https:\/\/www.hotroastedlove.de\/hrl\/wp-json\/wp\/v2\/types\/product"}],"wp:featuredmedia":[{"embeddable":true,"href":"https:\/\/www.hotroastedlove.de\/hrl\/wp-json\/wp\/v2\/media\/23152"}],"wp:attachment":[{"href":"https:\/\/www.hotroastedlove.de\/hrl\/wp-json\/wp\/v2\/media?parent=23139"}],"wp:term":[{"taxonomy":"product_cat","embeddable":true,"href":"https:\/\/www.hotroastedlove.de\/hrl\/wp-json\/wp\/v2\/product_cat?post=23139"},{"taxonomy":"product_tag","embeddable":true,"href":"https:\/\/www.hotroastedlove.de\/hrl\/wp-json\/wp\/v2\/product_tag?post=23139"}],"curies":[{"name":"wp","href":"https:\/\/api.w.org\/{rel}","templated":true}]}}