{"id":23115,"date":"2022-12-04T11:25:49","date_gmt":"2022-12-04T10:25:49","guid":{"rendered":"https:\/\/www.hotroastedlove.de\/hrl\/?post_type=product&#038;p=23115"},"modified":"2025-12-08T16:41:55","modified_gmt":"2025-12-08T15:41:55","slug":"gina-coffee-brewer","status":"publish","type":"product","link":"https:\/\/www.hotroastedlove.de\/hrl\/produkt\/gina-coffee-brewer\/","title":{"rendered":"GINA COFFEE BREWER"},"content":{"rendered":"<p>[spb_column width=&#8220;3\/4&#8243; el_position=&#8220;first&#8220;] [spb_text_block pb_margin_bottom=&#8220;no&#8220; pb_border_bottom=&#8220;no&#8220; width=&#8220;1\/1&#8243; el_position=&#8220;first last&#8220;]\n<p><strong><span style=\"font-size: 14pt;\">GINA COFFEE BREWER by GOAT STORY<br \/>\n<\/span><\/strong><br \/>\nDie GINA hat definitiv Style und kann was: Sie ist insbesondere f\u00fcr die Zubereitungsarten Pour Over, Immersion Brew und Cold Drip sehr gut geeignet. Und neben Kaffee kann sie auch Tee! Why not?<\/p>\n<p>Sie verf\u00fcgt \u00fcber ein grandioses\u00a0 Pr\u00e4zisionsventil, das eine perfekte Kontrolle des Wasserdurchflusses erm\u00f6glicht, und zwar bis zum letzten Tropfen.<\/p>\n<p>Das Pr\u00e4zisionsventil regelt bei der Zubereitung eines Pour Over Kaffees die Durchlaufgeschwindigkeit des Wassers. So erm\u00f6glicht GINA das Experimentieren mit unterschiedlichen Extraktionszeiten in bisher ungekannter Vielfalt und Einfachheit. F\u00fcr das Zubereiten eines Cold Drip Kaffees liegt ein entsprechendes Modul bei, welches passgenau in der Glaskaraffe unter dem Ventil platziert wird. F\u00fcr die Full Immersion Methode kann das Ventil auch ganz verschlossen werden, damit der Kaffee l\u00e4nger mit dem Br\u00fchwasser in Kontakt steht. So entwickeln sich kr\u00e4ftigere Aromen und der Kaffee wird k\u00f6rperreicher.<\/p>\n<ul>\n<li>2018 mit dem Red Dot Design Award ausgezeichnet<\/li>\n<li>F\u00fcr Pour Over, Full Immersion und Cold Drip geeignet<\/li>\n<li>Hochwertige Verarbeitung und Materialien<\/li>\n<\/ul>\n<p><strong>HEIGHT:<\/strong> 345 mm\/ 13,6&#8243;<br \/>\n<strong>WIDTH:<\/strong> 163 mm \/ 16,4&#8243;<br \/>\n<strong>DEPTH:<\/strong> 135 mm \/ 5,3&#8243;<br \/>\n<strong>WEIGHT:<\/strong> 1,4 kg \/ 3,08 lbs<\/p>\n<p>Es handelt sich um die Version ohne Bluetooth-Waage.<br \/>\nAlle technischen Daten gibt es hier: <a href=\"https:\/\/cdn.shopify.com\/s\/files\/1\/0035\/9156\/9443\/files\/goat-gina-basic-tech-spec.pdf?v=1603373038\" target=\"_blank\" rel=\"noreferrer noopener\">LINK<\/a><\/p>\n[\/spb_text_block] [\/spb_column] [spb_column width=&#8220;1\/4&#8243; el_position=&#8220;last&#8220;] [\/spb_column]<\/p>\n","protected":false},"excerpt":{"rendered":"<p>[spb_column width=&#8220;3\/4&#8243; el_position=&#8220;first&#8220;] [spb_text_block pb_margin_bottom=&#8220;no&#8220; pb_border_bottom=&#8220;no&#8220; width=&#8220;1\/1&#8243; el_position=&#8220;first last&#8220;]<\/p>\n<p><strong><span style=\"font-size: 14pt;\">GINA: Smart coffee instrument\/ by GOAT STORY<br \/>\nmit Bluetooth Waage und App<br \/>\n<\/span><\/strong><br \/>\nGINA ist der erste intelligente Kaffeebr\u00fcher mit integrierten Bluetooth-Waage und einer cleveren App (f\u00fcr iOS und Android) die hilft unterschiedliche Parameter f\u00fcr den perfekten Aufguss zu analysieren, zu speichern und bei Bedarf mit anderen GINA-Nutzern zu tauschen. Die GINA hat definitiv Style und kann was: Sie ist insbesondere f\u00fcr die Zubereitungsarten Pour Over, Immersion Brew und Cold Drip sehr gut geeignet. Und neben Kaffee kann sie auch Tee!<\/p>\n<p>Ausf\u00fchrliche Informationen zu allen Details der GINA gibt es <a title=\"Goat Story Gina\" href=\"https:\/\/www.goat-story.com\/products\/gina\" target=\"_blank\" rel=\"noopener\">hier auf der Herstellerseite.<\/a><\/p>\n<p>[\/spb_text_block] [spb_video title=&#8220;\u00dcberblick zur Nutzung von GINA&#8220; link=&#8220;https:\/\/youtu.be\/2iNWcQI7y3I&#8220; full_width=&#8220;no&#8220; width=&#8220;1\/1&#8243; el_position=&#8220;first last&#8220;] [\/spb_column] [spb_column width=&#8220;1\/4&#8243; el_position=&#8220;last&#8220;] [\/spb_column]<\/p>\n","protected":false},"featured_media":23116,"template":"","meta":[],"product_cat":[194],"product_tag":[492,236,518,244],"_links":{"self":[{"href":"https:\/\/www.hotroastedlove.de\/hrl\/wp-json\/wp\/v2\/product\/23115"}],"collection":[{"href":"https:\/\/www.hotroastedlove.de\/hrl\/wp-json\/wp\/v2\/product"}],"about":[{"href":"https:\/\/www.hotroastedlove.de\/hrl\/wp-json\/wp\/v2\/types\/product"}],"wp:featuredmedia":[{"embeddable":true,"href":"https:\/\/www.hotroastedlove.de\/hrl\/wp-json\/wp\/v2\/media\/23116"}],"wp:attachment":[{"href":"https:\/\/www.hotroastedlove.de\/hrl\/wp-json\/wp\/v2\/media?parent=23115"}],"wp:term":[{"taxonomy":"product_cat","embeddable":true,"href":"https:\/\/www.hotroastedlove.de\/hrl\/wp-json\/wp\/v2\/product_cat?post=23115"},{"taxonomy":"product_tag","embeddable":true,"href":"https:\/\/www.hotroastedlove.de\/hrl\/wp-json\/wp\/v2\/product_tag?post=23115"}],"curies":[{"name":"wp","href":"https:\/\/api.w.org\/{rel}","templated":true}]}}