{"id":22266,"date":"2025-06-04T10:01:02","date_gmt":"2025-06-04T08:01:02","guid":{"rendered":"https:\/\/www.hotroastedlove.de\/hrl\/?post_type=product&#038;p=22266"},"modified":"2025-12-17T13:53:12","modified_gmt":"2025-12-17T12:53:12","slug":"loveramics-dripper-verschiedene-farben","status":"publish","type":"product","link":"https:\/\/www.hotroastedlove.de\/hrl\/produkt\/loveramics-dripper-verschiedene-farben\/","title":{"rendered":"LOVERAMICS DRIPPER &#8211; VERSCHIEDENE FARBEN"},"content":{"rendered":"[spb_text_block pb_margin_bottom=&#8220;no&#8220; pb_border_bottom=&#8220;no&#8220; width=&#8220;1\/1&#8243; el_position=&#8220;first last&#8220;]\n<p><span style=\"font-size: 14pt;\"><strong>LOVERAMICS PORZELLANFILTER<\/strong><\/span><\/p>\n<p><strong><span style=\"font-size: 14pt;\">Jeder Filter hat sein eigenes Geschmacksprofil!<\/span><br \/>\n<\/strong><\/p>\n<p>Die spezielle innere (und \u00e4u\u00dfere) Oberfl\u00e4che der Filter beeinflusst die Flie\u00dfgeschwindigkeit des Wassers und damit die Ziehzeit. Den Filter gibt es in drei verschiedene Varianten:<\/p>\n<p><strong>Mellow<\/strong> wird empfohlen, wenn Sie einen schnellen Wasserfluss erreichen wollen. (z.B. f\u00fcr fruchtbetonte Ergebnisse)<br \/>\n<strong>Smooth<\/strong> wird empfohlen, wenn Sie einen m\u00e4\u00dfigen Wasserdurchfluss erreichen wollen. (z. B. f\u00fcr ausbalancierte Ergebnisse)<br \/>\n<strong>Strong<\/strong> wird empfohlen, wenn Sie den Kaffee langsam aufbr\u00fchen und eine intensive Br\u00fchung erzielen m\u00f6chten. (z. B. f\u00fcr ein kr\u00e4ftiges Tassenergebnis)<\/p>\n<p>Hergestellt aus hochwertigem, langlebigem Porzellan. Sp\u00fclmaschinen- und mikrowellenfest.<\/p>\n<p>Die Brewers-Serie wurde von Simon Stevens entworfen, einem Weltklasse-Designer und Gewinner vieler Auszeichnungen im Bereich der Keramikprodukte. Simon Stevens leitet ein Designstudio in London und arbeitet mit den gr\u00f6\u00dften Keramikherstellern der Welt zusammen. Seine Arbeiten wurden bereits an vielen renommierten Orten ausgestellt, z. B. in Museen in London und Frankfurt.<\/p>\n<p>Folgendes Filterpapier eignet sich f\u00fcr alle Loveramics Handfilter:<br \/>\n<strong>Hario Filterpapier in der Gr\u00f6\u00dfe 02<\/strong> (Das Filterpapier gibts in unterschiedlichen Papierst\u00e4rken hier im Shop.)<\/p>\n<p>Passend und optional kann zus\u00e4tzlich der <strong>Filterhalter aus Messing<\/strong> mit Silikoninnenring hier erworben verwendet werden.<\/p>\n[\/spb_text_block]\n","protected":false},"excerpt":{"rendered":"<p>[spb_text_block pb_margin_bottom=&#8220;no&#8220; pb_border_bottom=&#8220;no&#8220; width=&#8220;1\/2&#8243; el_position=&#8220;first&#8220;]<\/p>\n<h3><strong><span style=\"font-size: 14pt;\">Der Aufbau des Hario V60<\/span><\/strong><\/h3>\n<p>Raffinessen dieses Filters im Detail:<br \/>\n<strong>V<\/strong> = Kegelform mit<br \/>\n<strong>60<\/strong> = 60\u00b0 Neigungswinkel (steiler als herk\u00f6mmliche Handfilter))<\/p>\n<p>Der Hario V60 Keramikfilter wirkt durch seine schlichte Gestaltung klassisch und stylisch zugleich.<br \/>\nEs gibt eine Boden\u00f6ffnung die deutlich gr\u00f6\u00dfer ist, als der Durchfluss beim traditionellen Melitta-Handfilter. Durch die bogenf\u00f6rmige und konisch zulaufende Wasserf\u00fchrung wird der Kaffee optimal und gleichm\u00e4\u00dfig extrahiert.<\/p>\n<p><strong><span style=\"font-size: 14pt;\">Die Verwendung des Hario V60<\/span><\/strong><\/p>\n<p>F\u00fcr den Porzellanfilter gibt es passendes sauerstoffgebleichtes, wei\u00dfes Filterpapier hier im Shop.<br \/>\nDieses ist geschmacksneutral, h\u00e4lt zuverl\u00e4ssig nicht gew\u00fcnschte Kaffeesedimente zur\u00fcck und f\u00fchrt zu einer klaren Tasse.<\/p>\n<p>&nbsp;<\/p>\n<p>[\/spb_text_block] [spb_single_image image=&#8220;12623&#8243; image_size=&#8220;full&#8220; frame=&#8220;glowframe&#8220; intro_animation=&#8220;none&#8220; full_width=&#8220;no&#8220; lightbox=&#8220;no&#8220; link_target=&#8220;_self&#8220; width=&#8220;1\/2&#8243; el_position=&#8220;last&#8220;]<\/p>\n","protected":false},"featured_media":22280,"template":"","meta":[],"product_cat":[194],"product_tag":[839,840,236,235,838],"_links":{"self":[{"href":"https:\/\/www.hotroastedlove.de\/hrl\/wp-json\/wp\/v2\/product\/22266"}],"collection":[{"href":"https:\/\/www.hotroastedlove.de\/hrl\/wp-json\/wp\/v2\/product"}],"about":[{"href":"https:\/\/www.hotroastedlove.de\/hrl\/wp-json\/wp\/v2\/types\/product"}],"wp:featuredmedia":[{"embeddable":true,"href":"https:\/\/www.hotroastedlove.de\/hrl\/wp-json\/wp\/v2\/media\/22280"}],"wp:attachment":[{"href":"https:\/\/www.hotroastedlove.de\/hrl\/wp-json\/wp\/v2\/media?parent=22266"}],"wp:term":[{"taxonomy":"product_cat","embeddable":true,"href":"https:\/\/www.hotroastedlove.de\/hrl\/wp-json\/wp\/v2\/product_cat?post=22266"},{"taxonomy":"product_tag","embeddable":true,"href":"https:\/\/www.hotroastedlove.de\/hrl\/wp-json\/wp\/v2\/product_tag?post=22266"}],"curies":[{"name":"wp","href":"https:\/\/api.w.org\/{rel}","templated":true}]}}