{"id":21517,"date":"2020-11-08T11:10:59","date_gmt":"2020-11-08T10:10:59","guid":{"rendered":"https:\/\/www.hotroastedlove.de\/hrl\/?post_type=product&#038;p=21517"},"modified":"2024-06-18T11:53:25","modified_gmt":"2024-06-18T09:53:25","slug":"black-jungle-tea","status":"publish","type":"product","link":"https:\/\/www.hotroastedlove.de\/hrl\/produkt\/black-jungle-tea\/","title":{"rendered":"TAIWAN BLACK JUNGLE TEA"},"content":{"rendered":"<p>[spb_column width=&#8220;1\/1&#8243; el_position=&#8220;first last&#8220;] [spb_text_block pb_margin_bottom=&#8220;no&#8220; pb_border_bottom=&#8220;no&#8220; width=&#8220;1\/1&#8243; el_position=&#8220;first last&#8220;]\n<p><strong><span style=\"font-size: 14pt;\">BLACK JUNGLE AUS TAIWAN<br \/>\n<\/span><\/strong><\/p>\n<p>Ein echter Tee f\u00fcr Schwarztee Kenner! Das Aroma und die Komplexit\u00e4t dieses semi-wild angebauten schwarzen Tees aus der Mitte Taiwans vom Sonne-Mond-See ist bemerkenswert. F\u00fcr Liebhaber von schwarzen Tee\u2019s eine echte Empfehlung. Gewachsen ist der Tee in einem \u201eTee Dschungel\u201c an den sonnigen H\u00e4ngen in der N\u00e4he des Sees. Farmer Wang verarbeitet das rohe Material zu einem einzigartigen Taiwanischen Tee.<\/p>\n<p><strong>100% loser Tee, direkt vom Bauern aus Taiwan. Ohne Zus\u00e4tze oder Aromen. Frei von Pestiziden. Anbau ohne D\u00fcnger.<br \/>\n<\/strong><\/p>\n<p><strong>Dosierungsempfehlung:<\/strong> 3-5 g Tee auf 100ml Wasser (95\u00b0C)<br \/>\nZiehzeit nach Geschmack: ca. 60s bis 90s<br \/>\n<strong>Der Tee kann mind. 3 mal erneut aufgegossen werden.<\/strong><\/p>\n<p><strong>Produzent:<\/strong> Wang Zheng Cheng<br \/>\n<strong>Region:<\/strong> Sun Moon See, Nantou, Taiwan<br \/>\n<strong>Anbau:<\/strong> Semi-wild ohne Pestizide und D\u00fcnger<br \/>\n<strong>H\u00f6he:<\/strong> 400m<br \/>\n<strong>Ernte:<\/strong> Hand gepl\u00fcckt im Sommer 2020, 60% oxidiert<br \/>\n<strong>Geschmacksnoten:<\/strong> leicht malzig, mit einer fruchtigen Note von kandierten Beeren<\/p>\n<p>&nbsp;<\/p>\n[\/spb_text_block] [\/spb_column]<\/p>\n","protected":false},"excerpt":{"rendered":"<p>[spb_column width=&#8220;1\/1&#8243; el_position=&#8220;first last&#8220;] [spb_text_block pb_margin_bottom=&#8220;no&#8220; pb_border_bottom=&#8220;no&#8220; width=&#8220;1\/1&#8243; el_position=&#8220;first last&#8220;]<\/p>\n<p><strong><span style=\"font-size: 14pt;\">Coffee, please! NICARAGUA JESUS MOUNTAIN<\/span><br \/>\n<\/strong><\/p>\n<p>Sch\u00f6n ausbalanciert und s\u00fc\u00df-saftig macht dieser Kaffee aus den Bergen von Jalapa Nueva Segovia direkt Lust auf die n\u00e4chste Tasse und die n\u00e4chste Tasse und die n\u00e4chste Tasse. Er ist auch floral, aber vor allem die saftigen Noten von Lemon Tea machen ihn nicht nur als hei\u00dfen Filterkaffee, sondern besonders auch auch als ColdBrew sehr intererssant. S\u00fc\u00dfe, S\u00e4ure, K\u00f6rper, Aroma &#8211; alles passt und ergibt einen supersch\u00f6n s\u00fcffigen Kaffee!<\/p>\n<p>Die Familie Peralta betreibt Farm Cerro de Jes\u00fas in den Bergen von Jalapa Nueva Segovia. Die Farm ist einzigartig in den verschiedenen Mikroklimata, verschiedenen Sorten und in der Geschichte der Herstellung von gutem Kaffee. Jedes Jahr bringen die unterschiedlichen Parzellen (wald\u00e4hnliche Parzellen mit reichlich schattenspendenden B\u00e4umen, bis zu hoch gelegenen Parzellen, die mit sehr wenig beschnittenen Schattenb\u00e4umen zurechtkommen) sehr interessante Kaffees hervor.<\/p>\n<p>Wir haben das Gl\u00fcck Euch das Microlot &#8222;Don David&#8220; anbieten zu k\u00f6nnen, von dem es in der aktuellen Ernte nur 138kg gibt.<\/p>\n<p><strong>DIRECT TRADE, SINGLE ESTATE, MICROLOT<br \/>\n<\/strong><strong>Herkunft:<\/strong> Nicaragua, Jalapa, Nueva Segovia<br \/>\n<strong>Kaffeesorte:<\/strong> 100% Arabica, Variet\u00e4ten: Ethiosar F1, Microlot &#8222;Don David&#8220;<br \/>\n<strong>Aufbereitung:<\/strong> handpicked, washed, 13 days drying on raised beds<br \/>\n<strong>Anbauh\u00f6he:<\/strong> ca. 1300m<br \/>\n<strong>Kaffeefarm:<\/strong> Cerro de Jes\u00fas, Peralta Family<br \/>\n<strong>Geschmacksprofil:<\/strong> Floral-fruchtig und saftig mit Noten von Lemon Tea, Jasmin, Kaffeebl\u00fcte<\/p>\n<p>[\/spb_text_block] [\/spb_column] [spb_single_image image=&#8220;15798&#8243; image_size=&#8220;full&#8220; frame=&#8220;noframe&#8220; intro_animation=&#8220;none&#8220; full_width=&#8220;no&#8220; lightbox=&#8220;no&#8220; link_target=&#8220;_self&#8220; width=&#8220;1\/1&#8243; el_position=&#8220;first last&#8220;] [spb_gmaps address=&#8220;Nueva Segovia, Nicaragua&#8220; size=&#8220;300&#8243; type=&#8220;roadmap&#8220; zoom=&#8220;6&#8243; saturation=&#8220;mono&#8220; pin_image=&#8220;12669&#8243; fullscreen=&#8220;no&#8220; width=&#8220;1\/1&#8243; el_position=&#8220;first last&#8220;] [blank_spacer height=&#8220;30px&#8220; width=&#8220;1\/1&#8243; el_position=&#8220;first last&#8220;] [spb_text_block pb_margin_bottom=&#8220;no&#8220; pb_border_bottom=&#8220;no&#8220; width=&#8220;1\/1&#8243; el_position=&#8220;first last&#8220;]<\/p>\n<p><strong><span style=\"font-size: 14pt;\">Direct Trade<\/span><\/strong><\/p>\n<p>Direkthandelsinitiativen investieren in den Aufbau der Kleinbauern und in Kooperativen vor Ort. Im Direkthandel wird den Kaffeebauern ein weit \u00fcber dem Markt \u00fcblicher Preis f\u00fcr hohe Kaffeequalit\u00e4t und spezielle Kaffeesorten bezahlt, der oft auch \u00fcber den Preisgarantien der Fair Trade-Zertifizierung liegt. Der Preis wird in der Regel mit den Produzenten pers\u00f6nlich und ohne Zwischenh\u00e4ndler (z.B. B\u00f6rse) ausgehandelt.<\/p>\n<p>Vom naturnahen und m\u00f6glichst gemeinschaftlichen Anbau, der manuellen Ernte (meist Picking), der sorgf\u00e4ltigen Verarbeitung und den Lebensbedingungen von Bauern und Erntehelfern \u00fcberzeugen sich unsere Importpartner regelm\u00e4\u00dfig selbst vor Ort. So sichern sie die R\u00fcckverfolgbarkeit bis zum Ursprung.<\/p>\n<p>&gt;&gt; <a title=\"WARUM DIRECT TRADE MEHR ALS FAIR IST\" href=\"https:\/\/www.hotroastedlove.de\/hrl\/warum-direct-trade\/\">Mehr zum Thema Direct Trade<\/a><\/p>\n<p>[\/spb_text_block] [blank_spacer height=&#8220;30px&#8220; width=&#8220;1\/1&#8243; el_position=&#8220;first last&#8220;]<\/p>\n","protected":false},"featured_media":21518,"template":"","meta":[],"product_cat":[683],"product_tag":[811,565,353,810,321],"_links":{"self":[{"href":"https:\/\/www.hotroastedlove.de\/hrl\/wp-json\/wp\/v2\/product\/21517"}],"collection":[{"href":"https:\/\/www.hotroastedlove.de\/hrl\/wp-json\/wp\/v2\/product"}],"about":[{"href":"https:\/\/www.hotroastedlove.de\/hrl\/wp-json\/wp\/v2\/types\/product"}],"wp:featuredmedia":[{"embeddable":true,"href":"https:\/\/www.hotroastedlove.de\/hrl\/wp-json\/wp\/v2\/media\/21518"}],"wp:attachment":[{"href":"https:\/\/www.hotroastedlove.de\/hrl\/wp-json\/wp\/v2\/media?parent=21517"}],"wp:term":[{"taxonomy":"product_cat","embeddable":true,"href":"https:\/\/www.hotroastedlove.de\/hrl\/wp-json\/wp\/v2\/product_cat?post=21517"},{"taxonomy":"product_tag","embeddable":true,"href":"https:\/\/www.hotroastedlove.de\/hrl\/wp-json\/wp\/v2\/product_tag?post=21517"}],"curies":[{"name":"wp","href":"https:\/\/api.w.org\/{rel}","templated":true}]}}