{"id":21484,"date":"2023-07-01T16:41:51","date_gmt":"2023-07-01T14:41:51","guid":{"rendered":"https:\/\/www.hotroastedlove.de\/hrl\/?post_type=product&#038;p=21484"},"modified":"2025-12-23T16:39:11","modified_gmt":"2025-12-23T15:39:11","slug":"hot-roasted-love-drinking-chocolate-80","status":"publish","type":"product","link":"https:\/\/www.hotroastedlove.de\/hrl\/produkt\/hot-roasted-love-drinking-chocolate-80\/","title":{"rendered":"HOT ROASTED LOVE TRINKSCHOKOLADE 80%"},"content":{"rendered":"<p>[spb_column width=&#8220;1\/1&#8243; el_position=&#8220;first last&#8220;] [spb_text_block pb_margin_bottom=&#8220;no&#8220; pb_border_bottom=&#8220;no&#8220; width=&#8220;1\/1&#8243; el_position=&#8220;first last&#8220;]\n<p><strong><span style=\"font-size: 14pt;\">COLOMBIAN DRINKING CHOCOLATE<strong> 80%<\/strong><br \/>\n<\/span><\/strong><\/p>\n<p><strong>Preiset den Inhalt: Highest bean-to-cup #nobullshit 80% drinking chocolate!<br \/>\n<\/strong>Trinkschokolade f\u00fcr Kenner. Geschmacklich sehr eigenst\u00e4ndig, leicht fruchtig und intensiv im Geschmack.<br \/>\nNur zwei Zutaten: Gro\u00dfartiger Kakao aus Kolumbien (Departement Santander) und 20% Panela (Vollrohzucker).<\/p>\n<p>Unsere Trinkschokolade stammt aus direktem Handel von Olmekako, die ihren Hauptsitz in Kolumbien haben. Mit hohen Qualit\u00e4tsstandards, sowie\u00a0 Anbau-, Verarbeitungs- und Pr\u00fcfverfahren, wird dort das ganze Jahr \u00fcber \u00e4u\u00dferst hochwertiger Kakao (&#8222;cacao fino de aroma&#8220;) produziert. Und das Ganze fair bezahlt und ohne Kinderarbeit. Was bei Kakao leider nicht selbstverst\u00e4ndlich ist.<\/p>\n<p><strong>Dosierungsempfehlung:<\/strong> ca. 3 geh\u00e4ufte Teel\u00f6ffel auf 300ml<br \/>\nK\u00fchl und trocken lagern.<\/p>\n[\/spb_text_block] [\/spb_column]<\/p>\n","protected":false},"excerpt":{"rendered":"<p>[spb_column width=&#8220;1\/1&#8243; el_position=&#8220;first last&#8220;] [spb_text_block pb_margin_bottom=&#8220;no&#8220; pb_border_bottom=&#8220;no&#8220; width=&#8220;2\/3&#8243; el_position=&#8220;first last&#8220;]<\/p>\n<p><strong><span style=\"font-size: 14pt;\">Drinking Chocolate 75%<br \/>\n<\/span><\/strong><\/p>\n<p><strong>Preiset den Inhalt: Highest bean-to-cup #nobullshit 75% drinking chocolate!<br \/>\nLimited Edition! <\/strong><\/p>\n<p>Handgeraspelt und und nicht temperiert ist diese Trinkschokolade etwas f\u00fcr Kenner. Geschmacklich sehr eigenst\u00e4ndig und intensiv im Geschmack.<\/p>\n<p>Holger In&#8217;t Veld aus Berlin ist seit Jahren eine bekannte Gr\u00f6\u00dfe in der Schokoladenwelt. Sein Markenzeichen ist eine kompromisslose Ausrichtung auf beste Rohstoffqualit\u00e4ten mit m\u00f6glichst kurzen Verarbeitungszeiten. Da auch er seine Kakaobohnen im Direkthandel bezieht, bleiben wir mit diesem Projekt so real, wie wir es uns nur w\u00fcnschen k\u00f6nnen. Ergebnis ist wie auch bei den Pumpstreet-Schokoladen eine Produktion sehr kleiner Einheiten gro\u00dfartiger handgemachter (Single Origin) Bean-To-Bar-Schokolade.<\/p>\n<p>Dosierungsempfehlung: 25g auf 200ml<br \/>\nK\u00fchl und trocken lagern<\/p>\n<p>[\/spb_text_block] [\/spb_column]<\/p>\n","protected":false},"featured_media":23860,"template":"","meta":[],"product_cat":[337],"product_tag":[396,469,419,565,417,247,395],"_links":{"self":[{"href":"https:\/\/www.hotroastedlove.de\/hrl\/wp-json\/wp\/v2\/product\/21484"}],"collection":[{"href":"https:\/\/www.hotroastedlove.de\/hrl\/wp-json\/wp\/v2\/product"}],"about":[{"href":"https:\/\/www.hotroastedlove.de\/hrl\/wp-json\/wp\/v2\/types\/product"}],"wp:featuredmedia":[{"embeddable":true,"href":"https:\/\/www.hotroastedlove.de\/hrl\/wp-json\/wp\/v2\/media\/23860"}],"wp:attachment":[{"href":"https:\/\/www.hotroastedlove.de\/hrl\/wp-json\/wp\/v2\/media?parent=21484"}],"wp:term":[{"taxonomy":"product_cat","embeddable":true,"href":"https:\/\/www.hotroastedlove.de\/hrl\/wp-json\/wp\/v2\/product_cat?post=21484"},{"taxonomy":"product_tag","embeddable":true,"href":"https:\/\/www.hotroastedlove.de\/hrl\/wp-json\/wp\/v2\/product_tag?post=21484"}],"curies":[{"name":"wp","href":"https:\/\/api.w.org\/{rel}","templated":true}]}}