{"id":20970,"date":"2021-09-26T17:57:45","date_gmt":"2021-09-26T15:57:45","guid":{"rendered":"https:\/\/www.hotroastedlove.de\/hrl\/?post_type=product&#038;p=20970"},"modified":"2025-12-09T22:08:02","modified_gmt":"2025-12-09T21:08:02","slug":"origami-keramikfilter-verschiedene-farben","status":"publish","type":"product","link":"https:\/\/www.hotroastedlove.de\/hrl\/produkt\/origami-keramikfilter-verschiedene-farben\/","title":{"rendered":"ORIGAMI KERAMIKFILTER &#8211; VERSCHIEDENE FARBEN"},"content":{"rendered":"[spb_text_block pb_margin_bottom=&#8220;no&#8220; pb_border_bottom=&#8220;no&#8220; width=&#8220;1\/1&#8243; el_position=&#8220;first last&#8220;]\n<p><span style=\"font-size: 14pt;\"><strong>ORIGAMI KERAMIKFILTER<br \/>\n<span style=\"font-size: 12pt;\">Gr\u00f6\u00dfe M (1-4 Tassen)<\/span><\/strong><\/span><\/p>\n<p>Das Design des Handfilters erinnert an eine Bl\u00fcte im Origami-Stil, der Kunst des Papierfaltens. Die 20 gerade Faltungen und ein gro\u00dfes Loch am unteren Teil erm\u00f6glichen viele Freiheiten beim aufgie\u00dfen und beim experimentieren mit Br\u00fchrezepten.<\/p>\n<p>Zudem erzeugen die Faltungen Luftkan\u00e4le zwischen Filter und Papier, was zu einer optimierten Durchlaufgeschwindigkeit und Kaffee-Extraktion f\u00fchrt.<\/p>\n<p><span data-offset-key=\"e3ovi-0-0\">Der Filterhalter aus Holz<\/span> ist separat konstruiert, um jeglichen W\u00e4rmeverlust w\u00e4hrend des Br\u00fchprozesses zu verhindern und um ein konstanteres Ergebnis zu erm\u00f6glichen.<\/p>\n<p>Folgendes Filterpapier eignet sich f\u00fcr den Origami Handfilter:<br \/>\n<strong>Hario Filterpapier in der Gr\u00f6\u00dfe 02<\/strong><br \/>\n<strong>Kalita Filterpapier in der Gr\u00f6\u00dfe 185<\/strong><\/p>\n[\/spb_text_block]\n","protected":false},"excerpt":{"rendered":"<p>[spb_text_block pb_margin_bottom=&#8220;no&#8220; pb_border_bottom=&#8220;no&#8220; width=&#8220;1\/2&#8243; el_position=&#8220;first&#8220;]<\/p>\n<h3><strong><span style=\"font-size: 14pt;\">Der Aufbau des Hario V60<\/span><\/strong><\/h3>\n<p>Raffinessen dieses Filters im Detail:<br \/>\n<strong>V<\/strong> = Kegelform mit<br \/>\n<strong>60<\/strong> = 60\u00b0 Neigungswinkel (steiler als herk\u00f6mmliche Handfilter))<\/p>\n<p>Der Hario V60 Keramikfilter wirkt durch seine schlichte Gestaltung klassisch und stylisch zugleich.<br \/>\nEs gibt eine Boden\u00f6ffnung die deutlich gr\u00f6\u00dfer ist, als der Durchfluss beim traditionellen Melitta-Handfilter. Durch die bogenf\u00f6rmige und konisch zulaufende Wasserf\u00fchrung wird der Kaffee optimal und gleichm\u00e4\u00dfig extrahiert.<\/p>\n<p><strong><span style=\"font-size: 14pt;\">Die Verwendung des Hario V60<\/span><\/strong><\/p>\n<p>F\u00fcr den Porzellanfilter gibt es passendes sauerstoffgebleichtes, wei\u00dfes Filterpapier hier im Shop.<br \/>\nDieses ist geschmacksneutral, h\u00e4lt zuverl\u00e4ssig nicht gew\u00fcnschte Kaffeesedimente zur\u00fcck und f\u00fchrt zu einer klaren Tasse.<\/p>\n<p>&nbsp;<\/p>\n<p>[\/spb_text_block] [spb_single_image image=&#8220;12623&#8243; image_size=&#8220;full&#8220; frame=&#8220;glowframe&#8220; intro_animation=&#8220;none&#8220; full_width=&#8220;no&#8220; lightbox=&#8220;no&#8220; link_target=&#8220;_self&#8220; width=&#8220;1\/2&#8243; el_position=&#8220;last&#8220;]<\/p>\n","protected":false},"featured_media":20993,"template":"","meta":[],"product_cat":[194],"product_tag":[236,833,235,832],"_links":{"self":[{"href":"https:\/\/www.hotroastedlove.de\/hrl\/wp-json\/wp\/v2\/product\/20970"}],"collection":[{"href":"https:\/\/www.hotroastedlove.de\/hrl\/wp-json\/wp\/v2\/product"}],"about":[{"href":"https:\/\/www.hotroastedlove.de\/hrl\/wp-json\/wp\/v2\/types\/product"}],"wp:featuredmedia":[{"embeddable":true,"href":"https:\/\/www.hotroastedlove.de\/hrl\/wp-json\/wp\/v2\/media\/20993"}],"wp:attachment":[{"href":"https:\/\/www.hotroastedlove.de\/hrl\/wp-json\/wp\/v2\/media?parent=20970"}],"wp:term":[{"taxonomy":"product_cat","embeddable":true,"href":"https:\/\/www.hotroastedlove.de\/hrl\/wp-json\/wp\/v2\/product_cat?post=20970"},{"taxonomy":"product_tag","embeddable":true,"href":"https:\/\/www.hotroastedlove.de\/hrl\/wp-json\/wp\/v2\/product_tag?post=20970"}],"curies":[{"name":"wp","href":"https:\/\/api.w.org\/{rel}","templated":true}]}}