{"id":20657,"date":"2022-10-24T08:31:49","date_gmt":"2022-10-24T06:31:49","guid":{"rendered":"https:\/\/www.hotroastedlove.de\/hrl\/?post_type=product&#038;p=20657"},"modified":"2024-08-15T18:33:42","modified_gmt":"2024-08-15T16:33:42","slug":"timemore-chestnut-x","status":"publish","type":"product","link":"https:\/\/www.hotroastedlove.de\/hrl\/produkt\/timemore-chestnut-x\/","title":{"rendered":"TIMEMORE CHESTNUT X"},"content":{"rendered":"<p>[spb_column width=&#8220;3\/4&#8243; el_position=&#8220;first last&#8220;] [spb_text_block pb_margin_bottom=&#8220;no&#8220; pb_border_bottom=&#8220;no&#8220; width=&#8220;1\/1&#8243; el_position=&#8220;first last&#8220;]\n<h3><strong><span style=\"font-size: 14pt;\">TIMEMORE CHESTNUT X<\/span><\/strong><\/h3>\n<h3><strong><span style=\"font-size: 14pt;\"><span style=\"font-size: 12pt;\">Hochpr\u00e4zisions-Handm\u00fchle mit patentiertem Profi-Mahlwerk<\/span><br \/>\n<\/span><\/strong><\/h3>\n<p>Die beste und feinste Handm\u00fchle von Timemore. Ein absoluter Hammer in Anmut, Geschwindigkeit und in der Konsistenz des Mahlguts. Die doppelte Mahlwerkverstellung, f\u00fcr noch feinere Zwischenmahlstufen ist standartm\u00e4\u00dfig verbaut. Die M\u00fchle eignet sich hervoragend f\u00fcr die Mahlgrade von Espresso, \u00fcber Filter, bis zu FrenchPress.<\/p>\n<p>Das patentierte S2C-Mahlwerk (spike to cut) ist eine Neuentwicklung von Timemore. Im ersen Schritt sticht es die Bohnen an und schneidet sie dann, eine neue Methode, um den besten Mahlgrad mit weniger Feinanteilen zu erhalten.<br \/>\n<strong>Uns ist keine Handm\u00fchle bekannt, die schneller und leichter mahlt als die Chestnut X!<\/strong><\/p>\n<p>Der hochwertige Korpus besteht aus zwei Teilen (dem Mahlk\u00f6rper und dem unterschraubbaren und exakt einrastenden Auffangbeh\u00e4lter) und ist aus massivem Aluminium gefr\u00e4\u00dft.\u00a0 Die Kurbel aus Edelstahl ist klappbar und auch abnehmbar.<br \/>\nSuper pr\u00e4szise Verarbeitung. Hier wackelt oder klappert gar nichts. Alles Teile greifen perfekt ineinander.<\/p>\n<p>Ihr bekommt die M\u00fchle in einer eleganten mattschwarzen Verpackung, zusammen mit einem Reinigungspinsel und einem schwarzen Aufbewahrungsbeutel als Zubeh\u00f6r.<\/p>\n[\/spb_text_block] [spb_video link=&#8220;https:\/\/youtu.be\/lLPM49fxCcE&#8220; full_width=&#8220;no&#8220; width=&#8220;1\/1&#8243; el_position=&#8220;first last&#8220;] [spb_text_block pb_margin_bottom=&#8220;no&#8220; pb_border_bottom=&#8220;no&#8220; width=&#8220;1\/1&#8243; el_position=&#8220;first last&#8220;]\n<p><span style=\"font-size: 10pt;\"><em>Videocredits to Eight Ounce Coffee<br \/>\n<\/em><\/span><\/p>\n[\/spb_text_block] [\/spb_column]<\/p>\n","protected":false},"excerpt":{"rendered":"<p>[spb_column width=&#8220;2\/3&#8243; el_position=&#8220;first last&#8220;] [spb_text_block pb_margin_bottom=&#8220;no&#8220; pb_border_bottom=&#8220;no&#8220; width=&#8220;1\/1&#8243; el_position=&#8220;first last&#8220;]<\/p>\n<h3><strong><span style=\"font-size: 14pt;\">CHEMEX KAFFEEZUBEREITER BIS 8 TASSEN<\/span><\/strong><\/h3>\n<p>Die Chemex Karaffe f\u00fcr 8 Tassen Kaffee ist nicht nur Filterkaffeezubereiter, sondern zugleich auch Dekantiergef\u00e4\u00df. Entwickelt von Dr. Peter J. Schlumbohm, wie sich ein wenig an der Form erkennen l\u00e4sst: Chemiker und Kaffeeliebhaber, wurde die CHEMEX vielfach mit Designpreisen ausgezeichnet und beschert der Chemex einen dauerhaften Platz in der Ausstellung des Museum of Modern Art in New York und eine Einreihung in die Top 100 Designprodukte der Moderne.<\/p>\n<p>Die CHEMEX ist daf\u00fcr bekannt, bei der Kaffeezubereitung einengut\u00a0 ausbalancierter und weniger fruchtbetonten Geschmack zu filtrieren (als z.B. der Hario V60 Filter).\u00a0 Ist der Kaffee fertig gebr\u00fcht, muss nur der Filter entnommen werden und der Kaffee ist in der Kanne servierbereit. Durch den w\u00e4rme-isolierenden Holzgriff kann die Karaffe bequem angefasst werden und die funktional geformte Ausgussrinne erleichtert das Ausschenken. Das hitzebest\u00e4ndige Borosilikatglas ist dickwandig und sp\u00fclmaschinengeeignet, wenn man die Holzmanschette und die Lederschnur vor dem Sp\u00fclgang abnimmt.<\/p>\n<p>Die 8 Tassen Karaffe fasst 1,18L und hat eine H\u00f6he von ca. 23cm.<\/p>\n<p><strong>Zusatztipp: <\/strong>Die CHEMEX eigent sich auch hervorragend zur Zubereitung von Japanese Ice Brew. Hierbei wird Kaffee genau wie bei \u00fcblicher Zubereitung mit hei\u00dfem Wasser gebr\u00fcht. Allerdings wird die Wassermenge bei der Zubereitung in 50% Wasser und 50% Eis aufteilt. Der gefilterte hei\u00dfe Kaffee tropft direkt auf Eis. Das hei\u00dfe Wasser extrahiert den vollen Kaffeegeschmack, welcher dann durch das Eis sofort wieder abgek\u00fchlt wird. Durch das schnelle Abk\u00fchlen werden Bitterstoffe reduziert und und fruchtige Aromen betont.<\/p>\n<p>[\/spb_text_block] [\/spb_column]<\/p>\n","protected":false},"featured_media":21031,"template":"","meta":[],"product_cat":[194],"product_tag":[784,633,634,493,243,629],"_links":{"self":[{"href":"https:\/\/www.hotroastedlove.de\/hrl\/wp-json\/wp\/v2\/product\/20657"}],"collection":[{"href":"https:\/\/www.hotroastedlove.de\/hrl\/wp-json\/wp\/v2\/product"}],"about":[{"href":"https:\/\/www.hotroastedlove.de\/hrl\/wp-json\/wp\/v2\/types\/product"}],"wp:featuredmedia":[{"embeddable":true,"href":"https:\/\/www.hotroastedlove.de\/hrl\/wp-json\/wp\/v2\/media\/21031"}],"wp:attachment":[{"href":"https:\/\/www.hotroastedlove.de\/hrl\/wp-json\/wp\/v2\/media?parent=20657"}],"wp:term":[{"taxonomy":"product_cat","embeddable":true,"href":"https:\/\/www.hotroastedlove.de\/hrl\/wp-json\/wp\/v2\/product_cat?post=20657"},{"taxonomy":"product_tag","embeddable":true,"href":"https:\/\/www.hotroastedlove.de\/hrl\/wp-json\/wp\/v2\/product_tag?post=20657"}],"curies":[{"name":"wp","href":"https:\/\/api.w.org\/{rel}","templated":true}]}}