{"id":20645,"date":"2021-04-30T11:32:42","date_gmt":"2021-04-30T09:32:42","guid":{"rendered":"https:\/\/www.hotroastedlove.de\/hrl\/?post_type=product&#038;p=20645"},"modified":"2024-11-12T09:41:46","modified_gmt":"2024-11-12T08:41:46","slug":"timemore-nano-grinder","status":"publish","type":"product","link":"https:\/\/www.hotroastedlove.de\/hrl\/produkt\/timemore-nano-grinder\/","title":{"rendered":"TIMEMORE NANO GRINDER"},"content":{"rendered":"<p>[spb_column width=&#8220;3\/4&#8243; el_position=&#8220;first last&#8220;] [spb_text_block pb_margin_bottom=&#8220;no&#8220; pb_border_bottom=&#8220;no&#8220; width=&#8220;1\/1&#8243; el_position=&#8220;first last&#8220;]\n<h3><strong><span style=\"font-size: 14pt;\">TIMEMORE NANO GRINDER<\/span><\/strong><\/h3>\n<p>In der eleganten mattschwarzen Verpackung von Timemore befindet sich eine kleine und sehr leichtg\u00e4ngige, sowie pr\u00e4zise verarbeitete Handm\u00fchle. Nichts hat Spiel, kein verarbeitetes Plastik. Top!<\/p>\n<p>Der hochwertige Korpus besteht aus zwei Teilen (dem Mahlk\u00f6rper und dem unterschraubbaren Auffangbeh\u00e4lter) und ist aus massivem Aluminium gefr\u00e4\u00dft.\u00a0 Die Kurbel aus Edelstahl ist klappbar und auch abnehmbar. So passt der Korpus bei Reisen locker in die AeroPress.<\/p>\n<p>Die kleine M\u00fchle ist besonders f\u00fcr alle Arten des Pour-Overs zu empfehlen und durch ihre sehr kompakte Bauweise und die beiliegende Aufbewahrungstasche ein idealer Reisebgleiter.<\/p>\n[\/spb_text_block] [spb_video link=&#8220;https:\/\/youtu.be\/dA-distyOB8&#8243; full_width=&#8220;no&#8220; width=&#8220;1\/1&#8243; el_position=&#8220;first last&#8220;] [spb_text_block pb_margin_bottom=&#8220;no&#8220; pb_border_bottom=&#8220;no&#8220; width=&#8220;1\/1&#8243; el_position=&#8220;first last&#8220;]\n<p><span style=\"font-size: 10pt;\"><em>Videocredits to Prima Coffee Equipment<\/em><\/span><\/p>\n[\/spb_text_block] [\/spb_column]<\/p>\n","protected":false},"excerpt":{"rendered":"<p>[spb_column width=&#8220;2\/3&#8243; el_position=&#8220;first last&#8220;] [spb_text_block pb_margin_bottom=&#8220;no&#8220; pb_border_bottom=&#8220;no&#8220; width=&#8220;1\/1&#8243; el_position=&#8220;first last&#8220;]<\/p>\n<h3><strong><span style=\"font-size: 14pt;\">CHEMEX KAFFEEZUBEREITER BIS 8 TASSEN<\/span><\/strong><\/h3>\n<p>Die Chemex Karaffe f\u00fcr 8 Tassen Kaffee ist nicht nur Filterkaffeezubereiter, sondern zugleich auch Dekantiergef\u00e4\u00df. Entwickelt von Dr. Peter J. Schlumbohm, wie sich ein wenig an der Form erkennen l\u00e4sst: Chemiker und Kaffeeliebhaber, wurde die CHEMEX vielfach mit Designpreisen ausgezeichnet und beschert der Chemex einen dauerhaften Platz in der Ausstellung des Museum of Modern Art in New York und eine Einreihung in die Top 100 Designprodukte der Moderne.<\/p>\n<p>Die CHEMEX ist daf\u00fcr bekannt, bei der Kaffeezubereitung einengut\u00a0 ausbalancierter und weniger fruchtbetonten Geschmack zu filtrieren (als z.B. der Hario V60 Filter).\u00a0 Ist der Kaffee fertig gebr\u00fcht, muss nur der Filter entnommen werden und der Kaffee ist in der Kanne servierbereit. Durch den w\u00e4rme-isolierenden Holzgriff kann die Karaffe bequem angefasst werden und die funktional geformte Ausgussrinne erleichtert das Ausschenken. Das hitzebest\u00e4ndige Borosilikatglas ist dickwandig und sp\u00fclmaschinengeeignet, wenn man die Holzmanschette und die Lederschnur vor dem Sp\u00fclgang abnimmt.<\/p>\n<p>Die 8 Tassen Karaffe fasst 1,18L und hat eine H\u00f6he von ca. 23cm.<\/p>\n<p><strong>Zusatztipp: <\/strong>Die CHEMEX eigent sich auch hervorragend zur Zubereitung von Japanese Ice Brew. Hierbei wird Kaffee genau wie bei \u00fcblicher Zubereitung mit hei\u00dfem Wasser gebr\u00fcht. Allerdings wird die Wassermenge bei der Zubereitung in 50% Wasser und 50% Eis aufteilt. Der gefilterte hei\u00dfe Kaffee tropft direkt auf Eis. Das hei\u00dfe Wasser extrahiert den vollen Kaffeegeschmack, welcher dann durch das Eis sofort wieder abgek\u00fchlt wird. Durch das schnelle Abk\u00fchlen werden Bitterstoffe reduziert und und fruchtige Aromen betont.<\/p>\n<p>[\/spb_text_block] [\/spb_column]<\/p>\n","protected":false},"featured_media":20689,"template":"","meta":[],"product_cat":[194],"product_tag":[633,634,493,243,782,783,629],"_links":{"self":[{"href":"https:\/\/www.hotroastedlove.de\/hrl\/wp-json\/wp\/v2\/product\/20645"}],"collection":[{"href":"https:\/\/www.hotroastedlove.de\/hrl\/wp-json\/wp\/v2\/product"}],"about":[{"href":"https:\/\/www.hotroastedlove.de\/hrl\/wp-json\/wp\/v2\/types\/product"}],"wp:featuredmedia":[{"embeddable":true,"href":"https:\/\/www.hotroastedlove.de\/hrl\/wp-json\/wp\/v2\/media\/20689"}],"wp:attachment":[{"href":"https:\/\/www.hotroastedlove.de\/hrl\/wp-json\/wp\/v2\/media?parent=20645"}],"wp:term":[{"taxonomy":"product_cat","embeddable":true,"href":"https:\/\/www.hotroastedlove.de\/hrl\/wp-json\/wp\/v2\/product_cat?post=20645"},{"taxonomy":"product_tag","embeddable":true,"href":"https:\/\/www.hotroastedlove.de\/hrl\/wp-json\/wp\/v2\/product_tag?post=20645"}],"curies":[{"name":"wp","href":"https:\/\/api.w.org\/{rel}","templated":true}]}}