{"id":17774,"date":"2020-03-01T17:12:10","date_gmt":"2020-03-01T16:12:10","guid":{"rendered":"https:\/\/www.hotroastedlove.de\/hrl\/?post_type=product&#038;p=17774"},"modified":"2024-06-25T15:27:56","modified_gmt":"2024-06-25T13:27:56","slug":"wu-liang-mountain-milky-oolong","status":"publish","type":"product","link":"https:\/\/www.hotroastedlove.de\/hrl\/produkt\/wu-liang-mountain-milky-oolong\/","title":{"rendered":"CHINA WU LIANG MOUNTAIN MILKY OOLONG TEE"},"content":{"rendered":"<p>[spb_column width=&#8220;1\/1&#8243; el_position=&#8220;first last&#8220;] [spb_text_block pb_margin_bottom=&#8220;no&#8220; pb_border_bottom=&#8220;no&#8220; width=&#8220;1\/1&#8243; el_position=&#8220;first last&#8220;]\n<p><strong><span style=\"font-size: 14pt;\">WU LIANG MOUNTAIN MILKY OOLONG<br \/>\n<\/span><\/strong><\/p>\n<p><strong>Wild gepfl\u00fcckter gr\u00fcner Tee aus einen kleinen Dorf am Rande des Taiping Sees in den gelben Bergen von Anhui, China.<\/strong><\/p>\n<p>Der Milky Oolong \u00fcberzeugt durch seinen sehr runden und blumigen Geschmack und funktioniert immer \u2013 ob als #gongfustyle oder direkt in der Tasse oder bei der t\u00e4glichen Meditation als Bowl Tea. Der Tee ist auf ca. 2000m im S\u00fcden China\u2019s gewachsen und man kann ihn drei bis acht Mal wieder aufgie\u00dfen. Ein richtig sch\u00f6ner Oolong, der per Hand geerntet wird und dann in die typischen Oolong \u201cB\u00e4llchen\u201d gerollt wird. Ein richtiger Tee f\u00fcr jeden Tag, den du schnell lieben wirst!<\/p>\n<p>Der Mythos besagt, dass Milky Oolong \u00fcber Milch ged\u00e4mpft wird, aber das ist falsch. Der Name kommt von dem subtilen Milchgeschmack, den diese Teesorte (Jinxuan) tr\u00e4gt, wenn sie in der richtigen H\u00f6he und im richtigen Klima angebaut wird. Es wird kein Tee \u00fcber Milch ged\u00e4mpft und das einige Teeh\u00e4ndler den Tee mit Milch Aroma nachtr\u00e4glich versetzen, hat auch nichts mit dem urspr\u00fcnglichen Milky Oolong zu tun.<\/p>\n<p><strong>100% loser Tee, direkt vom Bauern aus China. Ohne Zus\u00e4tze oder Aromen.Frei von Pestiziden.<\/strong><\/p>\n<p><strong>Dosierungsempfehlung:<\/strong> 3-5 g Tee auf 100ml Wasser (95\u00b0C)<br \/>\nZiehzeit nach Geschmack: ca. 30s bis 90s<br \/>\n<strong>Der Tee kann 3 bis 8 mal erneut aufgegossen werden.<\/strong><\/p>\n<p><strong>Produzent:<\/strong> Xie und Huaqing<br \/>\n<strong>Region:<\/strong> Nanjian County, Wuliang Gebirge, Yunnan, China<br \/>\n<strong>Anbau:<\/strong> Der Oolong wird in einem sehr abgelegenen Tal angebaut, weit weg von jeglicher Umweltverschmutzung. Der Anbau ist naturbelassenen und entspricht lokalen Standards, getestet auf 460+ Pestizide.<br \/>\n<strong>H\u00f6he:<\/strong> 2000 bis 2400m<br \/>\n<strong>Ernte:<\/strong> Handgepfl\u00fcckt, First-Flush<\/p>\n<p>&nbsp;<\/p>\n[\/spb_text_block] [\/spb_column]<\/p>\n","protected":false},"excerpt":{"rendered":"<p>[spb_column width=&#8220;1\/1&#8243; el_position=&#8220;first last&#8220;] [spb_text_block pb_margin_bottom=&#8220;no&#8220; pb_border_bottom=&#8220;no&#8220; width=&#8220;1\/1&#8243; el_position=&#8220;first last&#8220;]<\/p>\n<p><strong><span style=\"font-size: 14pt;\">Coffee, please! NICARAGUA JESUS MOUNTAIN<\/span><br \/>\n<\/strong><\/p>\n<p>Sch\u00f6n ausbalanciert und s\u00fc\u00df-saftig macht dieser Kaffee aus den Bergen von Jalapa Nueva Segovia direkt Lust auf die n\u00e4chste Tasse und die n\u00e4chste Tasse und die n\u00e4chste Tasse. Er ist auch floral, aber vor allem die saftigen Noten von Lemon Tea machen ihn nicht nur als hei\u00dfen Filterkaffee, sondern besonders auch auch als ColdBrew sehr intererssant. S\u00fc\u00dfe, S\u00e4ure, K\u00f6rper, Aroma &#8211; alles passt und ergibt einen supersch\u00f6n s\u00fcffigen Kaffee!<\/p>\n<p>Die Familie Peralta betreibt Farm Cerro de Jes\u00fas in den Bergen von Jalapa Nueva Segovia. Die Farm ist einzigartig in den verschiedenen Mikroklimata, verschiedenen Sorten und in der Geschichte der Herstellung von gutem Kaffee. Jedes Jahr bringen die unterschiedlichen Parzellen (wald\u00e4hnliche Parzellen mit reichlich schattenspendenden B\u00e4umen, bis zu hoch gelegenen Parzellen, die mit sehr wenig beschnittenen Schattenb\u00e4umen zurechtkommen) sehr interessante Kaffees hervor.<\/p>\n<p>Wir haben das Gl\u00fcck Euch das Microlot &#8222;Don David&#8220; anbieten zu k\u00f6nnen, von dem es in der aktuellen Ernte nur 138kg gibt.<\/p>\n<p><strong>DIRECT TRADE, SINGLE ESTATE, MICROLOT<br \/>\n<\/strong><strong>Herkunft:<\/strong> Nicaragua, Jalapa, Nueva Segovia<br \/>\n<strong>Kaffeesorte:<\/strong> 100% Arabica, Variet\u00e4ten: Ethiosar F1, Microlot &#8222;Don David&#8220;<br \/>\n<strong>Aufbereitung:<\/strong> handpicked, washed, 13 days drying on raised beds<br \/>\n<strong>Anbauh\u00f6he:<\/strong> ca. 1300m<br \/>\n<strong>Kaffeefarm:<\/strong> Cerro de Jes\u00fas, Peralta Family<br \/>\n<strong>Geschmacksprofil:<\/strong> Floral-fruchtig und saftig mit Noten von Lemon Tea, Jasmin, Kaffeebl\u00fcte<\/p>\n<p>[\/spb_text_block] [\/spb_column] [spb_single_image image=&#8220;15798&#8243; image_size=&#8220;full&#8220; frame=&#8220;noframe&#8220; intro_animation=&#8220;none&#8220; full_width=&#8220;no&#8220; lightbox=&#8220;no&#8220; link_target=&#8220;_self&#8220; width=&#8220;1\/1&#8243; el_position=&#8220;first last&#8220;] [spb_gmaps address=&#8220;Nueva Segovia, Nicaragua&#8220; size=&#8220;300&#8243; type=&#8220;roadmap&#8220; zoom=&#8220;6&#8243; saturation=&#8220;mono&#8220; pin_image=&#8220;12669&#8243; fullscreen=&#8220;no&#8220; width=&#8220;1\/1&#8243; el_position=&#8220;first last&#8220;] [blank_spacer height=&#8220;30px&#8220; width=&#8220;1\/1&#8243; el_position=&#8220;first last&#8220;] [spb_text_block pb_margin_bottom=&#8220;no&#8220; pb_border_bottom=&#8220;no&#8220; width=&#8220;1\/1&#8243; el_position=&#8220;first last&#8220;]<\/p>\n<p><strong><span style=\"font-size: 14pt;\">Direct Trade<\/span><\/strong><\/p>\n<p>Direkthandelsinitiativen investieren in den Aufbau der Kleinbauern und in Kooperativen vor Ort. Im Direkthandel wird den Kaffeebauern ein weit \u00fcber dem Markt \u00fcblicher Preis f\u00fcr hohe Kaffeequalit\u00e4t und spezielle Kaffeesorten bezahlt, der oft auch \u00fcber den Preisgarantien der Fair Trade-Zertifizierung liegt. Der Preis wird in der Regel mit den Produzenten pers\u00f6nlich und ohne Zwischenh\u00e4ndler (z.B. B\u00f6rse) ausgehandelt.<\/p>\n<p>Vom naturnahen und m\u00f6glichst gemeinschaftlichen Anbau, der manuellen Ernte (meist Picking), der sorgf\u00e4ltigen Verarbeitung und den Lebensbedingungen von Bauern und Erntehelfern \u00fcberzeugen sich unsere Importpartner regelm\u00e4\u00dfig selbst vor Ort. So sichern sie die R\u00fcckverfolgbarkeit bis zum Ursprung.<\/p>\n<p>&gt;&gt; <a title=\"WARUM DIRECT TRADE MEHR ALS FAIR IST\" href=\"https:\/\/www.hotroastedlove.de\/hrl\/warum-direct-trade\/\">Mehr zum Thema Direct Trade<\/a><\/p>\n<p>[\/spb_text_block] [blank_spacer height=&#8220;30px&#8220; width=&#8220;1\/1&#8243; el_position=&#8220;first last&#8220;]<\/p>\n","protected":false},"featured_media":17770,"template":"","meta":[],"product_cat":[683],"product_tag":[565,684,321],"_links":{"self":[{"href":"https:\/\/www.hotroastedlove.de\/hrl\/wp-json\/wp\/v2\/product\/17774"}],"collection":[{"href":"https:\/\/www.hotroastedlove.de\/hrl\/wp-json\/wp\/v2\/product"}],"about":[{"href":"https:\/\/www.hotroastedlove.de\/hrl\/wp-json\/wp\/v2\/types\/product"}],"wp:featuredmedia":[{"embeddable":true,"href":"https:\/\/www.hotroastedlove.de\/hrl\/wp-json\/wp\/v2\/media\/17770"}],"wp:attachment":[{"href":"https:\/\/www.hotroastedlove.de\/hrl\/wp-json\/wp\/v2\/media?parent=17774"}],"wp:term":[{"taxonomy":"product_cat","embeddable":true,"href":"https:\/\/www.hotroastedlove.de\/hrl\/wp-json\/wp\/v2\/product_cat?post=17774"},{"taxonomy":"product_tag","embeddable":true,"href":"https:\/\/www.hotroastedlove.de\/hrl\/wp-json\/wp\/v2\/product_tag?post=17774"}],"curies":[{"name":"wp","href":"https:\/\/api.w.org\/{rel}","templated":true}]}}