{"id":15406,"date":"2018-04-02T16:59:12","date_gmt":"2018-04-02T14:59:12","guid":{"rendered":"http:\/\/www.hotroastedlove.de\/hrl\/produkt\/moccamaster-kbg-741-ao-mattschwarz\/"},"modified":"2026-01-26T17:12:46","modified_gmt":"2026-01-26T16:12:46","slug":"moccamaster-kbg-select","status":"publish","type":"product","link":"https:\/\/www.hotroastedlove.de\/hrl\/produkt\/moccamaster-kbg-select\/","title":{"rendered":"MOCCAMASTER KBG SELECT &#8211; VERSCH. FARBEN"},"content":{"rendered":"[spb_text_block pb_margin_bottom=&#8220;no&#8220; pb_border_bottom=&#8220;no&#8220; width=&#8220;2\/3&#8243; el_position=&#8220;first&#8220;]\n<p><strong><span style=\"font-size: 14pt;\">MOCCAMASTER KBG SELECT<br \/>\nWeltweit beliebt und bekannt als die besten Filter-Kaffeemaschinen der Welt.<br \/>\n<\/span><\/strong><\/p>\n<p>Alle Moccamaster Kaffeemaschinen werden noch immer wie vor 45 Jahren in Holland handgefertigt und individuell gepr\u00fcft. Die bew\u00e4hrte Technik ahmt den Kaffeeaufguss per Hand nach, h\u00e4lt die Br\u00fchtemperatur stabil (zwischen 92\u00ba &#8211; 96\u00baC) und verteilt das Wasser gleichm\u00e4\u00dfig mittels Duschkopf \u00fcber dem Kaffeepulver. Dadurch schafft diese Maschine ein sauber extrahiertes Kaffeearoma.<\/p>\n<ul>\n<li>Hochwertiges Kupfer Heizelement<\/li>\n<li>Handgefertigt &#8211; von h\u00f6chster Qualit\u00e4t<\/li>\n<li>Sehr leise und schnelle Zubereitung<\/li>\n<li>Jede einzelne Kaffeemaschine wird individuell gepr\u00fcft<\/li>\n<li>Zeitloses Design und hochwertige Materialien<\/li>\n<li>5 Jahre Garantie<\/li>\n<\/ul>\n<p><strong>Die Firma Technivorm Moccamaster empfielt folgende Dosierungsmengen:<\/strong><br \/>\nEin Moccamaster Dosierl\u00f6ffel misst 10 Gramm Kaffee f\u00fcr 2 Tassen.<br \/>\nF\u00fcr die die volle Kanne werden 5 Messl\u00f6ffel angegeben.<\/p>\n<p><strong>Hot Roasted Love empfiehlt folgende Dosierungsmengen:<\/strong><br \/>\nDie von Techniform angegeben Dosierungen sind nicht ganz eindeutig, zumal wir lieber mit Waage und Grammzahlen arbeiten. Deswegen hier noch unsere eigenen Empfehlungen, die nat\u00fcrlich je nach Kaffeesorte abweichen k\u00f6nnen<\/p>\n<p><strong>28,5g Kaffee f\u00fcr 550ml Wasser<\/strong> (Es bleiben ca. 50g gebundenes Wasser im Filterhalter zur\u00fcck, so dass sich in der Kanne hinterher ca. 500ml befinden.)<br \/>\nOder f\u00fcr die volle Kanne: <strong>65g Kaffee f\u00fcr 1250ml Wasser<\/strong>.<br \/>\nReferenzmahlgrad f\u00fcr die Mahlk\u00f6nig EK43: 5 bei 28,5g und 5,5 bei 65g<\/p>\n<p><strong>Technische Daten<\/strong><\/p>\n<ul>\n<li>Kapazit\u00e4t Liter: 1,25 l<\/li>\n<li>Kapazit\u00e4t Tassen: 10 in 6 min.<\/li>\n<li>Br\u00fchzeit (min): 5 &#8211; 6<\/li>\n<li>Br\u00fchtemperatur: 92\u00b0 &#8211; 96\u00b0C<\/li>\n<li>Warmhaltetemperatur: 80\u00b0-85\u00b0<\/li>\n<li>Leistung: 1520 W<\/li>\n<li>Filtert\u00fcten: Gr\u00f6\u00dfe 4<\/li>\n<li>Kabell\u00e4nge: 100cm<\/li>\n<li>Funktionen: Automatische Abschaltfunktion nach 40 Minuten, Mixing-Lid, Filterhalter mit automatischer Tropfstop,<br \/>\nsehr leise und schnelle Zubereitung 1,25 Liter (10 Tassen) innerhalb von 6 Minuten<\/li>\n<li>Abmessungen: H\u00f6he 360 mm \/ Breite 320 mm \/ Tiefe\u00a0170 mm<\/li>\n<li>Gewicht 2,8 kg<\/li>\n<\/ul>\n<p><strong>Passende Filtert\u00fcten gibt es <a title=\"MOCCAMASTER KAFFEEFILTER WEISS NR. 4\" href=\"https:\/\/www.hotroastedlove.de\/hrl\/produkt\/moccamaster-kaffeefilter-weiss-nr-4\/\">hier<\/a>.<\/strong><\/p>\n<p>Gebrauchsanweisung als <a title=\"Gebrauchanweisung als PDF\" href=\"https:\/\/www.moccamaster.de\/files\/gebruiksaanwijzing\/kbg_select_bedienungsanleitung_de.pdf\" target=\"_blank\" rel=\"noopener noreferrer\">PDF zum Download<\/a><\/p>\n[\/spb_text_block] [spb_single_image image=&#8220;12623&#8243; image_size=&#8220;full&#8220; frame=&#8220;glowframe&#8220; intro_animation=&#8220;none&#8220; full_width=&#8220;no&#8220; lightbox=&#8220;yes&#8220; link_target=&#8220;_self&#8220; width=&#8220;1\/3&#8243; el_position=&#8220;last&#8220;]\n","protected":false},"excerpt":{"rendered":"<p>[spb_text_block pb_margin_bottom=&#8220;no&#8220; pb_border_bottom=&#8220;no&#8220; width=&#8220;2\/3&#8243; el_position=&#8220;first&#8220;]<\/p>\n<p><strong><span style=\"font-size: 14pt;\">MOCCAMASTER KBG 741 AO mattschwarz<br \/>\nWeltweit beliebt und bekannt als die besten Filter-Kaffeemaschinen der Welt.<br \/>\n<\/span><\/strong><\/p>\n<p>Alle Moccamaster Kaffeemaschinen werden noch immer wie vor 45 Jahren in Holland handgefertigt und individuell gepr\u00fcft. Die bew\u00e4hrte Technik ahmt den Kaffeeaufguss per Hand nach, h\u00e4lt die Br\u00fchtemperatur stabil (zwischen 92\u00ba &#8211; 96\u00baC) und verteilt das Wasser gleichm\u00e4\u00dfig mittels Duschkopf \u00fcber dem Kaffeepulver. Dadurch schafft diese Maschine ein sauber extrahiertes Kaffeearoma.<\/p>\n<ul>\n<li>Hochwertiges Kupfer Heizelement<\/li>\n<li>Handgefertigt &#8211; von h\u00f6chster Qualit\u00e4t<\/li>\n<li>Sehr leise und schnelle Zubereitung<\/li>\n<li>Jede einzelne Kaffeemaschine wird individuell gepr\u00fcft<\/li>\n<li>Zeitloses Design und hochwertige Materialien<\/li>\n<li>5 Jahre Garantie<\/li>\n<\/ul>\n<p><strong>Die Firma Technivorm Moccamaster empfielt folgende Dosierungsmengen:<\/strong><br \/>\nEin Moccamaster Dosierl\u00f6ffel misst 10 Gramm Kaffee f\u00fcr 2 Tassen.<br \/>\nF\u00fcr die die volle Kanne werden 5 Messl\u00f6ffel angegeben.<\/p>\n<p><strong>Hot Roasted Love empfiehlt folgende Dosierungsmengen:<\/strong><br \/>\nDie von Techniform angegeben Dosierungen sind nicht ganz eindeutig, zumal wir lieber mit Waage und Grammzahlen arbeiten. Deswegen hier noch unsere eigenen Empfehlungen, die nat\u00fcrlich je nach Kaffeesorte abweichen k\u00f6nnen<\/p>\n<p><strong>28,5g Kaffee f\u00fcr 550ml Wasser<\/strong> (Es bleiben ca. 50g gebundenes Wasser im Filterhalter zur\u00fcck, so dass sich in der Kanne hinterher ca. 500ml befinden.)<br \/>\nOder f\u00fcr die volle Kanne: <strong>65g Kaffee f\u00fcr 1250ml Wasser<\/strong>.<br \/>\nReferenzmahlgrad f\u00fcr die Mahlk\u00f6nig EK43: 5 bei 28,5g und 5,5 bei 65g<\/p>\n<p><strong>Technische Daten<\/strong><\/p>\n<ul>\n<li>Kapazit\u00e4t Liter 1,25 l<\/li>\n<li>Kapazit\u00e4t Tassen 10 in 6 min.<\/li>\n<li>Br\u00fchzeit (min) 5 &#8211; 6<\/li>\n<li>Br\u00fchtemperatur 92\u00b0 &#8211; 96\u00b0C<\/li>\n<li>Warmhaltetemperatur 80\u00b0-85\u00b0<\/li>\n<li>Leistung 1520 W<\/li>\n<li>Filtert\u00fcten Gr\u00f6\u00dfe 4<\/li>\n<li>Funktionen: Funktionen: AO = Automatische Abschaltfunktion nach 20 Minuten, Mixing-Lid, Filterhalter mit automatischer Tropfstop, manuell regulierbare Warmhalteplatte (20 und 50 W auch f\u00fcr kleine Mengen Kaffee)<\/li>\n<li>Abmessungen: H\u00f6he 360 mm \/ Breite 320 mm \/ Tiefe\u00a0170 mm<\/li>\n<\/ul>\n<p><strong>Weitere Farben sind auf Anfrage erh\u00e4ltlich!<br \/>\nPassende Filtert\u00fcten gibt es <a title=\"MOCCAMASTER KAFFEEFILTER WEISS NR. 4\" href=\"https:\/\/www.hotroastedlove.de\/hrl\/produkt\/moccamaster-kaffeefilter-weiss-nr-4\/\">hier<\/a>.<br \/>\n<\/strong><\/p>\n<p>Gebrauchsanweisung als <a title=\"Gebrauchanweisung als PDF\" href=\"http:\/\/www.moccamaster.de\/files\/gebruiksaanwijzing\/gebrauchsanleitung_kaffeemaschine_741.pdf\" target=\"_blank\" rel=\"noopener noreferrer\">PDF zum Download<\/a><\/p>\n<p>[\/spb_text_block] [spb_single_image image=&#8220;12623&#8243; image_size=&#8220;full&#8220; frame=&#8220;glowframe&#8220; intro_animation=&#8220;none&#8220; full_width=&#8220;no&#8220; lightbox=&#8220;yes&#8220; link_target=&#8220;_self&#8220; width=&#8220;1\/3&#8243; el_position=&#8220;last&#8220;]<\/p>\n","protected":false},"featured_media":20526,"template":"","meta":[],"product_cat":[194],"product_tag":[546,763,544,543,244],"_links":{"self":[{"href":"https:\/\/www.hotroastedlove.de\/hrl\/wp-json\/wp\/v2\/product\/15406"}],"collection":[{"href":"https:\/\/www.hotroastedlove.de\/hrl\/wp-json\/wp\/v2\/product"}],"about":[{"href":"https:\/\/www.hotroastedlove.de\/hrl\/wp-json\/wp\/v2\/types\/product"}],"wp:featuredmedia":[{"embeddable":true,"href":"https:\/\/www.hotroastedlove.de\/hrl\/wp-json\/wp\/v2\/media\/20526"}],"wp:attachment":[{"href":"https:\/\/www.hotroastedlove.de\/hrl\/wp-json\/wp\/v2\/media?parent=15406"}],"wp:term":[{"taxonomy":"product_cat","embeddable":true,"href":"https:\/\/www.hotroastedlove.de\/hrl\/wp-json\/wp\/v2\/product_cat?post=15406"},{"taxonomy":"product_tag","embeddable":true,"href":"https:\/\/www.hotroastedlove.de\/hrl\/wp-json\/wp\/v2\/product_tag?post=15406"}],"curies":[{"name":"wp","href":"https:\/\/api.w.org\/{rel}","templated":true}]}}