{"id":14290,"date":"2016-09-21T15:49:18","date_gmt":"2016-09-21T13:49:18","guid":{"rendered":"http:\/\/www.hotroastedlove.de\/hrl\/produkt\/coffeelovr-abo-filterkaffee\/"},"modified":"2024-06-09T17:04:09","modified_gmt":"2024-06-09T15:04:09","slug":"coffeelovr-abo-filterkaffee","status":"publish","type":"product","link":"https:\/\/www.hotroastedlove.de\/hrl\/produkt\/coffeelovr-abo-filterkaffee\/","title":{"rendered":"COFFEELOVR ABO &#8211; FILTERKAFFEE"},"content":{"rendered":"[spb_single_image image=&#8220;14298&#8243; image_size=&#8220;full&#8220; frame=&#8220;noframe&#8220; intro_animation=&#8220;none&#8220; full_width=&#8220;no&#8220; lightbox=&#8220;no&#8220; link_target=&#8220;_self&#8220; width=&#8220;1\/3&#8243; el_position=&#8220;first last&#8220;] [spb_column width=&#8220;1\/1&#8243; el_position=&#8220;first last&#8220;] [spb_text_block pb_margin_bottom=&#8220;no&#8220; pb_border_bottom=&#8220;no&#8220; width=&#8220;1\/1&#8243; el_position=&#8220;first last&#8220;]\n<p><strong><span style=\"font-size: 14pt;\">COFFEELOVR ABO &#8211; FILTERKAFFEE &#8211; Regelm\u00e4\u00dfig feinstes Koffein per Post!<br \/>\n<\/span><\/strong><\/p>\n<p>Mit dem COFFEELOVR ABO bekommst Du regelm\u00e4\u00dfig frisch ger\u00f6steten und direkt gehandelten Spezialit\u00e4tenkaffee zu Dir nach Hause geliefert.<br \/>\nImmer neue Sorten, L\u00e4nder, Geschm\u00e4cker, Aufbereitungen &#8211; mitunter auch Kaffees, die regul\u00e4r im Shop gar nicht erh\u00e4ltlich sind.<\/p>\n<p><strong>Du kannst Dein COFFEELOVR ABO aus den obigen Auswahloptionen wie folgt zusammenstellen:<\/strong><\/p>\n<p style=\"padding-left: 30px;\"><strong>6 Monate Kaffeeabo \/ jeden Monat 250g Spezialit\u00e4tenkaffee = 84.- Euro<\/strong><br \/>\n<strong>6 Monate Kaffeeabo \/ jeden Monat 500g Spezialit\u00e4tenkaffee = 138.- Euro<\/strong><\/p>\n<p style=\"padding-left: 30px;\"><strong>12 Monate Kaffeeabo \/ jeden Monat 250g Spezialit\u00e4tenkaffee = 168.- Euro<\/strong><br \/>\n<strong>12 Monate Kaffeeabo \/ jeden Monat 500g Spezialit\u00e4tenkaffee = 276.- Euro<\/strong><\/p>\n<p>Den Kaffee bekommst Du jeweils in der ersten Monatswoche geliefert. (Sp\u00e4testens bis zum 10ten des jeweiligen Monats.)<br \/>\nDas Abo wird versandkostenfrei versendet.<br \/>\n<strong>Und keine Sorge: Das COFFEELOVR ABO verl\u00e4ngert sich nicht automatisch und Du musst auch nichts k\u00fcndigen.<\/strong><\/p>\n<p>Du brauchst nach einmaliger Bestellung nur eins zu tun: genie\u00dfen!<\/p>\n[\/spb_text_block] [\/spb_column] [spb_single_image image=&#8220;14297&#8243; image_size=&#8220;full&#8220; frame=&#8220;noframe&#8220; intro_animation=&#8220;none&#8220; full_width=&#8220;no&#8220; lightbox=&#8220;no&#8220; link_target=&#8220;_self&#8220; width=&#8220;1\/1&#8243; el_position=&#8220;first last&#8220;] [blank_spacer height=&#8220;30px&#8220; width=&#8220;1\/1&#8243; el_position=&#8220;first last&#8220;]\n","protected":false},"excerpt":{"rendered":"<p>[spb_single_image image=&#8220;14298&#8243; image_size=&#8220;full&#8220; frame=&#8220;noframe&#8220; intro_animation=&#8220;none&#8220; full_width=&#8220;no&#8220; lightbox=&#8220;no&#8220; link_target=&#8220;_self&#8220; width=&#8220;1\/3&#8243; el_position=&#8220;first last&#8220;] [spb_column width=&#8220;1\/1&#8243; el_position=&#8220;first last&#8220;] [spb_text_block pb_margin_bottom=&#8220;no&#8220; pb_border_bottom=&#8220;no&#8220; width=&#8220;1\/1&#8243; el_position=&#8220;first last&#8220;]<\/p>\n<p><strong><span style=\"font-size: 14pt;\">COFFEELOVR ABO &#8211; FILTERKAFFEE &#8211; Regelm\u00e4\u00dfig feinstes Koffein per Post!<br \/>\n<\/span><\/strong><\/p>\n<p>Mit dem COFFEELOVR ABO bekommst Du regelm\u00e4\u00dfig frisch ger\u00f6steten und direkt gehandelten Spezialit\u00e4tenkaffee zu Dir nach Hause geliefert.<br \/>\nImmer neue Sorten, L\u00e4nder, Geschm\u00e4cker, Aufbereitungen &#8211; mitunter auch Kaffees, die regul\u00e4r im Shop gar nicht erh\u00e4ltlich sind.<\/p>\n<p><strong>Du kannst Dein COFFEELOVR ABO aus den obigen Auswahloptionen wie folgt zusammenstellen:<\/strong><\/p>\n<p style=\"padding-left: 30px;\"><strong>6 Monate Kaffeeabo \/ jeden Monat 250g Spezialit\u00e4tenkaffee = 74.- Euro<\/strong><br \/>\n<strong>6 Monate Kaffeeabo \/ jeden Monat 500g Spezialit\u00e4tenkaffee = 145.- Euro<\/strong><\/p>\n<p style=\"padding-left: 30px;\"><strong>12 Monate Kaffeeabo \/ jeden Monat 250g Spezialit\u00e4tenkaffee = 145.- Euro<\/strong><br \/>\n<strong>12 Monate Kaffeeabo \/ jeden Monat 500g Spezialit\u00e4tenkaffee = 287.- Euro<\/strong><\/p>\n<p>Den Kaffee bekommst Du jeweils in der ersten Monatswoche geliefert. Es fallen keine weiteren Versandkosten an.<br \/>\n<strong>Und keine Sorge: Das COFFEELOVR ABO verl\u00e4ngert sich nicht automatisch und Du musst auch nichts k\u00fcndigen.<\/strong><\/p>\n<p>Du brauchst nach einmaliger Bestellung nur eins zu tun: genie\u00dfen!<\/p>\n<p>Pssst&#8230;: Beim Kauf des 12-monatigen Abos legen wir Dir noch ein kleines Goodie mit ins erste Paket. :)<\/p>\n<p>[\/spb_text_block] [\/spb_column] [spb_single_image image=&#8220;14297&#8243; image_size=&#8220;full&#8220; frame=&#8220;noframe&#8220; intro_animation=&#8220;none&#8220; full_width=&#8220;no&#8220; lightbox=&#8220;no&#8220; link_target=&#8220;_self&#8220; width=&#8220;1\/1&#8243; el_position=&#8220;first last&#8220;] [blank_spacer height=&#8220;30px&#8220; width=&#8220;1\/1&#8243; el_position=&#8220;first last&#8220;]<\/p>\n","protected":false},"featured_media":14296,"template":"","meta":[],"product_cat":[20],"product_tag":[453,452,565,418,454],"_links":{"self":[{"href":"https:\/\/www.hotroastedlove.de\/hrl\/wp-json\/wp\/v2\/product\/14290"}],"collection":[{"href":"https:\/\/www.hotroastedlove.de\/hrl\/wp-json\/wp\/v2\/product"}],"about":[{"href":"https:\/\/www.hotroastedlove.de\/hrl\/wp-json\/wp\/v2\/types\/product"}],"wp:featuredmedia":[{"embeddable":true,"href":"https:\/\/www.hotroastedlove.de\/hrl\/wp-json\/wp\/v2\/media\/14296"}],"wp:attachment":[{"href":"https:\/\/www.hotroastedlove.de\/hrl\/wp-json\/wp\/v2\/media?parent=14290"}],"wp:term":[{"taxonomy":"product_cat","embeddable":true,"href":"https:\/\/www.hotroastedlove.de\/hrl\/wp-json\/wp\/v2\/product_cat?post=14290"},{"taxonomy":"product_tag","embeddable":true,"href":"https:\/\/www.hotroastedlove.de\/hrl\/wp-json\/wp\/v2\/product_tag?post=14290"}],"curies":[{"name":"wp","href":"https:\/\/api.w.org\/{rel}","templated":true}]}}