{"id":13544,"date":"2015-09-01T21:21:44","date_gmt":"2015-09-01T19:21:44","guid":{"rendered":"http:\/\/www.hotroastedlove.de\/hrl\/produkt\/kalita-wave-kaffeefilter\/"},"modified":"2025-05-06T14:34:00","modified_gmt":"2025-05-06T12:34:00","slug":"kalita-wave-kaffeefilter","status":"publish","type":"product","link":"https:\/\/www.hotroastedlove.de\/hrl\/produkt\/kalita-wave-kaffeefilter\/","title":{"rendered":"Kalita Wave Kaffeefilter"},"content":{"rendered":"[spb_text_block pb_margin_bottom=&#8220;no&#8220; pb_border_bottom=&#8220;no&#8220; width=&#8220;1\/2&#8243; el_position=&#8220;first&#8220;]\n<h3><strong><span style=\"font-size: 14pt;\">Kalita Wave 185 Handfilter aus Edelstahl<br \/>\n<\/span><\/strong><\/h3>\n<p>Raffinessen dieses Filters im Detail:<br \/>\n<span class=\"text\">Die professionellen Handfilter der Firma Kalita besitzen einen flachen Boden. Diese Konstruktion beg\u00fcnstigt eine gleichm\u00e4ssige Extraktion des Kaffeepulvers. Geeignet ist der Filter f\u00fcr den Aufguss von 2-4 Tassen, was ca.\u00a020-40g Kaffeepulver entspricht. <\/span><\/p>\n<p>Robust und elegant geht eben doch zusammen. Der Kalita Wave Filter passt auf alle Kannen der entsprechenden Serie.<\/p>\n<p><strong><span style=\"font-size: 14pt;\">Die Verwendung des Kalita Wave 185<br \/>\n<\/span><\/strong><\/p>\n<p>F\u00fcr den Edelstahlfilter gibt es passendes wellenartiges, wei\u00dfes Filterpapier (demn\u00e4chst) hier im Shop. Die Wellenform verhindert, dass Kaffeesedimente an den Filterr\u00e4ndern zur\u00fcck bleiben und der Wasserstrahl nicht mit dem Rand des Edelstahlfilters in Ber\u00fchrung kommt. Somit kann kein Wasser am Kaffee vorbeiflie\u00dfen. Das hochwertige japanische Papier gibt deutlich weniger Eigengeschmack an das Kaffeewasser ab, als konventionelle Papierfilter und f\u00fchrt zu einer klaren Tasse.<\/p>\n<p><strong>Beispielanwendung:<\/strong><\/p>\n<ol>\n<li>Frisches, kaltes (sauerstoffreiches) Wasser aus der Leitung aufkochen.<\/li>\n<li>Das Filterpapier in den Edelstahlfilter legen.<\/li>\n<li>Filterpapier mit hei\u00dfem Wasser durchsp\u00fclen.<\/li>\n<li>Frisch gemahlenen Kaffee (zwischen 20-40g) in das Filterpapier geben. Das Kaffeepulver sollte plan im Filter liegen.<\/li>\n<li>Pre-Infusion: Eine kleine Menge nicht mehr kochendes Wasser kreisf\u00f6rmig (von innen nach au\u00dfen) \u00fcber das Kaffeepulver gie\u00dfen.<\/li>\n<li>Ca. 25 Sekunden bloomen (quellen) lassen.<\/li>\n<li>Restliches Wasser langsam kreisend \u00fcber das Kaffeemehl geben, bis kurz unter den Filterrand.<\/li>\n<li>Durch stetiges kreisendes Nachgie\u00dfen den Pegelstand im Filter halten.<\/li>\n<li>Nach dem kompletten Durchlauf des Wassers, in ca. 02:30-3:30min, ist das feuchte Kaffeebett idealerweise ebenfalls plan.<\/li>\n<li>Den fertigen Kaffee schwenken, damit sich alle Aromen gut verteilen.<\/li>\n<\/ol>\n<p>Die ideale Trinktemperatur liegt bei ca. 58-60\u00b0C.<\/p>\n<p>* F\u00fcr m\u00f6glichst genaue Werte zum Abmessen von Kaffeemenge und Wasser eine digitale K\u00fcchenwaage verwenden.<\/p>\n[\/spb_text_block] [spb_single_image image=&#8220;12623&#8243; image_size=&#8220;full&#8220; frame=&#8220;glowframe&#8220; intro_animation=&#8220;none&#8220; full_width=&#8220;no&#8220; lightbox=&#8220;no&#8220; link_target=&#8220;_self&#8220; width=&#8220;1\/2&#8243; el_position=&#8220;last&#8220;]\n","protected":false},"excerpt":{"rendered":"<p>[spb_text_block pb_margin_bottom=&#8220;no&#8220; pb_border_bottom=&#8220;no&#8220; width=&#8220;1\/2&#8243; el_position=&#8220;first&#8220;]<\/p>\n<h3><strong><span style=\"font-size: 14pt;\">Kalita Wave 185 Handfilter aus Edelstahl<br \/>\n<\/span><\/strong><\/h3>\n<p>Raffinessen dieses Filters im Detail:<br \/>\n<span class=\"text\">Die professionellen Handfilter der Firma Kalita besitzen einen flachen Boden. Diese Konstruktion beg\u00fcnstigt eine gleichm\u00e4ssige Extraktion des Kaffeepulvers. Geeignet ist der Filter f\u00fcr den Aufguss von 2-4 Tassen, was ca.\u00a020-40g Kaffeepulver entspricht. <\/span><\/p>\n<p>Robust und elegant geht eben doch zusammen. Der Kalita Wave Filter passt auf alle Kannen der entsprechenden Serie.<\/p>\n<p><strong><span style=\"font-size: 14pt;\">Die Verwendung des Kalita Wave 185<br \/>\n<\/span><\/strong><\/p>\n<p>F\u00fcr den Edelstahlfilter gibt es passendes wellenartiges, wei\u00dfes Filterpapier (demn\u00e4chst) hier im Shop. Die Wellenform verhindert, dass Kaffeesedimente an den Filterr\u00e4ndern zur\u00fcck bleiben und der Wasserstrahl nicht mit dem Rand des Edelstahlfilters in Ber\u00fchrung kommt. Somit kann kein Wasser am Kaffee vorbeiflie\u00dfen. Das hochwertige japanische Papier gibt deutlich weniger Eigengeschmack an das Kaffeewasser ab, als konventionelle Papierfilter und f\u00fchrt zu einer klaren Tasse.<\/p>\n<p><strong>Beispielanwendung:<\/strong><\/p>\n<ol>\n<li>Frisches, kaltes (sauerstoffreiches) Wasser aus der Leitung aufkochen.<\/li>\n<li>Das Filterpapier in den Edelstahlfilter legen.<\/li>\n<li>Filterpapier mit hei\u00dfem Wasser durchsp\u00fclen.<\/li>\n<li>Frisch gemahlenen Kaffee (zwischen 20-40g) in das Filterpapier geben. Das Kaffeepulver sollte plan im Filter liegen.<\/li>\n<li>Pre-Infusion: Eine kleine Menge nicht mehr kochendes Wasser kreisf\u00f6rmig (von innen nach au\u00dfen) \u00fcber das Kaffeepulver gie\u00dfen.<\/li>\n<li>Ca. 25 Sekunden bloomen (quellen) lassen.<\/li>\n<li>Restliches Wasser langsam kreisend \u00fcber das Kaffeemehl geben, bis kurz unter den Filterrand.<\/li>\n<li>Durch stetiges kreisendes Nachgie\u00dfen den Pegelstand im Filter halten.<\/li>\n<li>Nach dem kompletten Durchlauf des Wassers, in ca. 03:00-4:00min, ist das feuchte Kaffeebett idealerweise ebenfalls plan.<\/li>\n<li>Den fertigen Kaffee schwenken, damit sich alle Aromen gut verteilen.<\/li>\n<\/ol>\n<p>Die ideale Trinktemperatur liegt bei ca. 58-60\u00b0C.<\/p>\n<p>* F\u00fcr m\u00f6glichst genaue Werte zum Abmessen von Kaffeemenge und Wasser eine digitale K\u00fcchenwaage verwenden.<\/p>\n<p>[\/spb_text_block] [spb_single_image image=&#8220;12623&#8243; image_size=&#8220;full&#8220; frame=&#8220;glowframe&#8220; intro_animation=&#8220;none&#8220; full_width=&#8220;no&#8220; lightbox=&#8220;no&#8220; link_target=&#8220;_self&#8220; width=&#8220;1\/2&#8243; el_position=&#8220;last&#8220;]<\/p>\n","protected":false},"featured_media":13541,"template":"","meta":[],"product_cat":[194],"product_tag":[297,294,236,295,296],"_links":{"self":[{"href":"https:\/\/www.hotroastedlove.de\/hrl\/wp-json\/wp\/v2\/product\/13544"}],"collection":[{"href":"https:\/\/www.hotroastedlove.de\/hrl\/wp-json\/wp\/v2\/product"}],"about":[{"href":"https:\/\/www.hotroastedlove.de\/hrl\/wp-json\/wp\/v2\/types\/product"}],"wp:featuredmedia":[{"embeddable":true,"href":"https:\/\/www.hotroastedlove.de\/hrl\/wp-json\/wp\/v2\/media\/13541"}],"wp:attachment":[{"href":"https:\/\/www.hotroastedlove.de\/hrl\/wp-json\/wp\/v2\/media?parent=13544"}],"wp:term":[{"taxonomy":"product_cat","embeddable":true,"href":"https:\/\/www.hotroastedlove.de\/hrl\/wp-json\/wp\/v2\/product_cat?post=13544"},{"taxonomy":"product_tag","embeddable":true,"href":"https:\/\/www.hotroastedlove.de\/hrl\/wp-json\/wp\/v2\/product_tag?post=13544"}],"curies":[{"name":"wp","href":"https:\/\/api.w.org\/{rel}","templated":true}]}}