{"id":13092,"date":"2019-10-13T15:41:19","date_gmt":"2019-10-13T13:41:19","guid":{"rendered":"http:\/\/www.hotroastedlove.de\/hrl\/produkt\/baratza-virtuoso\/"},"modified":"2024-01-05T16:59:10","modified_gmt":"2024-01-05T15:59:10","slug":"baratza-virtuoso","status":"publish","type":"product","link":"https:\/\/www.hotroastedlove.de\/hrl\/produkt\/baratza-virtuoso\/","title":{"rendered":"BARATZA VIRTUOSO+"},"content":{"rendered":"[spb_text_block pb_margin_bottom=&#8220;no&#8220; pb_border_bottom=&#8220;no&#8220; width=&#8220;1\/2&#8243; el_position=&#8220;first&#8220;]\n<p><strong><span style=\"font-size: 14pt;\">BARATZA VIRTUOSO+\u2122<br \/>\nAromaschonende semiprofessionelle Kaffeem\u00fchle<br \/>\n<\/span><\/strong><\/p>\n<p>Die Virtuoso+\u2122 ist die M\u00fchle f\u00fcr den Kaffeegeniesser mit gehobenem Anspruch.<\/p>\n<p>Das im Durchmesser 40mm konische Mahlwerk mit 40 Einstellm\u00f6glichkeiten erzeugt nur wenig \u201efines\u201c im Mahlergebnis und garantiert damit sehr gute Ergebnisse sowohl f\u00fcr Espresso als auch f\u00fcr alle anderen Br\u00fchmethoden, inbesondere French Press.<\/p>\n<p>Der Virtuoso+ verwendet ein effizientes Direktantriebsgetriebe, um die Leistung vom Motor auf den rotierende Kegelmahlwerk zu \u00fcbertragen. Eine thermische \u00dcberlastabschaltung sch\u00fctzt den Motor vor \u00dcberhitzung durch \u00fcberm\u00e4\u00dfigen Gebrauch &#8211; denken Sie daran, diese M\u00fchlen sind so konzipiert, dass sie eine Dosis nach der anderen f\u00fcr den Heimgebrauch mahlen!<\/p>\n<p>Der Motor wird von einer 40-Sekunden-Digitaluhr gesteuert, die auf die Zehntelsekunde einstellbar ist und eine wiederholbare Dosierung erm\u00f6glicht.<\/p>\n<p>Der leistungsstarke Gleichstrom-Motor in Verbindung mit der Kombination aus elektronischer Drehzahlregelung und Getriebeuntersetzung erm\u00f6glicht einen ger\u00e4uscharmen und trotzdem kraftvollen Mahlvorgang.<\/p>\n<p><strong><br \/>\nEignung f\u00fcr:<br \/>\n<\/strong>Espresso &#8211; sehr gut<br \/>\nBr\u00fchkaffee &#8211; sehr gut<\/p>\n<p><a title=\"Baratza Grinding Tipps\" href=\"https:\/\/www.baratza.com\/grinding-tips\/\" target=\"_blank\" rel=\"noopener noreferrer\">Baratza Grinding Tipps<\/a><a title=\"Bedienungsanleitung Baratza Virtuoso\" href=\"http:\/\/www.baratza.com\/wp-content\/uploads\/2016\/03\/manual-sette270w-de.pdf\" target=\"_blank\" rel=\"noopener noreferrer\"><br \/>\n<\/a><a title=\"Bedienungsanleitung Baratza Virtuoso\" href=\"https:\/\/baratza.com\/wp-content\/uploads\/2019\/02\/QSG-virtplus-v1-DE.pdf\" target=\"_blank\" rel=\"noopener noreferrer\">Bedienungsanleitung (Deutsch)<\/a><\/p>\n[\/spb_text_block] [spb_single_image image=&#8220;12623&#8243; image_size=&#8220;full&#8220; frame=&#8220;glowframe&#8220; intro_animation=&#8220;none&#8220; full_width=&#8220;no&#8220; lightbox=&#8220;yes&#8220; link_target=&#8220;_self&#8220; width=&#8220;1\/2&#8243; el_position=&#8220;last&#8220;]\n","protected":false},"excerpt":{"rendered":"<p>[spb_text_block pb_margin_bottom=&#8220;no&#8220; pb_border_bottom=&#8220;no&#8220; width=&#8220;1\/2&#8243; el_position=&#8220;first&#8220;]<\/p>\n<p><strong><span style=\"font-size: 14pt;\">BARATZA VIRTUOSO\u2122<br \/>\nAromaschonende semiprofessionelle Kaffeem\u00fchle<br \/>\n<\/span><\/strong><\/p>\n<p>Die Virtuoso\u2122 ist die M\u00fchle f\u00fcr den Kaffeegeniesser mit gehobenem Anspruch.<\/p>\n<p>Das Kegelmahlwerk (M2) mit 40 Einstellm\u00f6glichkeiten erzeugt nur wenig \u201efines\u201c im Mahlergebnis und garantiert damit sehr gute Ergebnisse sowohl f\u00fcr Espresso als auch f\u00fcr alle anderen Br\u00fchmethoden, inbesondere French Press.<\/p>\n<p>Die M\u00fchle ist mit einem 60 Sekunden Timer-Schalter ausgestattet, jeder Abschnitt des Timers entspricht 10 Sekunden Laufzeit. Mahlvorg\u00e4nge direkt in den Siebtr\u00e4ger k\u00f6nnen mit der Pulse-Taste an der Vorderseite ausgef\u00fchrt werden. Der leistungsstarke Gleichstrom-Motor in Verbindung mit der Kombination aus elektronischer Drehzahlregelung und Getriebeuntersetzung erm\u00f6glicht einen ger\u00e4uscharmen und trotzdem kraftvollen Mahlvorgang.<\/p>\n<p><strong><br \/>\nEignung f\u00fcr:<br \/>\n<\/strong>Espresso &#8211; sehr gut<br \/>\nBr\u00fchkaffee &#8211; sehr gut<\/p>\n<p><a title=\"Baratza Grinding Tipps\" href=\"https:\/\/www.baratza.com\/grinding-tips\/\">Baratza Grinding Tipps<\/a><a title=\"Bedienungsanleitung Baratza Virtuoso\" href=\"http:\/\/www.baratza.com\/wp-content\/uploads\/2016\/03\/manual-sette270w-de.pdf\" target=\"_blank\" rel=\"noopener noreferrer\"><br \/>\n<\/a><a title=\"Bedienungsanleitung Baratza Virtuoso\" href=\"http:\/\/www.baratza.com\/wp-content\/uploads\/2015\/07\/Virtuoso-Manual-DE-v2.2-SS.pdf\" target=\"_blank\" rel=\"noopener noreferrer\">Bedienungsanleitung (Deutsch)<\/a><a title=\"Youtube Video Baratza Encore vs. Baratza Virtuoso\" href=\"http:\/\/youtu.be\/UnuVTLzjzmg\" target=\"_blank\" rel=\"noopener noreferrer\"><br \/>\n<\/a><a href=\"http:\/\/youtu.be\/UnuVTLzjzmg\" target=\"_blank\" rel=\"noopener noreferrer\">Baratza Encoure vs. Baratza Virtuoso<\/a> <img decoding=\"async\" loading=\"lazy\" class=\" size-full wp-image-12660 alignnone\" src=\"https:\/\/www.hotroastedlove.de\/hrl\/wp-content\/uploads\/youtube_icon.png\" alt=\"youtube_icon\" width=\"49\" height=\"20\" \/><a title=\"Youtube Video Baratza Encore vs. Baratza Virtuoso\" href=\"http:\/\/youtu.be\/UnuVTLzjzmg\" target=\"_blank\" rel=\"noopener noreferrer\"><br \/>\n<\/a><\/p>\n<p>[\/spb_text_block] [spb_single_image image=&#8220;12623&#8243; image_size=&#8220;full&#8220; frame=&#8220;glowframe&#8220; intro_animation=&#8220;none&#8220; full_width=&#8220;no&#8220; lightbox=&#8220;yes&#8220; link_target=&#8220;_self&#8220; width=&#8220;1\/2&#8243; el_position=&#8220;last&#8220;]<\/p>\n","protected":false},"featured_media":17333,"template":"","meta":[],"product_cat":[194],"product_tag":[253,231,236,240,255,244,666],"_links":{"self":[{"href":"https:\/\/www.hotroastedlove.de\/hrl\/wp-json\/wp\/v2\/product\/13092"}],"collection":[{"href":"https:\/\/www.hotroastedlove.de\/hrl\/wp-json\/wp\/v2\/product"}],"about":[{"href":"https:\/\/www.hotroastedlove.de\/hrl\/wp-json\/wp\/v2\/types\/product"}],"wp:featuredmedia":[{"embeddable":true,"href":"https:\/\/www.hotroastedlove.de\/hrl\/wp-json\/wp\/v2\/media\/17333"}],"wp:attachment":[{"href":"https:\/\/www.hotroastedlove.de\/hrl\/wp-json\/wp\/v2\/media?parent=13092"}],"wp:term":[{"taxonomy":"product_cat","embeddable":true,"href":"https:\/\/www.hotroastedlove.de\/hrl\/wp-json\/wp\/v2\/product_cat?post=13092"},{"taxonomy":"product_tag","embeddable":true,"href":"https:\/\/www.hotroastedlove.de\/hrl\/wp-json\/wp\/v2\/product_tag?post=13092"}],"curies":[{"name":"wp","href":"https:\/\/api.w.org\/{rel}","templated":true}]}}