{"id":12677,"date":"2014-11-22T15:57:42","date_gmt":"2014-11-22T14:57:42","guid":{"rendered":"http:\/\/www.hotroastedlove.de\/hrl\/produkt\/hario-mill-kaffeemuehle\/"},"modified":"2025-12-08T16:40:23","modified_gmt":"2025-12-08T15:40:23","slug":"hario-mill-kaffeemuehle","status":"publish","type":"product","link":"https:\/\/www.hotroastedlove.de\/hrl\/produkt\/hario-mill-kaffeemuehle\/","title":{"rendered":"HARIO MINI MILL PLUS KAFFEEM\u00dcHLE"},"content":{"rendered":"[spb_text_block pb_margin_bottom=&#8220;no&#8220; pb_border_bottom=&#8220;no&#8220; width=&#8220;1\/2&#8243; el_position=&#8220;first&#8220;]\n<h3><strong><span style=\"font-size: 14pt;\">Hario Mini Mill Kaffeem\u00fchle<br \/>\n<\/span><\/strong><\/h3>\n<p>Auch unterwegs immer hocharomatischen, frisch gemahlenen Kaffee genie\u00dfen \u2013 dank dem Leichtgewicht unter den Qualit\u00e4tshandm\u00fchlen kein Problem. Auch als gute und g\u00fcnstige Einsteigerm\u00fchle f\u00fcr die gelegentliche Tasse Kaffee sehr gut geeignet. Die neue PLUS Variante der M\u00fchle besitzt ein stabiler gelagertes Mahlwerk f\u00fcr mehr Pr\u00e4zision.<\/p>\n<p><span style=\"font-size: 14pt;\"><strong>Z\u00fcgig arbeitendes Qualit\u00e4tsmahlwerk<\/strong><\/span><\/p>\n<p>Pro Tasse ben\u00f6tigt man ca. 30-40 Sekunden Handarbeit. Das stufenweise f\u00fcr Espresso- \u00fcber Filter- bis French-Press-Mahlgrade einstellbare Keramik-Kegelmahlwerk arbeitet pr\u00e4zise und verschlei\u00dffest. Das Mahlergebnis ist konsistent, und kann mit wesentlich teureren elektrischen M\u00fchlen mithalten.<br \/>\nDer Auffangbeh\u00e4lter fasst mindestens 24g Kaffee, und ist somit f\u00fcr gut zwei Tassen Kaffee in einem Mahlgang geeignet.<\/p>\n<p><span style=\"font-size: 14pt;\"><strong>Perfekter Reisebegleiter<\/strong><\/span><\/p>\n<p>Unterwegs spart die nur 18 cm hohe M\u00fchle mit 5 cm Durchmesser Platz, und ist im Verbund mit der Aerobie Aeropress das Traumgespann f\u00fcr Kaffeegenuss ohne Abstriche. Der Mahlgriff erfordert wenig Kraftaufwand und ist f\u00fcr den Transport platzsparend abnehmbar. Die Kunststoffausf\u00fchrung des Auffangbeh\u00e4lters macht sie zum bruchfesten Leichtgewicht.<\/p>\n<p><strong><span style=\"font-size: 14pt;\">Sehr einfache Reinigung<\/span> <\/strong><\/p>\n<p>Das Mahlwerk wird unter hei\u00dfem Wasser gereinigt, und wird daf\u00fcr einfach auseinandergeschraubt. <strong>Bitte nicht in die Sp\u00fclmaschine geben.<\/strong><\/p>\n[\/spb_text_block] [spb_single_image image=&#8220;12623&#8243; image_size=&#8220;full&#8220; frame=&#8220;glowframe&#8220; intro_animation=&#8220;none&#8220; full_width=&#8220;no&#8220; lightbox=&#8220;yes&#8220; link_target=&#8220;_self&#8220; width=&#8220;1\/2&#8243; el_position=&#8220;last&#8220;] [spb_video link=&#8220;https:\/\/youtu.be\/gIeLgpmvtis&#8220; full_width=&#8220;yes&#8220; width=&#8220;1\/1&#8243; el_position=&#8220;first last&#8220;]\n","protected":false},"excerpt":{"rendered":"<p>[spb_text_block pb_margin_bottom=&#8220;no&#8220; pb_border_bottom=&#8220;no&#8220; width=&#8220;1\/2&#8243; el_position=&#8220;first&#8220;]<\/p>\n<h3><strong><span style=\"font-size: 14pt;\">Hario Mini Mill Kaffeem\u00fchle<br \/>\n<\/span><\/strong><\/h3>\n<p>Auch unterwegs immer hocharomatischen, frisch gemahlenen Kaffee genie\u00dfen \u2013 dank dem Leichtgewicht unter den Qualit\u00e4tshandm\u00fchlen kein Problem. Auch als gute und g\u00fcnstige Einsteigerm\u00fchle f\u00fcr die gelegentliche Tasse Kaffee sehr gut geeignet. Die neue PLUS Variante der M\u00fchle besitzt ein stabiler gelagertes Mahlwerk f\u00fcr mehr Pr\u00e4zision.<\/p>\n<p><span style=\"font-size: 14pt;\"><strong>Z\u00fcgig arbeitendes Qualit\u00e4tsmahlwerk<\/strong><\/span><\/p>\n<p>Pro Tasse ben\u00f6tigt man ca. 30-40 Sekunden Handarbeit. Das stufenweise f\u00fcr Espresso- \u00fcber Filter- bis French-Press-Mahlgrade einstellbare Keramik-Kegelmahlwerk arbeitet pr\u00e4zise und verschlei\u00dffest. Das Mahlergebnis ist konsistent, und kann mit wesentlich teureren elektrischen M\u00fchlen mithalten.<br \/>\nDer Auffangbeh\u00e4lter fasst mindestens 24g Kaffee, und ist somit f\u00fcr gut zwei Tassen Kaffee in einem Mahlgang geeignet.<\/p>\n<p><span style=\"font-size: 14pt;\"><strong>Perfekter Reisebegleiter<\/strong><\/span><\/p>\n<p>Unterwegs spart die nur 18 cm hohe M\u00fchle mit 5 cm Durchmesser Platz, und ist im Verbund mit der Aerobie Aeropress das Traumgespann f\u00fcr Kaffeegenuss ohne Abstriche. Der Mahlgriff erfordert wenig Kraftaufwand und ist f\u00fcr den Transport platzsparend abnehmbar. Die Kunststoffausf\u00fchrung des Auffangbeh\u00e4lters macht sie zum bruchfesten Leichtgewicht.<\/p>\n<p><strong><span style=\"font-size: 14pt;\">Sehr einfache Reinigung<\/span> <\/strong><\/p>\n<p>Das Mahlwerk wird unter hei\u00dfem Wasser gereinigt, und wird daf\u00fcr einfach auseinandergeschraubt. <strong>Bitte nicht in die Sp\u00fclmaschine geben.<\/strong><\/p>\n<p>[\/spb_text_block] [spb_single_image image=&#8220;12623&#8243; image_size=&#8220;full&#8220; frame=&#8220;glowframe&#8220; intro_animation=&#8220;none&#8220; full_width=&#8220;no&#8220; lightbox=&#8220;yes&#8220; link_target=&#8220;_self&#8220; width=&#8220;1\/2&#8243; el_position=&#8220;last&#8220;] [spb_video link=&#8220;https:\/\/youtu.be\/gIeLgpmvtis&#8220; full_width=&#8220;yes&#8220; width=&#8220;1\/1&#8243; el_position=&#8220;first last&#8220;]<\/p>\n","protected":false},"featured_media":15686,"template":"","meta":[],"product_cat":[194],"product_tag":[232,240,242,243,556],"_links":{"self":[{"href":"https:\/\/www.hotroastedlove.de\/hrl\/wp-json\/wp\/v2\/product\/12677"}],"collection":[{"href":"https:\/\/www.hotroastedlove.de\/hrl\/wp-json\/wp\/v2\/product"}],"about":[{"href":"https:\/\/www.hotroastedlove.de\/hrl\/wp-json\/wp\/v2\/types\/product"}],"wp:featuredmedia":[{"embeddable":true,"href":"https:\/\/www.hotroastedlove.de\/hrl\/wp-json\/wp\/v2\/media\/15686"}],"wp:attachment":[{"href":"https:\/\/www.hotroastedlove.de\/hrl\/wp-json\/wp\/v2\/media?parent=12677"}],"wp:term":[{"taxonomy":"product_cat","embeddable":true,"href":"https:\/\/www.hotroastedlove.de\/hrl\/wp-json\/wp\/v2\/product_cat?post=12677"},{"taxonomy":"product_tag","embeddable":true,"href":"https:\/\/www.hotroastedlove.de\/hrl\/wp-json\/wp\/v2\/product_tag?post=12677"}],"curies":[{"name":"wp","href":"https:\/\/api.w.org\/{rel}","templated":true}]}}