{"id":12674,"date":"2014-11-22T13:53:19","date_gmt":"2014-11-22T12:53:19","guid":{"rendered":"http:\/\/www.hotroastedlove.de\/hrl\/produkt\/hario-v60-range-server\/"},"modified":"2026-02-22T12:11:03","modified_gmt":"2026-02-22T11:11:03","slug":"hario-v60-range-server","status":"publish","type":"product","link":"https:\/\/www.hotroastedlove.de\/hrl\/produkt\/hario-v60-range-server\/","title":{"rendered":"HARIO V60 RANGE SERVER"},"content":{"rendered":"[spb_text_block pb_margin_bottom=&#8220;no&#8220; pb_border_bottom=&#8220;no&#8220; width=&#8220;1\/2&#8243; el_position=&#8220;first&#8220;]\n<h3><strong><span style=\"font-size: 14pt;\">Hario V60 Range Server Clear<\/span><\/strong><\/h3>\n<p>Die Servierkanne der Firma Hario besitzt das typische Design der Hario V60 Serie. Die formsch\u00f6ne Glaskanne ist aus hitzebest\u00e4ndigem Glas und fasst 600ml bzw. 800ml fl\u00fcssigen Hot Roasted Love Kaffee ;-).<\/p>\n<p>Durch den zugeh\u00f6rigen Glasdeckel mit Silikonummantelung und das relativ dickwandige Glas beh\u00e4lt der Kaffee auch ohne zus\u00e4tzlich W\u00e4rmequelle lange eine ideale Trinktemperatur.<br \/>\n<strong>Die Servierkanne und der Deckel sind sp\u00fclmaschinenfest.<\/strong><\/p>\n<p>&nbsp;<\/p>\n<p>&nbsp;<\/p>\n[\/spb_text_block] [spb_single_image image=&#8220;12623&#8243; image_size=&#8220;full&#8220; frame=&#8220;glowframe&#8220; intro_animation=&#8220;none&#8220; full_width=&#8220;no&#8220; lightbox=&#8220;yes&#8220; link_target=&#8220;_self&#8220; width=&#8220;1\/2&#8243; el_position=&#8220;last&#8220;]\n","protected":false},"excerpt":{"rendered":"<p>[spb_text_block pb_margin_bottom=&#8220;no&#8220; pb_border_bottom=&#8220;no&#8220; width=&#8220;1\/2&#8243; el_position=&#8220;first&#8220;]<\/p>\n<h3><strong><span style=\"font-size: 14pt;\">Hario V60 Range Server Clear<\/span><\/strong><\/h3>\n<p>Die Servierkanne der Firma Hario besitzt das typische Design der Hario V60 Serie. Die formsch\u00f6ne Glaskanne ist aus hitzebest\u00e4ndigem Glas und fasst 600ml bzw. 800ml fl\u00fcssigen Hot Roasted Love Kaffee ;-).<\/p>\n<p>Durch den zugeh\u00f6rigen Glasdeckel mit Silikonummantelung und das relativ dickwandige Glas beh\u00e4lt der Kaffee auch ohne zus\u00e4tzlich W\u00e4rmequelle lange eine ideale Trinktemperatur.<br \/>\n<strong>Die Servierkanne und der Deckel sind sp\u00fclmaschinenfest.<\/strong><\/p>\n<p>&nbsp;<\/p>\n<p>&nbsp;<\/p>\n<p>[\/spb_text_block] [spb_single_image image=&#8220;12623&#8243; image_size=&#8220;full&#8220; frame=&#8220;glowframe&#8220; intro_animation=&#8220;none&#8220; full_width=&#8220;no&#8220; lightbox=&#8220;yes&#8220; link_target=&#8220;_self&#8220; width=&#8220;1\/2&#8243; el_position=&#8220;last&#8220;]<\/p>\n","protected":false},"featured_media":12694,"template":"","meta":[],"product_cat":[194],"product_tag":[238,236,232,244,239,233],"_links":{"self":[{"href":"https:\/\/www.hotroastedlove.de\/hrl\/wp-json\/wp\/v2\/product\/12674"}],"collection":[{"href":"https:\/\/www.hotroastedlove.de\/hrl\/wp-json\/wp\/v2\/product"}],"about":[{"href":"https:\/\/www.hotroastedlove.de\/hrl\/wp-json\/wp\/v2\/types\/product"}],"wp:featuredmedia":[{"embeddable":true,"href":"https:\/\/www.hotroastedlove.de\/hrl\/wp-json\/wp\/v2\/media\/12694"}],"wp:attachment":[{"href":"https:\/\/www.hotroastedlove.de\/hrl\/wp-json\/wp\/v2\/media?parent=12674"}],"wp:term":[{"taxonomy":"product_cat","embeddable":true,"href":"https:\/\/www.hotroastedlove.de\/hrl\/wp-json\/wp\/v2\/product_cat?post=12674"},{"taxonomy":"product_tag","embeddable":true,"href":"https:\/\/www.hotroastedlove.de\/hrl\/wp-json\/wp\/v2\/product_tag?post=12674"}],"curies":[{"name":"wp","href":"https:\/\/api.w.org\/{rel}","templated":true}]}}