{"id":12265,"date":"2014-09-29T17:05:32","date_gmt":"2014-09-29T15:05:32","guid":{"rendered":"http:\/\/www.hotroastedlove.de\/hrl\/?post_type=product&#038;p=12265"},"modified":"2022-04-28T18:05:52","modified_gmt":"2022-04-28T16:05:52","slug":"keramikfilter-hario-v60","status":"publish","type":"product","link":"https:\/\/www.hotroastedlove.de\/hrl\/produkt\/keramikfilter-hario-v60\/","title":{"rendered":"HARIO V60 KERAMIKFILTER"},"content":{"rendered":"[spb_text_block pb_margin_bottom=&#8220;no&#8220; pb_border_bottom=&#8220;no&#8220; width=&#8220;1\/2&#8243; el_position=&#8220;first&#8220;]\n<h3><strong><span style=\"font-size: 14pt;\">Der Aufbau des Hario V60<\/span><\/strong><\/h3>\n<p>Raffinessen dieses Filters im Detail:<br \/>\n<strong>V<\/strong> = Kegelform mit<br \/>\n<strong>60<\/strong> = 60\u00b0 Neigungswinkel (steiler als herk\u00f6mmliche Handfilter))<\/p>\n<p>Der Hario V60 Keramikfilter wirkt durch seine schlichte Gestaltung klassisch und stylisch zugleich.<br \/>\nEs gibt eine Boden\u00f6ffnung die deutlich gr\u00f6\u00dfer ist, als der Durchfluss beim traditionellen Melitta-Handfilter. Durch die bogenf\u00f6rmige und konisch zulaufende Wasserf\u00fchrung wird der Kaffee optimal und gleichm\u00e4\u00dfig extrahiert.<\/p>\n<p><strong><span style=\"font-size: 14pt;\">Die Verwendung des Hario V60<\/span><\/strong><\/p>\n<p>F\u00fcr den Porzellanfilter gibt es passendes sauerstoffgebleichtes, wei\u00dfes Filterpapier hier im Shop.<br \/>\nDieses ist geschmacksneutral, h\u00e4lt zuverl\u00e4ssig nicht gew\u00fcnschte Kaffeesedimente zur\u00fcck und f\u00fchrt zu einer klaren Tasse.<\/p>\n<p>&nbsp;<\/p>\n[\/spb_text_block] [spb_single_image image=&#8220;12623&#8243; image_size=&#8220;full&#8220; frame=&#8220;glowframe&#8220; intro_animation=&#8220;none&#8220; full_width=&#8220;no&#8220; lightbox=&#8220;no&#8220; link_target=&#8220;_self&#8220; width=&#8220;1\/2&#8243; el_position=&#8220;last&#8220;]\n","protected":false},"excerpt":{"rendered":"<p>[spb_text_block pb_margin_bottom=&#8220;no&#8220; pb_border_bottom=&#8220;no&#8220; width=&#8220;1\/2&#8243; el_position=&#8220;first&#8220;]<\/p>\n<h3><strong><span style=\"font-size: 14pt;\">Der Aufbau des Hario V60<\/span><\/strong><\/h3>\n<p>Raffinessen dieses Filters im Detail:<br \/>\n<strong>V<\/strong> = Kegelform mit<br \/>\n<strong>60<\/strong> = 60\u00b0 Neigungswinkel (steiler als herk\u00f6mmliche Handfilter))<\/p>\n<p>Der Hario V60 Keramikfilter wirkt durch seine schlichte Gestaltung klassisch und stylisch zugleich.<br \/>\nEs gibt eine Boden\u00f6ffnung die deutlich gr\u00f6\u00dfer ist, als der Durchfluss beim traditionellen Melitta-Handfilter. Durch die bogenf\u00f6rmige und konisch zulaufende Wasserf\u00fchrung wird der Kaffee optimal und gleichm\u00e4\u00dfig extrahiert.<\/p>\n<p><strong><span style=\"font-size: 14pt;\">Die Verwendung des Hario V60<\/span><\/strong><\/p>\n<p>F\u00fcr den Porzellanfilter gibt es passendes sauerstoffgebleichtes, wei\u00dfes Filterpapier hier im Shop.<br \/>\nDieses ist geschmacksneutral, h\u00e4lt zuverl\u00e4ssig nicht gew\u00fcnschte Kaffeesedimente zur\u00fcck und f\u00fchrt zu einer klaren Tasse.<\/p>\n<p>&nbsp;<\/p>\n<p>[\/spb_text_block] [spb_single_image image=&#8220;12623&#8243; image_size=&#8220;full&#8220; frame=&#8220;glowframe&#8220; intro_animation=&#8220;none&#8220; full_width=&#8220;no&#8220; lightbox=&#8220;no&#8220; link_target=&#8220;_self&#8220; width=&#8220;1\/2&#8243; el_position=&#8220;last&#8220;]<\/p>\n","protected":false},"featured_media":12621,"template":"","meta":[],"product_cat":[194],"product_tag":[236,232,235,233],"_links":{"self":[{"href":"https:\/\/www.hotroastedlove.de\/hrl\/wp-json\/wp\/v2\/product\/12265"}],"collection":[{"href":"https:\/\/www.hotroastedlove.de\/hrl\/wp-json\/wp\/v2\/product"}],"about":[{"href":"https:\/\/www.hotroastedlove.de\/hrl\/wp-json\/wp\/v2\/types\/product"}],"wp:featuredmedia":[{"embeddable":true,"href":"https:\/\/www.hotroastedlove.de\/hrl\/wp-json\/wp\/v2\/media\/12621"}],"wp:attachment":[{"href":"https:\/\/www.hotroastedlove.de\/hrl\/wp-json\/wp\/v2\/media?parent=12265"}],"wp:term":[{"taxonomy":"product_cat","embeddable":true,"href":"https:\/\/www.hotroastedlove.de\/hrl\/wp-json\/wp\/v2\/product_cat?post=12265"},{"taxonomy":"product_tag","embeddable":true,"href":"https:\/\/www.hotroastedlove.de\/hrl\/wp-json\/wp\/v2\/product_tag?post=12265"}],"curies":[{"name":"wp","href":"https:\/\/api.w.org\/{rel}","templated":true}]}}