{"id":26030,"date":"2025-08-01T16:44:02","date_gmt":"2025-08-01T14:44:02","guid":{"rendered":"https:\/\/www.hotroastedlove.de\/hrl\/newsletter-2\/"},"modified":"2025-08-02T16:48:16","modified_gmt":"2025-08-02T14:48:16","slug":"newsletter-2","status":"publish","type":"page","link":"https:\/\/www.hotroastedlove.de\/hrl\/newsletter-2\/","title":{"rendered":"NEWSLETTER HOT ROASTED LOVE"},"content":{"rendered":"[spb_text_block pb_margin_bottom=&#8220;no&#8220; pb_border_bottom=&#8220;no&#8220; width=&#8220;1\/1&#8243; el_position=&#8220;first last&#8220;]\n<h2 style=\"text-align: center;\">Frisch gebr\u00fcht: Unser Newsletter<\/h2>\n<p style=\"text-align: center;\">\nErhalte aufgeweckte Infos direkt in deine Mailbox<br \/>\n&#8211; garantiert ohne \u00dcberdosis.<\/p>\n<div class=\"tnp tnp-subscription \">\n<form method=\"post\" action=\"https:\/\/www.hotroastedlove.de\/hrl\/wp-admin\/admin-ajax.php?action=tnp&amp;na=s\">\n<input type=\"hidden\" name=\"nlang\" value=\"\">\n<div class=\"tnp-field tnp-field-email\"><label for=\"tnp-1\">E-Mail-Adresse<\/label>\n<input class=\"tnp-email\" type=\"email\" name=\"ne\" id=\"tnp-1\" value=\"\" placeholder=\"\" required><\/div>\n<div class=\"tnp-field tnp-privacy-field\"><label><input type=\"checkbox\" name=\"ny\" required class=\"tnp-privacy\"> <a target=\"_blank\" href=\"https:\/\/www.hotroastedlove.de\/hrl\/datenschutz\/\">Hiermit akzeptiere ich die Datenschutzbestimmungen<\/a><\/label><\/div><div class=\"tnp-field tnp-field-button\" style=\"text-align: left\"><input class=\"tnp-submit\" type=\"submit\" value=\"Abonnieren\" style=\"\">\n<\/div>\n<\/form>\n<\/div>\n\n<p>&nbsp;<\/p>\n<p style=\"text-align: center;\">Selbstverst\u00e4ndlich kannst Du Dich jederzeit auch wieder abmelden.<\/p>\n[\/spb_text_block]\n","protected":false},"excerpt":{"rendered":"<p>[spb_text_block pb_margin_bottom=&#8220;no&#8220; pb_border_bottom=&#8220;no&#8220; width=&#8220;1\/1&#8243; el_position=&#8220;first last&#8220;] Frisch gebr\u00fcht: Unser Newsletter Erhalte aufgeweckte Infos direkt in deine Mailbox &#8211; garantiert ohne \u00dcberdosis. &nbsp; Selbstverst\u00e4ndlich kannst Du Dich jederzeit auch wieder abmelden. [\/spb_text_block]<\/p>\n","protected":false},"author":29,"featured_media":0,"parent":0,"menu_order":0,"comment_status":"closed","ping_status":"closed","template":"","meta":[],"_links":{"self":[{"href":"https:\/\/www.hotroastedlove.de\/hrl\/wp-json\/wp\/v2\/pages\/26030"}],"collection":[{"href":"https:\/\/www.hotroastedlove.de\/hrl\/wp-json\/wp\/v2\/pages"}],"about":[{"href":"https:\/\/www.hotroastedlove.de\/hrl\/wp-json\/wp\/v2\/types\/page"}],"author":[{"embeddable":true,"href":"https:\/\/www.hotroastedlove.de\/hrl\/wp-json\/wp\/v2\/users\/29"}],"replies":[{"embeddable":true,"href":"https:\/\/www.hotroastedlove.de\/hrl\/wp-json\/wp\/v2\/comments?post=26030"}],"version-history":[{"count":12,"href":"https:\/\/www.hotroastedlove.de\/hrl\/wp-json\/wp\/v2\/pages\/26030\/revisions"}],"predecessor-version":[{"id":26045,"href":"https:\/\/www.hotroastedlove.de\/hrl\/wp-json\/wp\/v2\/pages\/26030\/revisions\/26045"}],"wp:attachment":[{"href":"https:\/\/www.hotroastedlove.de\/hrl\/wp-json\/wp\/v2\/media?parent=26030"}],"curies":[{"name":"wp","href":"https:\/\/api.w.org\/{rel}","templated":true}]}}