{"id":2184,"date":"2012-10-18T16:24:01","date_gmt":"2012-10-18T16:24:01","guid":{"rendered":"http:\/\/themes.swiftpsd.com\/pinpoint\/?page_id=2184"},"modified":"2025-08-02T16:56:38","modified_gmt":"2025-08-02T14:56:38","slug":"kontakt","status":"publish","type":"page","link":"https:\/\/www.hotroastedlove.de\/hrl\/kontakt\/","title":{"rendered":"KONTAKT"},"content":{"rendered":"[spb_row wrap_type=&#8220;full-width&#8220; row_bg_type=&#8220;image&#8220; bg_type=&#8220;cover&#8220; parallax_image_height=&#8220;content-height&#8220; parallax_image_movement=&#8220;fixed&#8220; parallax_image_speed=&#8220;0.5&#8243; parallax_video_height=&#8220;video-height&#8220; parallax_video_overlay=&#8220;none&#8220; row_overlay_opacity=&#8220;0&#8243; row_padding_vertical=&#8220;0&#8243; row_margin_vertical=&#8220;0&#8243; remove_element_spacing=&#8220;yes&#8220; width=&#8220;1\/1&#8243; el_position=&#8220;first last&#8220;] [spb_text_block pb_margin_bottom=&#8220;no&#8220; pb_border_bottom=&#8220;no&#8220; width=&#8220;1\/1&#8243; el_position=&#8220;first last&#8220;]\n<div class=\"BorlabsCookie _brlbs-cb-googlemaps\"><div class=\"_brlbs-content-blocker\"> <div class=\"_brlbs-embed _brlbs-google-maps\"> <img class=\"_brlbs-thumbnail\" src=\"https:\/\/www.hotroastedlove.de\/hrl\/wp-content\/plugins\/borlabs-cookie\/assets\/images\/cb-maps.png\" alt=\"Google Maps\"> <div class=\"_brlbs-caption\"> <p>Mit dem Laden der Karte akzeptieren Sie die Datenschutzerkl\u00e4rung von Google.<br><a href=\"https:\/\/policies.google.com\/privacy\" target=\"_blank\" rel=\"nofollow noopener noreferrer\">Mehr erfahren<\/a><\/p> <p><a class=\"_brlbs-btn\" href=\"#\" data-borlabs-cookie-unblock role=\"button\">Karte laden<\/a><\/p> <p><label><input type=\"checkbox\" name=\"unblockAll\" value=\"1\" checked> <small>Google Maps immer entsperren<\/small><\/label><\/p> <\/div> <\/div> <\/div><div class=\"borlabs-hide\" data-borlabs-cookie-type=\"content-blocker\" data-borlabs-cookie-id=\"googlemaps\"><script type=\"text\/template\">ICAgICAgICAgICAgPHNjcmlwdCB0eXBlPSJ0ZXh0L2phdmFzY3JpcHQiPg0KICAgICAgICAgICAgICAgIGpRdWVyeShkb2N1bWVudCkucmVhZHkoZnVuY3Rpb24gKCQpIHsNCiAgICAgICAgICAgICAgICAgICAgdmFyIHdnbV9tYXAgPSBuZXcgZ29vZ2xlLm1hcHMuTWFwKGRvY3VtZW50LmdldEVsZW1lbnRCeUlkKCJzcm1fZ21wX2VtYmVkXzEiKSwgew0KICAgICAgICAgICAgICAgICAgICAgICAgY2VudGVyOiBuZXcgZ29vZ2xlLm1hcHMuTGF0TG5nKDUyLjAxNTM2ODA3MDMzNzEsOC41MzkwODU3MDAwMDAwMDEpLA0KICAgICAgICAgICAgICAgICAgICAgICAgem9vbToxNSwNCiAgICAgICAgICAgICAgICAgICAgICAgIG1hcFR5cGVJZDogZ29vZ2xlLm1hcHMuTWFwVHlwZUlkLlJPQURNQVAsDQogICAgICAgICAgICAgICAgICAgICAgICBzY3JvbGx3aGVlbDogdHJ1ZSwNCiAgICAgICAgICAgICAgICAgICAgICAgIHpvb21Db250cm9sOiBmYWxzZSwNCiAgICAgICAgICAgICAgICAgICAgICAgIG1hcFR5cGVDb250cm9sOiBmYWxzZSwNCiAgICAgICAgICAgICAgICAgICAgICAgIHN0cmVldFZpZXdDb250cm9sOiB0cnVlLA0KICAgICAgICAgICAgICAgICAgICAgICAgZnVsbHNjcmVlbkNvbnRyb2w6IHRydWUsDQogICAgICAgICAgICAgICAgICAgICAgICBkcmFnZ2FibGU6IHRydWUsDQogICAgICAgICAgICAgICAgICAgICAgICBkaXNhYmxlRG91YmxlQ2xpY2tab29tOiBmYWxzZSwNCiAgICAgICAgICAgICAgICAgICAgICAgIHBhbkNvbnRyb2w6IGZhbHNlICAgICAgICAgICAgICAgICAgICB9KTsNCiAgICAgICAgICAgICAgICAgICAgdmFyIHdnbV90aGVtZV9qc29uID0gJ1t7ImZlYXR1cmVUeXBlIjoid2F0ZXIiLCJlbGVtZW50VHlwZSI6Imdlb21ldHJ5LmZpbGwiLCJzdHlsZXJzIjpbeyJjb2xvciI6IiNkM2QzZDMifV19LHsiZmVhdHVyZVR5cGUiOiJ0cmFuc2l0Iiwic3R5bGVycyI6W3siY29sb3IiOiIjODA4MDgwIn0seyJ2aXNpYmlsaXR5Ijoib2ZmIn1dfSx7ImZlYXR1cmVUeXBlIjoicm9hZC5oaWdod2F5IiwiZWxlbWVudFR5cGUiOiJnZW9tZXRyeS5zdHJva2UiLCJzdHlsZXJzIjpbeyJ2aXNpYmlsaXR5Ijoib24ifSx7ImNvbG9yIjoiI2IzYjNiMyJ9XX0seyJmZWF0dXJlVHlwZSI6InJvYWQuaGlnaHdheSIsImVsZW1lbnRUeXBlIjoiZ2VvbWV0cnkuZmlsbCIsInN0eWxlcnMiOlt7ImNvbG9yIjoiI2ZmZmZmZiJ9XX0seyJmZWF0dXJlVHlwZSI6InJvYWQubG9jYWwiLCJlbGVtZW50VHlwZSI6Imdlb21ldHJ5LmZpbGwiLCJzdHlsZXJzIjpbeyJ2aXNpYmlsaXR5Ijoib24ifSx7ImNvbG9yIjoiI2ZmZmZmZiJ9LHsid2VpZ2h0IjoxLjgwMDAwMDAwMDAwMDAwMDA0NDQwODkyMDk4NTAwNjI2MTYxNjk0NTI2NjcyMzYzMjgxMjV9XX0seyJmZWF0dXJlVHlwZSI6InJvYWQubG9jYWwiLCJlbGVtZW50VHlwZSI6Imdlb21ldHJ5LnN0cm9rZSIsInN0eWxlcnMiOlt7ImNvbG9yIjoiI2Q3ZDdkNyJ9XX0seyJmZWF0dXJlVHlwZSI6InBvaSIsImVsZW1lbnRUeXBlIjoiZ2VvbWV0cnkuZmlsbCIsInN0eWxlcnMiOlt7InZpc2liaWxpdHkiOiJvbiJ9LHsiY29sb3IiOiIjZWJlYmViIn1dfSx7ImZlYXR1cmVUeXBlIjoiYWRtaW5pc3RyYXRpdmUiLCJlbGVtZW50VHlwZSI6Imdlb21ldHJ5Iiwic3R5bGVycyI6W3siY29sb3IiOiIjYTdhN2E3In1dfSx7ImZlYXR1cmVUeXBlIjoicm9hZC5hcnRlcmlhbCIsImVsZW1lbnRUeXBlIjoiZ2VvbWV0cnkuZmlsbCIsInN0eWxlcnMiOlt7ImNvbG9yIjoiI2ZmZmZmZiJ9XX0seyJmZWF0dXJlVHlwZSI6InJvYWQuYXJ0ZXJpYWwiLCJlbGVtZW50VHlwZSI6Imdlb21ldHJ5LmZpbGwiLCJzdHlsZXJzIjpbeyJjb2xvciI6IiNmZmZmZmYifV19LHsiZmVhdHVyZVR5cGUiOiJsYW5kc2NhcGUiLCJlbGVtZW50VHlwZSI6Imdlb21ldHJ5LmZpbGwiLCJzdHlsZXJzIjpbeyJ2aXNpYmlsaXR5Ijoib24ifSx7ImNvbG9yIjoiI2VmZWZlZiJ9XX0seyJmZWF0dXJlVHlwZSI6InJvYWQiLCJlbGVtZW50VHlwZSI6ImxhYmVscy50ZXh0LmZpbGwiLCJzdHlsZXJzIjpbeyJjb2xvciI6IiM2OTY5NjkifV19LHsiZmVhdHVyZVR5cGUiOiJhZG1pbmlzdHJhdGl2ZSIsImVsZW1lbnRUeXBlIjoibGFiZWxzLnRleHQuZmlsbCIsInN0eWxlcnMiOlt7InZpc2liaWxpdHkiOiJvbiJ9LHsiY29sb3IiOiIjNzM3MzczIn1dfSx7ImZlYXR1cmVUeXBlIjoicG9pIiwiZWxlbWVudFR5cGUiOiJsYWJlbHMuaWNvbiIsInN0eWxlcnMiOlt7InZpc2liaWxpdHkiOiJvZmYifV19LHsiZmVhdHVyZVR5cGUiOiJwb2kiLCJlbGVtZW50VHlwZSI6ImxhYmVscyIsInN0eWxlcnMiOlt7InZpc2liaWxpdHkiOiJvZmYifV19LHsiZmVhdHVyZVR5cGUiOiJyb2FkLmFydGVyaWFsIiwiZWxlbWVudFR5cGUiOiJnZW9tZXRyeS5zdHJva2UiLCJzdHlsZXJzIjpbeyJjb2xvciI6IiNkNmQ2ZDYifV19LHsiZmVhdHVyZVR5cGUiOiJyb2FkIiwiZWxlbWVudFR5cGUiOiJsYWJlbHMuaWNvbiIsInN0eWxlcnMiOlt7InZpc2liaWxpdHkiOiJvZmYifV19LHt9LHsiZmVhdHVyZVR5cGUiOiJwb2kiLCJlbGVtZW50VHlwZSI6Imdlb21ldHJ5LmZpbGwiLCJzdHlsZXJzIjpbeyJjb2xvciI6IiNkYWRhZGEifV19XSc7DQogICAgICAgICAgICAgICAgICAgIGlmICh3Z21fdGhlbWVfanNvbi5sZW5ndGggPiAwKSB7DQogICAgICAgICAgICAgICAgICAgICAgICB3Z21fbWFwLnNldE9wdGlvbnMoe3N0eWxlczogSlNPTi5wYXJzZSh3Z21fdGhlbWVfanNvbil9KTsNCiAgICAgICAgICAgICAgICAgICAgfQ0KICAgICAgICAgICAgICAgICAgICAvLyBUbyB2aWV3IGRpcmVjdGlvbnMgZm9ybSBhbmQgZGF0YQ0KICAgICAgICAgICAgICAgICAgICAgICAgICAgICAgICAgICAgICAgIHZhciB3Z21fZGF0YV8xID0gew0KICAgICAgICAgICAgICAgICAgICAgICAgJ2FjdGlvbic6ICd3cGdtYXBlbWJlZF9wX2dldF9tYXJrZXJzX2J5X21hcF9pZCcsDQogICAgICAgICAgICAgICAgICAgICAgICAnZGF0YSc6IHsNCiAgICAgICAgICAgICAgICAgICAgICAgICAgICBtYXBfaWQ6ICcyMzAzNScsDQogICAgICAgICAgICAgICAgICAgICAgICAgICAgYWpheF9ub25jZTogJzM2ZjBlMmI2ZDUnDQogICAgICAgICAgICAgICAgICAgICAgICB9DQogICAgICAgICAgICAgICAgICAgIH07DQogICAgICAgICAgICAgICAgICAgIHZhciB3Z21fYWpheHVybF8xID0gJ2h0dHBzOi8vd3d3LmhvdHJvYXN0ZWRsb3ZlLmRlL2hybC93cC1hZG1pbi9hZG1pbi1hamF4LnBocCcNCiAgICAgICAgICAgICAgICAgICAgalF1ZXJ5LnBvc3Qod2dtX2FqYXh1cmxfMSwgd2dtX2RhdGFfMSwgZnVuY3Rpb24gKHJlc3BvbnNlKSB7DQogICAgICAgICAgICAgICAgICAgICAgICByZXNwb25zZSA9IEpTT04ucGFyc2UocmVzcG9uc2UpOw0KICAgICAgICAgICAgICAgICAgICAgICAgaWYgKHJlc3BvbnNlLm1hcmtlcnMubGVuZ3RoID09PSAxKSB7DQogICAgICAgICAgICAgICAgICAgICAgICAgICAgdmFyIHdnbV9tYXJrZXJfdG9fMSA9IHJlc3BvbnNlLm1hcmtlcnNbMF0ubWFya2VyX2Rlc2MucmVwbGFjZSgvJmd0Oy9nLCAnPicpLnJlcGxhY2UoLyZsdDsvZywgJzwnKTsNCiAgICAgICAgICAgICAgICAgICAgICAgICAgICBqUXVlcnkoJyNzcm1fZ21hcF90b18xJykudmFsKHdnbV9tYXJrZXJfdG9fMS5yZXBsYWNlKC8oPChbXj5dKyk+KS9naSwgIiIpKTsNCiAgICAgICAgICAgICAgICAgICAgICAgIH0NCiAgICAgICAgICAgICAgICAgICAgICAgIHZhciB3Z21fZGVmYXVsdF9tYXJrZXJfaWNvbl8xID0gJ2h0dHBzOi8vbWFwcy5nc3RhdGljLmNvbS9tYXBmaWxlcy9hcGktMy9pbWFnZXMvc3BvdGxpZ2h0LXBvaTIucG5nJzsNCiAgICAgICAgICAgICAgICAgICAgICAgIGlmIChyZXNwb25zZS5tYXJrZXJzLmxlbmd0aCA+IDApIHsNCiAgICAgICAgICAgICAgICAgICAgICAgICAgICB2YXIgY3VzdG9tX21hcmtlcnMgPSBbXTsNCiAgICAgICAgICAgICAgICAgICAgICAgICAgICB2YXIgY3VzdG9tX21hcmtlcl9pbmZvd2luZG93cyA9IFtdOw0KICAgICAgICAgICAgICAgICAgICAgICAgICAgIHJlc3BvbnNlLm1hcmtlcnMuZm9yRWFjaChmdW5jdGlvbiAod2dtX21hcmtlciwgaSkgew0KICAgICAgICAgICAgICAgICAgICAgICAgICAgICAgICB2YXIgd2dtX21hcmtlcl9sYXRfbG5nXzEgPSB3Z21fbWFya2VyLmxhdF9sbmcuc3BsaXQoJywnKTsNCiAgICAgICAgICAgICAgICAgICAgICAgICAgICAgICAgd2dtX2N1c3RvbV9tYXJrZXJfMSA9IG5ldyBnb29nbGUubWFwcy5NYXJrZXIoew0KICAgICAgICAgICAgICAgICAgICAgICAgICAgICAgICAgICAgcG9zaXRpb246IG5ldyBnb29nbGUubWFwcy5MYXRMbmcod2dtX21hcmtlcl9sYXRfbG5nXzFbMF0sIHdnbV9tYXJrZXJfbGF0X2xuZ18xWzFdKSwNCiAgICAgICAgICAgICAgICAgICAgICAgICAgICAgICAgICAgIHRpdGxlOiB3Z21fbWFya2VyLm1hcmtlcl9uYW1lLA0KICAgICAgICAgICAgICAgICAgICAgICAgICAgICAgICAgICAgYW5pbWF0aW9uOiBnb29nbGUubWFwcy5BbmltYXRpb24uRFJPUCwNCiAgICAgICAgICAgICAgICAgICAgICAgICAgICAgICAgICAgIGljb246ICh3Z21fbWFya2VyLmljb24gPT09ICcnKSA\/IHdnbV9kZWZhdWx0X21hcmtlcl9pY29uXzEgOiB3Z21fbWFya2VyLmljb24NCiAgICAgICAgICAgICAgICAgICAgICAgICAgICAgICAgfSk7DQogICAgICAgICAgICAgICAgICAgICAgICAgICAgICAgIGN1c3RvbV9tYXJrZXJzW2ldID0gd2dtX2N1c3RvbV9tYXJrZXJfMTsNCiAgICAgICAgICAgICAgICAgICAgICAgICAgICAgICAgd2dtX2N1c3RvbV9tYXJrZXJfMS5zZXRNYXAod2dtX21hcCk7DQogICAgICAgICAgICAgICAgICAgICAgICAgICAgICAgIHZhciB3Z21fbWFya2VyX25hbWVfMSA9ICh3Z21fbWFya2VyLm1hcmtlcl9uYW1lICE9PSBudWxsKSA\/ICgnPHNwYW4gY2xhc3M9ImluZm9fY29udGVudF90aXRsZSIgc3R5bGU9ImZvbnQtc2l6ZToxOHB4O2ZvbnQtd2VpZ2h0OiBib2xkO2ZvbnQtZmFtaWx5OiBBcmlhbDsiPicNCiAgICAgICAgICAgICAgICAgICAgICAgICAgICAgICAgICAgICsgd2dtX21hcmtlci5tYXJrZXJfbmFtZSArDQogICAgICAgICAgICAgICAgICAgICAgICAgICAgICAgICAgICAnPC9zcGFuPjxici8+JykgOiAnJzsNCiAgICAgICAgICAgICAgICAgICAgICAgICAgICAgICAgd2dtX21hcmtlci5tYXJrZXJfZGVzYyA9IHdnbV9tYXJrZXIubWFya2VyX2Rlc2MucmVwbGFjZSgvJmd0Oy9nLCAnPicpLnJlcGxhY2UoLyZsdDsvZywgJzwnKTsNCiAgICAgICAgICAgICAgICAgICAgICAgICAgICAgICAgY3VzdG9tX21hcmtlcl9pbmZvd2luZG93ID0gbmV3IGdvb2dsZS5tYXBzLkluZm9XaW5kb3coew0KICAgICAgICAgICAgICAgICAgICAgICAgICAgICAgICAgICAgY29udGVudDogd2dtX21hcmtlcl9uYW1lXzEgKyB3Z21fbWFya2VyLm1hcmtlcl9kZXNjDQogICAgICAgICAgICAgICAgICAgICAgICAgICAgICAgIH0pOw0KICAgICAgICAgICAgICAgICAgICAgICAgICAgICAgICBjdXN0b21fbWFya2VyX2luZm93aW5kb3dzW2ldID0gY3VzdG9tX21hcmtlcl9pbmZvd2luZG93Ow0KICAgICAgICAgICAgICAgICAgICAgICAgICAgICAgICBpZiAod2dtX21hcmtlci5zaG93X2Rlc2NfYnlfZGVmYXVsdCA9PT0gJzEnKSB7DQogICAgICAgICAgICAgICAgICAgICAgICAgICAgICAgICAgICBjdXN0b21fbWFya2VyX2luZm93aW5kb3cub3Blbih7DQogICAgICAgICAgICAgICAgICAgICAgICAgICAgICAgICAgICAgICAgYW5jaG9yOiB3Z21fY3VzdG9tX21hcmtlcl8xLA0KICAgICAgICAgICAgICAgICAgICAgICAgICAgICAgICAgICAgICAgIHNob3VsZEZvY3VzOiBmYWxzZQ0KICAgICAgICAgICAgICAgICAgICAgICAgICAgICAgICAgICAgfSk7DQogICAgICAgICAgICAgICAgICAgICAgICAgICAgICAgIH0gZWxzZSB7DQogICAgICAgICAgICAgICAgICAgICAgICAgICAgICAgICAgICBnb29nbGUubWFwcy5ldmVudC5hZGRMaXN0ZW5lcih3Z21fY3VzdG9tX21hcmtlcl8xLCAnY2xpY2snLCBmdW5jdGlvbiAoKSB7DQogICAgICAgICAgICAgICAgICAgICAgICAgICAgICAgICAgICAgICAgY3VzdG9tX21hcmtlcl9pbmZvd2luZG93c1tpXS5vcGVuKHsNCiAgICAgICAgICAgICAgICAgICAgICAgICAgICAgICAgICAgICAgICAgICAgYW5jaG9yOiBjdXN0b21fbWFya2Vyc1tpXSwNCiAgICAgICAgICAgICAgICAgICAgICAgICAgICAgICAgICAgICAgICAgICAgc2hvdWxkRm9jdXM6IGZhbHNlDQogICAgICAgICAgICAgICAgICAgICAgICAgICAgICAgICAgICAgICAgfSk7DQogICAgICAgICAgICAgICAgICAgICAgICAgICAgICAgICAgICB9KTsNCiAgICAgICAgICAgICAgICAgICAgICAgICAgICAgICAgfQ0KICAgICAgICAgICAgICAgICAgICAgICAgICAgICAgICBpZiAod2dtX21hcmtlci5oYXZlX21hcmtlcl9saW5rID09PSAnMScpIHsNCiAgICAgICAgICAgICAgICAgICAgICAgICAgICAgICAgICAgIGdvb2dsZS5tYXBzLmV2ZW50LmFkZExpc3RlbmVyKHdnbV9jdXN0b21fbWFya2VyXzEsICdjbGljaycsIGZ1bmN0aW9uICgpIHsNCiAgICAgICAgICAgICAgICAgICAgICAgICAgICAgICAgICAgICAgICB2YXIgd2dtX3RhcmdldCA9ICdfc2VsZic7DQogICAgICAgICAgICAgICAgICAgICAgICAgICAgICAgICAgICAgICAgaWYgKHdnbV9tYXJrZXIubWFya2VyX2xpbmtfbmV3X3RhYiA9PT0gJzEnKSB7DQogICAgICAgICAgICAgICAgICAgICAgICAgICAgICAgICAgICAgICAgICAgIHdnbV90YXJnZXQgPSAnX2JsYW5rJzsNCiAgICAgICAgICAgICAgICAgICAgICAgICAgICAgICAgICAgICAgICB9DQogICAgICAgICAgICAgICAgICAgICAgICAgICAgICAgICAgICAgICAgd2luZG93Lm9wZW4od2dtX21hcmtlci5tYXJrZXJfbGluaywgd2dtX3RhcmdldCk7DQogICAgICAgICAgICAgICAgICAgICAgICAgICAgICAgICAgICB9KTsNCiAgICAgICAgICAgICAgICAgICAgICAgICAgICAgICAgfQ0KICAgICAgICAgICAgICAgICAgICAgICAgICAgIH0pOw0KICAgICAgICAgICAgICAgICAgICAgICAgfQ0KICAgICAgICAgICAgICAgICAgICB9KTsNCiAgICAgICAgICAgICAgICB9KTsNCg0KICAgICAgICAgICAgPC9zY3JpcHQ+DQoNCiAgICAgICAgICAgIDxkaXYgaWQ9InNybV9nbXBfZW1iZWRfMSINCiAgICAgICAgICAgICAgICAgc3R5bGU9IndpZHRoOjEwMCUgIWltcG9ydGFudDtoZWlnaHQ6MzAwcHggICFpbXBvcnRhbnQ7ICI+DQogICAgICAgICAgICA8L2Rpdj4NCiAgICAgICAgICAgICAgICAgICAg<\/script><\/div><\/div>\n[\/spb_text_block] [\/spb_row] [blank_spacer height=&#8220;31px&#8220; width=&#8220;1\/1&#8243; el_position=&#8220;first last&#8220;] [spb_column width=&#8220;2\/3&#8243; el_position=&#8220;first&#8220;] [spb_raw_html width=&#8220;1\/1&#8243; el_position=&#8220;first last&#8220;] JTNDaDMlMjBjbGFzcyUzRCUyMm10MCUyMiUzRUFkcmVzc2UlM0MlMkZoMyUzRSUwQSUzQ2IlM0VIb3QlMjBSb2FzdGVkJTIwTG92ZSUyMCUzQyUyRmIlM0UlM0NiciUyMCUyRiUzRSUwQVIlQzMlQjZzdG1hbnVmYWt0dXIlMjBTLiUyMEthaXNlciUzQ2JyJTIwJTJGJTNFJTBBUm9ocnRlaWNoc3RyYSVDMyU5RmUlMjA1MSUyMCUzQ2JyJTIwJTJGJTNFJTBBMzM2MDIlMjBCaWVsZWZlbGQlMEElM0NiciUyMCUyRiUzRSUwQSUzQ2JyJTIwJTJGJTNFJTBBRW1haWwlM0ElMjAlM0NhJTIwaHJlZiUzRCUyMm1haWx0byUzQW1haWwlNDBob3Ryb2FzdGVkbG92ZS5kZSUzRnN1YmplY3QlM0QlNUJIUkwtS09OVEFLVCU1RCUyMiUzRW1haWwlNDBob3Ryb2FzdGVkbG92ZS5kZSUzQyUyRmElM0UlMjAlM0NiciUyMCUyRiUzRVRlbGVmb24lM0ElMjAwNTIxJTJGOTglMjA3MzglMjA0NzQ= [\/spb_raw_html] [spb_text_block pb_margin_bottom=&#8220;no&#8220; pb_border_bottom=&#8220;no&#8220; width=&#8220;1\/1&#8243; el_position=&#8220;first last&#8220;]\n<p><strong>R\u00f6sterei-Direktverkauf:<\/strong> freitags 16-19 Uhr<br \/>\nAu\u00dferhalb unserer \u00d6ffnungszeiten k\u00f6nnen Online-Bestellungen<br \/>\n\u00fcber unsere Click &amp; Collect Box abgeholt werden.<br \/>\nMehr Infos dazu gibts <a href=\"https:\/\/www.hotroastedlove.de\/hrl\/click-collect-die-abholbox\/\">hier<\/a>.<\/p>\n[\/spb_text_block] [\/spb_column] [spb_column width=&#8220;1\/3&#8243; el_position=&#8220;last&#8220;] [spb_text_block pb_margin_bottom=&#8220;no&#8220; pb_border_bottom=&#8220;no&#8220; width=&#8220;1\/1&#8243; el_position=&#8220;first last&#8220;]\n<h3>Soziale Netzwerke<\/h3>\n<ul class=\"social-icons large \">\n<li class=\"facebook\"><a href=\"https:\/\/www.facebook.com\/hotroastedlove\" target=\"_blank\"><i class=\"fab fa-facebook\"><\/i><i class=\"fab fa-facebook\"><\/i><\/a><\/li>\n<li class=\"youtube\"><a href=\"https:\/\/www.youtube.com\/user\/hotroastedlove\" target=\"_blank\"><i class=\"fab fa-youtube\"><\/i><i class=\"fab fa-youtube\"><\/i><\/a><\/li>\n<li class=\"pinterest\"><a href=\"http:\/\/www.pinterest.com\/hotroastedlove\/\" target=\"_blank\"><i class=\"fab fa-pinterest\"><\/i><i class=\"fab fa-pinterest\"><\/i><\/a><\/li>\n<li class=\"instagram\"><a href=\"http:\/\/instagram.com\/hotroastedlove\" target=\"_blank\"><i class=\"fab fa-instagram\"><\/i><i class=\"fab fa-instagram\"><\/i><\/a><\/li>\n<\/ul>\n\n[\/spb_text_block] [sidebar_widget sidebar_id=&#8220;sidebar-8&#8243; width=&#8220;1\/1&#8243; el_position=&#8220;first last&#8220;] [\/spb_column]<\/p>\n","protected":false},"excerpt":{"rendered":"<p>[spb_row wrap_type=&#8220;full-width&#8220; row_bg_type=&#8220;image&#8220; bg_type=&#8220;cover&#8220; parallax_image_height=&#8220;content-height&#8220; parallax_image_movement=&#8220;fixed&#8220; parallax_image_speed=&#8220;0.5&#8243; parallax_video_height=&#8220;video-height&#8220; parallax_video_overlay=&#8220;none&#8220; row_overlay_opacity=&#8220;0&#8243; row_padding_vertical=&#8220;0&#8243; row_margin_vertical=&#8220;0&#8243; remove_element_spacing=&#8220;yes&#8220; width=&#8220;1\/1&#8243; el_position=&#8220;first last&#8220;] [spb_text_block pb_margin_bottom=&#8220;no&#8220; pb_border_bottom=&#8220;no&#8220; width=&#8220;1\/1&#8243; el_position=&#8220;first last&#8220;] [\/spb_text_block] [\/spb_row] [blank_spacer height=&#8220;31px&#8220; width=&#8220;1\/1&#8243; el_position=&#8220;first last&#8220;] [spb_column width=&#8220;2\/3&#8243; el_position=&#8220;first&#8220;] [spb_raw_html width=&#8220;1\/1&#8243; el_position=&#8220;first last&#8220;] JTNDaDMlMjBjbGFzcyUzRCUyMm10MCUyMiUzRUFkcmVzc2UlM0MlMkZoMyUzRSUwQSUzQ2IlM0VIb3QlMjBSb2FzdGVkJTIwTG92ZSUyMCUzQyUyRmIlM0UlM0NiciUyMCUyRiUzRSUwQVIlQzMlQjZzdG1hbnVmYWt0dXIlMjBTLiUyMEthaXNlciUzQ2JyJTIwJTJGJTNFJTBBUm9ocnRlaWNoc3RyYSVDMyU5RmUlMjA1MSUyMCUzQ2JyJTIwJTJGJTNFJTBBMzM2MDIlMjBCaWVsZWZlbGQlMEElM0NiciUyMCUyRiUzRSUwQSUzQ2JyJTIwJTJGJTNFJTBBRW1haWwlM0ElMjAlM0NhJTIwaHJlZiUzRCUyMm1haWx0byUzQW1haWwlNDBob3Ryb2FzdGVkbG92ZS5kZSUzRnN1YmplY3QlM0QlNUJIUkwtS09OVEFLVCU1RCUyMiUzRW1haWwlNDBob3Ryb2FzdGVkbG92ZS5kZSUzQyUyRmElM0UlMjAlM0NiciUyMCUyRiUzRVRlbGVmb24lM0ElMjAwNTIxJTJGOTglMjA3MzglMjA0NzQ= [\/spb_raw_html] [spb_text_block pb_margin_bottom=&#8220;no&#8220; pb_border_bottom=&#8220;no&#8220; width=&#8220;1\/1&#8243; el_position=&#8220;first last&#8220;] R\u00f6sterei-Direktverkauf: freitags 16-19 Uhr Au\u00dferhalb unserer \u00d6ffnungszeiten k\u00f6nnen Online-Bestellungen \u00fcber unsere Click &amp; Collect Box abgeholt [&hellip;]<\/p>\n","protected":false},"author":29,"featured_media":0,"parent":0,"menu_order":0,"comment_status":"closed","ping_status":"closed","template":"","meta":[],"_links":{"self":[{"href":"https:\/\/www.hotroastedlove.de\/hrl\/wp-json\/wp\/v2\/pages\/2184"}],"collection":[{"href":"https:\/\/www.hotroastedlove.de\/hrl\/wp-json\/wp\/v2\/pages"}],"about":[{"href":"https:\/\/www.hotroastedlove.de\/hrl\/wp-json\/wp\/v2\/types\/page"}],"author":[{"embeddable":true,"href":"https:\/\/www.hotroastedlove.de\/hrl\/wp-json\/wp\/v2\/users\/29"}],"replies":[{"embeddable":true,"href":"https:\/\/www.hotroastedlove.de\/hrl\/wp-json\/wp\/v2\/comments?post=2184"}],"version-history":[{"count":80,"href":"https:\/\/www.hotroastedlove.de\/hrl\/wp-json\/wp\/v2\/pages\/2184\/revisions"}],"predecessor-version":[{"id":26058,"href":"https:\/\/www.hotroastedlove.de\/hrl\/wp-json\/wp\/v2\/pages\/2184\/revisions\/26058"}],"wp:attachment":[{"href":"https:\/\/www.hotroastedlove.de\/hrl\/wp-json\/wp\/v2\/media?parent=2184"}],"curies":[{"name":"wp","href":"https:\/\/api.w.org\/{rel}","templated":true}]}}