{"id":2,"date":"2014-02-14T15:48:03","date_gmt":"2014-02-14T15:48:03","guid":{"rendered":"http:\/\/www.hotroastedlove.de\/hrl\/?page_id=2"},"modified":"2016-05-23T17:12:43","modified_gmt":"2016-05-23T15:12:43","slug":"roestmanufaktur","status":"publish","type":"page","link":"https:\/\/www.hotroastedlove.de\/hrl\/roestmanufaktur\/","title":{"rendered":"R\u00d6STMANUFAKTUR"},"content":{"rendered":"[spb_single_image image=&#8220;13183&#8243; image_size=&#8220;full&#8220; frame=&#8220;noframe&#8220; intro_animation=&#8220;none&#8220; full_width=&#8220;no&#8220; lightbox=&#8220;yes&#8220; link_target=&#8220;_self&#8220; width=&#8220;1\/2&#8243; el_position=&#8220;first&#8220;] [spb_text_block pb_margin_bottom=&#8220;no&#8220; pb_border_bottom=&#8220;no&#8220; width=&#8220;1\/2&#8243; el_position=&#8220;last&#8220;]\n<p><strong><span style=\"font-size: 14pt;\">Hot Roasted Love, R\u00f6stmanufaktur in Bielefeld<\/span><\/strong><\/p>\n<p>Aus der Leidenschaft f\u00fcr richtig guten Kaffee ist eine kleine aber feine Mikro-Spezialit\u00e4tenr\u00f6sterei entstanden.<\/p>\n<p>Wir probieren und cuppen gerne neue Sorten und wechseln dazu unser Sortiment in unregelm\u00e4\u00dfigen Abst\u00e4nden.<br \/>\nHot Roasted Love r\u00f6stet eher hell, um den Charakter der einzelnen Herkunftsl\u00e4nder und die damit verbundenen Geschm\u00e4cker zu betonen.<\/p>\n<p>Berufung: Menschen mit hervorragendem Kaffee gl\u00fccklich zu machen. Und diesen m\u00f6glichst so zu handeln, dass vom Kaffeebauern bis zum Kunden alle einen gerechtfertigten Gegenwert bekommen.<\/p>\n<p>Ziel: Abwechslungsreiche Kaffees f\u00fcr Leute anzubieten, die wie wir die ganze Aromenvielfalt unterschiedlicher Kaffees lieben. Im Direktverkauf und per Onlineshop.<\/p>\n[\/spb_text_block] [spb_single_image image=&#8220;12293&#8243; image_size=&#8220;full&#8220; frame=&#8220;noframe&#8220; intro_animation=&#8220;none&#8220; full_width=&#8220;no&#8220; lightbox=&#8220;yes&#8220; link_target=&#8220;_self&#8220; width=&#8220;1\/2&#8243; el_position=&#8220;first&#8220;] [spb_text_block icon=&#8220;fa-coffee&#8220; pb_margin_bottom=&#8220;no&#8220; pb_border_bottom=&#8220;no&#8220; width=&#8220;1\/2&#8243; el_position=&#8220;last&#8220;]\n<blockquote><p>&#8222;Handgemachter Kaffee mit Leidenschaft.&#8220;<\/p><\/blockquote>\n<p>Permanent baut Hot Roasted Love die Spezialisierung auf ausgesprochen gute Rohkaffees und Fairness in der gesamten Produktionskette weiter aus und sucht dabei explizit den Austausch mit R\u00f6sterkollegen.<\/p>\n<p><span style=\"font-size: 10pt;\"><strong>Die HRL-Verpackung<br \/>\n<\/strong><\/span>Umweltschutz liegt mir am Herzen. Da ich nicht mehr Abfall als unbedingt n\u00f6tig in den Umweltkreislauf geben will, sind die Aromaschutzverpackungen f\u00fcr meine Kaffees aus Kraftpapier mit Barrierefolie \u2013 Made in Germany. Ohne Aluminium \u2013 so <strong>umweltfreundlich<\/strong> wie m\u00f6glich. F\u00fcr die spezielle Eigenschaft r\u00f6stfrischen Kaffees (das Ausgasen) sind sie mit einem Aromaschutzventil ausgestattet und mit Ziplock wiederverschlie\u00df- und -verwendbar.<\/p>\n<p>&nbsp;<\/p>\n[\/spb_text_block] [divider type=&#8220;thin&#8220; text=&#8220;Go to top&#8220; full_width=&#8220;no&#8220; width=&#8220;1\/1&#8243; el_position=&#8220;first last&#8220;] [spb_column width=&#8220;1\/2&#8243; el_position=&#8220;first&#8220;] [spb_single_image image=&#8220;14129&#8243; image_size=&#8220;full&#8220; frame=&#8220;noframe&#8220; intro_animation=&#8220;none&#8220; full_width=&#8220;no&#8220; lightbox=&#8220;yes&#8220; image_link=&#8220;http:\/\/www.vivaconagua.org\/&#8220; link_target=&#8220;_blank&#8220; width=&#8220;1\/1&#8243; el_position=&#8220;first last&#8220;] [\/spb_column] [spb_column width=&#8220;1\/2&#8243; el_position=&#8220;last&#8220;] [spb_text_block pb_margin_bottom=&#8220;no&#8220; pb_border_bottom=&#8220;no&#8220; width=&#8220;1\/1&#8243; el_position=&#8220;first last&#8220;]\n<p><strong>HOT ROASTED LOVE unterst\u00fctzt die Wasserinitiative VIVA CON AGUA!<\/strong><\/p>\n<p>Vom Kaffeeanbau bis zur aufgebr\u00fchten Tasse ben\u00f6tigt Kaffee viel frisches, reines Wasser. Viva con Agua ist ein\u00a0Netzwerk von Menschen und Organisationen, das sich f\u00fcr den weltweiten, menschenw\u00fcrdigen Zugang zu sauberem Trinkwasser einsetzt. Wasser ist die Grundlage allen Lebens und ein Menschenrecht. VIVA CON AGUA macht auf das globale Thema WASSER aufmerksam und sammelt gleichzeitig Spenden f\u00fcr Wasserprojekte als Partner der Welthungerhilfe. Als F\u00f6rdermitglied von VIVA CON AGUA leisten wir einen Beitrag dazu. Mehr \u00fcber Viva con Agua hier &gt; <a title=\"http:\/\/www.vivaconagua.org\/\" href=\"http:\/\/www.vivaconagua.org\/\" target=\"_blank\">vivaconagua.org<\/a><\/p>\n<p>&nbsp;<\/p>\n[\/spb_text_block] [\/spb_column] [divider type=&#8220;thin&#8220; text=&#8220;Go to top&#8220; full_width=&#8220;no&#8220; width=&#8220;1\/1&#8243; el_position=&#8220;first last&#8220;] [spb_single_image image=&#8220;12352&#8243; image_size=&#8220;full&#8220; frame=&#8220;noframe&#8220; intro_animation=&#8220;none&#8220; full_width=&#8220;no&#8220; lightbox=&#8220;yes&#8220; link_target=&#8220;_self&#8220; width=&#8220;1\/2&#8243; el_position=&#8220;first&#8220;] [spb_text_block pb_margin_bottom=&#8220;no&#8220; pb_border_bottom=&#8220;no&#8220; width=&#8220;1\/2&#8243; el_position=&#8220;last&#8220;]\n<p><strong>Auf dem Weg zur Er\u00f6ffnung hat die Startnext-Crowd geholfen.<\/strong><\/p>\n<p>Ein gro\u00dfer Dank geb\u00fchrt den Abo-Supportern der ersten Stunde:<br \/>\nLasse Rheingans, Dr. Felix Osterheider, Karen Wortmann, Serena Mieleck, Michael Branding und Petra Kolip.<br \/>\nDar\u00fcber hinaus ein Ehrensalut an: Norbert, Stefilicious, Pedro und der Ruempelstilzchen-Crew. Auch allen weiteren Supportern ein herzliches <strong>DANKESCH\u00d6N!<\/strong><\/p>\n[\/spb_text_block]\n","protected":false},"excerpt":{"rendered":"<p>[spb_single_image image=&#8220;13183&#8243; image_size=&#8220;full&#8220; frame=&#8220;noframe&#8220; intro_animation=&#8220;none&#8220; full_width=&#8220;no&#8220; lightbox=&#8220;yes&#8220; link_target=&#8220;_self&#8220; width=&#8220;1\/2&#8243; el_position=&#8220;first&#8220;] [spb_text_block pb_margin_bottom=&#8220;no&#8220; pb_border_bottom=&#8220;no&#8220; width=&#8220;1\/2&#8243; el_position=&#8220;last&#8220;] Hot Roasted Love, R\u00f6stmanufaktur in Bielefeld Aus der Leidenschaft f\u00fcr richtig guten Kaffee ist eine kleine aber feine Mikro-Spezialit\u00e4tenr\u00f6sterei entstanden. Wir probieren und cuppen gerne neue Sorten und wechseln dazu unser Sortiment in unregelm\u00e4\u00dfigen Abst\u00e4nden. Hot Roasted Love r\u00f6stet eher hell, um den Charakter der [&hellip;]<\/p>\n","protected":false},"author":29,"featured_media":12157,"parent":0,"menu_order":0,"comment_status":"closed","ping_status":"open","template":"","meta":[],"_links":{"self":[{"href":"https:\/\/www.hotroastedlove.de\/hrl\/wp-json\/wp\/v2\/pages\/2"}],"collection":[{"href":"https:\/\/www.hotroastedlove.de\/hrl\/wp-json\/wp\/v2\/pages"}],"about":[{"href":"https:\/\/www.hotroastedlove.de\/hrl\/wp-json\/wp\/v2\/types\/page"}],"author":[{"embeddable":true,"href":"https:\/\/www.hotroastedlove.de\/hrl\/wp-json\/wp\/v2\/users\/29"}],"replies":[{"embeddable":true,"href":"https:\/\/www.hotroastedlove.de\/hrl\/wp-json\/wp\/v2\/comments?post=2"}],"version-history":[{"count":80,"href":"https:\/\/www.hotroastedlove.de\/hrl\/wp-json\/wp\/v2\/pages\/2\/revisions"}],"predecessor-version":[{"id":14132,"href":"https:\/\/www.hotroastedlove.de\/hrl\/wp-json\/wp\/v2\/pages\/2\/revisions\/14132"}],"wp:featuredmedia":[{"embeddable":true,"href":"https:\/\/www.hotroastedlove.de\/hrl\/wp-json\/wp\/v2\/media\/12157"}],"wp:attachment":[{"href":"https:\/\/www.hotroastedlove.de\/hrl\/wp-json\/wp\/v2\/media?parent=2"}],"curies":[{"name":"wp","href":"https:\/\/api.w.org\/{rel}","templated":true}]}}