{"id":12073,"date":"2014-02-21T17:29:26","date_gmt":"2014-02-21T16:29:26","guid":{"rendered":"http:\/\/www.hotroastedlove.de\/hrl\/agb\/"},"modified":"2025-08-04T15:49:18","modified_gmt":"2025-08-04T13:49:18","slug":"agb","status":"publish","type":"page","link":"https:\/\/www.hotroastedlove.de\/hrl\/agb\/","title":{"rendered":"AGB"},"content":{"rendered":"<p><span style=\"font-size: 14pt;\"><strong>Allgemeine Gesch\u00e4ftsbedingungen<\/strong><\/span><\/p>\n<p><strong>1.\u00a0Geltungsbereich<\/strong><\/p>\n<p>F\u00fcr alle Bestellungen \u00fcber unseren Online-Shop gelten die nachfolgenden AGB. Unser Online-Shop richtet sich ausschlie\u00dflich an Verbraucher.<\/p>\n<p>Verbraucher ist jede nat\u00fcrliche Person, die ein Rechtsgesch\u00e4ft zu Zwecken abschlie\u00dft, die \u00fcberwiegend weder ihrer gewerblichen noch ihrer selbst\u00e4ndigen beruflichen T\u00e4tigkeit zugerechnet werden k\u00f6nnen. Unternehmer ist eine nat\u00fcrliche oder juristische Person oder eine rechtsf\u00e4hige Personengesellschaft, die bei Abschluss eines Rechtsgesch\u00e4fts in Aus\u00fcbung ihrer gewerblichen oder selbst\u00e4ndigen beruflichen T\u00e4tigkeit handelt.<\/p>\n<p><strong>2.\u00a0Vertragspartner, Vertragsschluss, Korrekturm\u00f6glichkeiten<\/strong><\/p>\n<p>Der Kaufvertrag kommt zustande mit Hot Roasted Love &#8211; R\u00f6stmanufaktur S. Kaiser.<\/p>\n<p>Mit Einstellung der Produkte in den Online-Shop geben wir ein verbindliches Angebot zum Vertragsschluss \u00fcber diese Artikel ab. Sie k\u00f6nnen unsere Produkte zun\u00e4chst unverbindlich in den Warenkorb legen und Ihre Eingaben vor Absenden Ihrer verbindlichen Bestellung jederzeit korrigieren, indem Sie die hierf\u00fcr im Bestellablauf vorgesehenen und erl\u00e4uterten Korrekturhilfen nutzen. Der Vertrag kommt zustande, indem Sie durch Anklicken des Bestellbuttons das Angebot \u00fcber die im Warenkorb enthaltenen Waren annehmen. Unmittelbar nach dem Absenden der Bestellung erhalten Sie noch einmal eine Best\u00e4tigung per E-Mail.<\/p>\n<p><strong>3.\u00a0Vertragssprache, Vertragstextspeicherung<\/strong><\/p>\n<p>Die f\u00fcr den Vertragsschluss zur Verf\u00fcgung stehende Sprache ist Deutsch.<\/p>\n<p>Wir speichern den Vertragstext und senden Ihnen die Bestelldaten und unsere AGB in Textform zu. Den Vertragstext k\u00f6nnen Sie in unserem Kunden-Login einsehen.<\/p>\n<p><strong>4.\u00a0Lieferbedingungen<\/strong><\/p>\n<p>Zuz\u00fcglich zu den angegebenen Produktpreisen k\u00f6nnen noch Versandkosten anfallen. N\u00e4here Bestimmungen zu ggf. anfallenden Versandkosten erfahren Sie bei den Angeboten.<\/p>\n<p>Sie haben grunds\u00e4tzlich die M\u00f6glichkeit der Abholung bei Hot Roasted Love &#8211; R\u00f6stmanufaktur S. Kaiser, Rohrteichstra\u00dfe 51, 33602 Bielefeld, Deutschland zu den nachfolgend angegebenen Gesch\u00e4ftszeiten:Montag bis Freitag von 10 &#8211; 18 Uhr (nach Vereinbarung)<\/p>\n<p><strong>5.\u00a0Bezahlung<\/strong><\/p>\n<p>In unserem Shop stehen Ihnen grunds\u00e4tzlich die folgenden Zahlungsarten zur Verf\u00fcgung:<\/p>\n<p><strong>Vorkasse<\/strong><br \/>\nBei Auswahl der Zahlungsart Vorkasse nennen wir Ihnen unsere Bankverbindung in separater E-Mail und liefern die Ware nach Zahlungseingang.<\/p>\n<p><strong>PayPal<\/strong><br \/>\nIm Bestellprozess werden Sie auf die Webseite des Online-Anbieters PayPal weitergeleitet. Um den Rechnungsbetrag \u00fcber PayPal bezahlen zu k\u00f6nnen, m\u00fcssen Sie dort registriert sein bzw. sich erst registrieren, mit Ihren Zugangsdaten legitimieren und die Zahlungsanweisung an uns best\u00e4tigen. Nach Abgabe der Bestellung im Shop fordern wir PayPal zur Einleitung der Zahlungstransaktion auf.<br \/>\nDie Zahlungstransaktion wird durch PayPal unmittelbar danach automatisch durchgef\u00fchrt. Weitere Hinweise erhalten Sie beim Bestellvorgang.<\/p>\n<p><strong>6.\u00a0Eigentumsvorbehalt<\/strong><\/p>\n<p>Die Ware bleibt bis zur vollst\u00e4ndigen Bezahlung unser Eigentum.<\/p>\n<p><strong>7.\u00a0Gew\u00e4hrleistung und Garantien<\/strong><\/p>\n<p>Soweit nicht nachstehend ausdr\u00fccklich anders vereinbart, gilt das gesetzliche M\u00e4ngelhaftungsrecht.<br \/>\nBei gebrauchten Waren gilt: wenn der Mangel nach Ablauf eines Jahres ab Ablieferung der Ware auftritt, sind die M\u00e4ngelanspr\u00fcche ausgeschlossen. M\u00e4ngel, die innerhalb eines Jahres ab Ablieferung der Ware auftreten, k\u00f6nnen im Rahmen der gesetzlichen Verj\u00e4hrungsfrist von zwei Jahren ab Ablieferung der Ware geltend gemacht werden.<br \/>\nDie vorstehenden Einschr\u00e4nkungen und Fristverk\u00fcrzungen gelten nicht f\u00fcr Anspr\u00fcche aufgrund von Sch\u00e4den, die durch uns, unsere gesetzlichen Vertreter oder Erf\u00fcllungsgehilfen verursacht wurden<br \/>\n\u2022 bei Verletzung des Lebens, des K\u00f6rpers oder der Gesundheit<br \/>\n\u2022 bei vors\u00e4tzlicher oder grob fahrl\u00e4ssiger Pflichtverletzung sowie Arglist<br \/>\n\u2022 bei Verletzung wesentlicher Vertragspflichten, deren Erf\u00fcllung die ordnungsgem\u00e4\u00dfe Durchf\u00fchrung des Vertrages \u00fcberhaupt erst erm\u00f6glicht und auf deren Einhaltung der Vertragspartner regelm\u00e4\u00dfig vertrauen darf (Kardinalpflichten)<br \/>\n\u2022 im Rahmen eines Garantieversprechens, soweit vereinbart oder<br \/>\n\u2022 soweit der Anwendungsbereich des Produkthaftungsgesetzes er\u00f6ffnet ist.<br \/>\nInformationen zu gegebenenfalls geltenden zus\u00e4tzlichen Garantien und deren genaue Bedingungen finden Sie jeweils beim Produkt und auf besonderen Informationsseiten im Online-Shop.<\/p>\n<p><strong>8.\u00a0Haftung<\/strong><\/p>\n<p>F\u00fcr Anspr\u00fcche aufgrund von Sch\u00e4den, die durch uns, unsere gesetzlichen Vertreter oder Erf\u00fcllungsgehilfen verursacht wurden, haften wir stets unbeschr\u00e4nkt<br \/>\n\u2022 bei Verletzung des Lebens, des K\u00f6rpers oder der Gesundheit<br \/>\n\u2022 bei vors\u00e4tzlicher oder grob fahrl\u00e4ssiger Pflichtverletzung<br \/>\n\u2022 bei Garantieversprechen, soweit vereinbart, oder<br \/>\n\u2022 soweit der Anwendungsbereich des Produkthaftungsgesetzes er\u00f6ffnet ist.<br \/>\nBei Verletzung wesentlicher Vertragspflichten, deren Erf\u00fcllung die ordnungsgem\u00e4\u00dfe Durchf\u00fchrung des Vertrages \u00fcberhaupt erst erm\u00f6glicht und auf deren Einhaltung der Vertragspartner regelm\u00e4\u00dfig vertrauen darf, (Kardinalpflichten) durch leichte Fahrl\u00e4ssigkeit von uns, unseren gesetzlichen Vertretern oder Erf\u00fcllungsgehilfen ist die Haftung der H\u00f6he nach auf den bei Vertragsschluss vorhersehbaren Schaden begrenzt, mit dessen Entstehung typischerweise gerechnet werden muss.<br \/>\nIm \u00dcbrigen sind Anspr\u00fcche auf Schadensersatz ausgeschlossen.<\/p>\n<p><strong>9.\u00a0Streitbeilegung<\/strong><\/p>\n<p>Zur Teilnahme an einem Streitbeilegungsverfahren vor einer Verbraucherschlichtungsstelle sind wir nicht verpflichtet und nicht bereit.<\/p>\n<p><i><a title=\"AGB\" href=\"https:\/\/shop.trustedshops.com\/de\/rechtstexte\/\" target=\"_blank\" rel=\"noopener\">AGB<\/a> erstellt mit dem <a title=\"Trusted Shops\" href=\"https:\/\/shop.trustedshops.com\/de\/\" target=\"_blank\" rel=\"noopener\">Trusted Shops<\/a> Rechtstexter in Kooperation mit <a title=\"Wilde Beuger Solmecke Rechtsanw\u00e4lte\" href=\"https:\/\/www.wbs-law.de\/\" target=\"_blank\" rel=\"nofollow noopener\">Wilde Beuger Solmecke Rechtsanw\u00e4lte<\/a>.<\/i><\/p>\n","protected":false},"excerpt":{"rendered":"<p>Allgemeine Gesch\u00e4ftsbedingungen 1.\u00a0Geltungsbereich F\u00fcr alle Bestellungen \u00fcber unseren Online-Shop gelten die nachfolgenden AGB. Unser Online-Shop richtet sich ausschlie\u00dflich an Verbraucher. Verbraucher ist jede nat\u00fcrliche Person, die ein Rechtsgesch\u00e4ft zu Zwecken abschlie\u00dft, die \u00fcberwiegend weder ihrer gewerblichen noch ihrer selbst\u00e4ndigen beruflichen T\u00e4tigkeit zugerechnet werden k\u00f6nnen. Unternehmer ist eine nat\u00fcrliche oder juristische Person oder eine rechtsf\u00e4hige Personengesellschaft, die bei Abschluss eines Rechtsgesch\u00e4fts [&hellip;]<\/p>\n","protected":false},"author":29,"featured_media":0,"parent":0,"menu_order":0,"comment_status":"closed","ping_status":"open","template":"","meta":[],"_links":{"self":[{"href":"https:\/\/www.hotroastedlove.de\/hrl\/wp-json\/wp\/v2\/pages\/12073"}],"collection":[{"href":"https:\/\/www.hotroastedlove.de\/hrl\/wp-json\/wp\/v2\/pages"}],"about":[{"href":"https:\/\/www.hotroastedlove.de\/hrl\/wp-json\/wp\/v2\/types\/page"}],"author":[{"embeddable":true,"href":"https:\/\/www.hotroastedlove.de\/hrl\/wp-json\/wp\/v2\/users\/29"}],"replies":[{"embeddable":true,"href":"https:\/\/www.hotroastedlove.de\/hrl\/wp-json\/wp\/v2\/comments?post=12073"}],"version-history":[{"count":22,"href":"https:\/\/www.hotroastedlove.de\/hrl\/wp-json\/wp\/v2\/pages\/12073\/revisions"}],"predecessor-version":[{"id":26072,"href":"https:\/\/www.hotroastedlove.de\/hrl\/wp-json\/wp\/v2\/pages\/12073\/revisions\/26072"}],"wp:attachment":[{"href":"https:\/\/www.hotroastedlove.de\/hrl\/wp-json\/wp\/v2\/media?parent=12073"}],"curies":[{"name":"wp","href":"https:\/\/api.w.org\/{rel}","templated":true}]}}