{"id":12071,"date":"2014-02-21T17:29:26","date_gmt":"2014-02-21T16:29:26","guid":{"rendered":"http:\/\/www.hotroastedlove.de\/hrl\/zahlungsarten\/"},"modified":"2026-03-27T12:20:42","modified_gmt":"2026-03-27T11:20:42","slug":"zahlungsarten","status":"publish","type":"page","link":"https:\/\/www.hotroastedlove.de\/hrl\/zahlungsarten\/","title":{"rendered":"ZAHLUNGSARTEN"},"content":{"rendered":"[spb_text_block pb_margin_bottom=&#8220;no&#8220; pb_border_bottom=&#8220;no&#8220; width=&#8220;1\/1&#8243; el_position=&#8220;first last&#8220;]\n<p><span style=\"font-size: 14pt;\"><strong>Zahlungsarten<\/strong><\/span><\/p>\n<p>Wir bieten die nachfolgenden Zahlungsarten an. Suchen Sie sich einfach die f\u00fcr Sie optimale Zahlart aus. Die in den jeweiligen Angeboten angef\u00fchrten Preise stellen Endpreise dar. Sie beinhalten alle Preisbestandteile einschlie\u00dflich etwaig anfallender Steuern wie Mehrwertsteuer. Nur bei grenz\u00fcberschreitender Lieferung k\u00f6nnen im Einzelfall weitere Steuern (z.B. im Falle eines innergemeinschaftlichen Erwerbs) und\/oder Abgaben (z.B. Z\u00f6lle) von Ihnen zu zahlen sein, jedoch nicht an den Verk\u00e4ufer, sondern an die dort zust\u00e4ndigen Zoll- bzw. Steuerbeh\u00f6rden. Die anfallenden Liefer- und Versandkosten sind nicht im Kaufpreis enthalten, sie sind \u00fcber die Seite \u201eVersandkosten\u201c aufrufbar, werden im Laufe des Bestellvorganges gesondert ausgewiesen und sind von Ihnen zus\u00e4tzlich zu tragen.<\/p>\n[\/spb_text_block] [spb_column width=&#8220;1\/2&#8243; el_position=&#8220;first&#8220;] [spb_text_block pb_margin_bottom=&#8220;no&#8220; pb_border_bottom=&#8220;no&#8220; width=&#8220;1\/1&#8243; el_position=&#8220;first last&#8220;]\n<p><strong><em>PayPal<\/em><\/strong><br \/>\nNoch sicherer und schnell bezahlen mit ihrem PayPal-Konto.<br \/>\n(<a title=\"Mehr Informationen zur Zahlung mit Paypal\" href=\"https:\/\/www.paypal.com\/de\/webapps\/mpp\/features\" target=\"_blank\" rel=\"noopener\">Was ist Paypal?<\/a>)<\/p>\n<p><strong><em>Vorkasse<\/em><\/strong><br \/>\nBei der Auswahl Zahlung per Vorkasse \u00fcberweisen Sie den Gesamtbetrag Ihrer Bestellung auf folgendes Konto:<\/p>\n<p>Kreditinstitut: Consorsbank<br \/>\nKontoinhaber: R\u00f6stmanufaktur S. Kaiser<br \/>\nKontonummer: 8447214001<br \/>\nBLZ: 70120400<br \/>\nBIC: DABBDEMMXXX<br \/>\nIBAN:\u00a0DE21701204008447214001<\/p>\n<p><strong><em>Bar- oder Kartenzahlung bei Abholung<\/em><\/strong><br \/>\nSuchen Sie sich online Ihren Kaffee aus und holen Sie Ihre Bestellung immer freitags zwischen 16-19 Uhr bei uns ab:<\/p>\n<p>Hot Roasted Love &#8211; R\u00f6stmanufaktur S. Kaiser<br \/>\nRohrteichstra\u00dfe 51<br \/>\n33602 Bielefeld<\/p>\n<p>Sie haben zudem die M\u00f6glichkeit Ihre Bestellung online via Paypal oder Vorkasse vorab zu bezahlen und diese dann im Ladengesch\u00e4ft abzuholen oder unsere Click &amp; Collect Abholbox zu nutzen. W\u00e4hlen Sie dazu im Bestellvorgang die Shop-Option &#8222;Ladenabholung (Fr. 16-19 Uhr)&#8220; oder &#8222;Abholbox 24\/7&#8243; aus.<\/p>\n[\/spb_text_block] [\/spb_column] [spb_column width=&#8220;1\/2&#8243; el_position=&#8220;last&#8220;] [spb_text_block pb_margin_bottom=&#8220;no&#8220; pb_border_bottom=&#8220;no&#8220; width=&#8220;1\/1&#8243; el_position=&#8220;first last&#8220;]\n<p><span style=\"font-size: 14pt;\"><strong><span style=\"font-size: 12pt;\">Bestellen im Hot Roasted Love Shop<\/span><br \/>\n<\/strong><span style=\"font-size: 10pt;\">(Der Bestellungvorgang im Beispielvideo)<strong><br \/>\n<\/strong><\/span><\/span><\/p>\n[\/spb_text_block] [spb_video link=&#8220;https:\/\/youtu.be\/RVbNe3SN3H8&#8243; full_width=&#8220;no&#8220; width=&#8220;1\/1&#8243; el_position=&#8220;first last&#8220;] [\/spb_column]<\/p>\n","protected":false},"excerpt":{"rendered":"<p>[spb_text_block pb_margin_bottom=&#8220;no&#8220; pb_border_bottom=&#8220;no&#8220; width=&#8220;1\/1&#8243; el_position=&#8220;first last&#8220;] Zahlungsarten Wir bieten die nachfolgenden Zahlungsarten an. Suchen Sie sich einfach die f\u00fcr Sie optimale Zahlart aus. Die in den jeweiligen Angeboten angef\u00fchrten Preise stellen Endpreise dar. Sie beinhalten alle Preisbestandteile einschlie\u00dflich etwaig anfallender Steuern wie Mehrwertsteuer. Nur bei grenz\u00fcberschreitender Lieferung k\u00f6nnen im Einzelfall weitere Steuern (z.B. im Falle eines innergemeinschaftlichen Erwerbs) und\/oder Abgaben [&hellip;]<\/p>\n","protected":false},"author":29,"featured_media":0,"parent":0,"menu_order":0,"comment_status":"closed","ping_status":"closed","template":"","meta":[],"_links":{"self":[{"href":"https:\/\/www.hotroastedlove.de\/hrl\/wp-json\/wp\/v2\/pages\/12071"}],"collection":[{"href":"https:\/\/www.hotroastedlove.de\/hrl\/wp-json\/wp\/v2\/pages"}],"about":[{"href":"https:\/\/www.hotroastedlove.de\/hrl\/wp-json\/wp\/v2\/types\/page"}],"author":[{"embeddable":true,"href":"https:\/\/www.hotroastedlove.de\/hrl\/wp-json\/wp\/v2\/users\/29"}],"replies":[{"embeddable":true,"href":"https:\/\/www.hotroastedlove.de\/hrl\/wp-json\/wp\/v2\/comments?post=12071"}],"version-history":[{"count":27,"href":"https:\/\/www.hotroastedlove.de\/hrl\/wp-json\/wp\/v2\/pages\/12071\/revisions"}],"predecessor-version":[{"id":26800,"href":"https:\/\/www.hotroastedlove.de\/hrl\/wp-json\/wp\/v2\/pages\/12071\/revisions\/26800"}],"wp:attachment":[{"href":"https:\/\/www.hotroastedlove.de\/hrl\/wp-json\/wp\/v2\/media?parent=12071"}],"curies":[{"name":"wp","href":"https:\/\/api.w.org\/{rel}","templated":true}]}}